{"id":1237,"date":"2016-04-27T11:00:43","date_gmt":"2016-04-27T11:00:43","guid":{"rendered":"https:\/\/www.panoramictaormina.it\/pt-pt\/?page_id=1237"},"modified":"2022-04-18T10:53:34","modified_gmt":"2022-04-18T10:53:34","slug":"quartos","status":"publish","type":"page","link":"https:\/\/www.panoramictaormina.it\/pt-pt\/quartos\/","title":{"rendered":"Quartos"},"content":{"rendered":"<div class=\"wpb-content-wrapper\">[vc_row el_class=&#8221;biancogrigio&#8221;][vc_column][vc_empty_space][vc_column_text el_class=&#8221;introduzione&#8221;]\n<h3>Bem vinda<\/h3>\n<h2>Os Quartos<\/h2>\n[\/vc_column_text][\/vc_column][\/vc_row][vc_row el_class=&#8221;wrap txt-interno&#8221;][vc_column width=&#8221;1\/2&#8243;][vc_column_text]Com vista sobre a esplendorosa <strong>Baia di Isola Bella<\/strong>, os quartos do <strong>Panoramic Hotel de 4 estrelas<\/strong> de <strong>Taormina<\/strong> t\u00eam todos vista para o mar e oferecem-lhe a emo\u00e7\u00e3o de um <strong>panorama<\/strong> que nenhum outro <strong>hotel<\/strong> de <strong>Taormina<\/strong> est\u00e1 em posi\u00e7\u00e3o de lhe oferecer.<\/p>\n<p>Amplas <strong>janelas<\/strong> que deixam entrar livremente a luz exterior, <strong>decora\u00e7\u00f5es artesanais <\/strong>em madeira de b\u00e9tula que combinam magnificamente com cortinados elegantes, completam uma <strong>atmosfera<\/strong> encantadora, capaz de tornar a sua estada no <strong>Panoramic Hotel<\/strong> um momento deveras inesquec\u00edvel.<\/p>\n<p>Os quartos s\u00e3o completados por <strong>televis\u00e3o via sat\u00e9lite<\/strong> de plasma, liga\u00e7\u00e3o wi-fi em todo o hotel, <strong>telefone VOIP<\/strong>, ar condicionado\/aquecimento regul\u00e1veis, voice mail e pavimento em gr\u00e9s porcelanado, dividem-se em 14 triplos, 8 duplos (duplos ou twin) e um <strong>quarto family<\/strong> com \u00e1rea de noite e \u00e1rea de dia.[\/vc_column_text][\/vc_column][vc_column width=&#8221;1\/4&#8243;][vc_column_text]\n<h3>Confortos<\/h3>\n<ul>\n<li>Acessos para deficientes<\/li>\n<li>Com vista<\/li>\n<li>Com terra\u00e7o<\/li>\n<li>Telefone directo<\/li>\n<li>Internet ADSL Wi-fi<\/li>\n<li>Voice mail<\/li>\n<li>Televis\u00e3o LCD\/Plasma<\/li>\n<li>R\u00e1dio<\/li>\n<li>Bar-frigor\u00edfico<\/li>\n<li>Ar condicionado e aquecimento regul\u00e1veis<\/li>\n<li>N\u00e3o fumadores<\/li>\n<li>Fumadores<\/li>\n<\/ul>\n[\/vc_column_text][\/vc_column][vc_column width=&#8221;1\/4&#8243;][vc_column_text]\n<h3>Casa-de-banho<\/h3>\n<ul>\n<li>Duche \/ Banheira<\/li>\n<li>Tomada de electricidade<\/li>\n<li>Kit de cortesia<\/li>\n<li>Roup\u00e3o<\/li>\n<li>Secador de cabelo<\/li>\n<\/ul>\n[\/vc_column_text][\/vc_column][\/vc_row][vc_row full_width=&#8221;stretch_row_content_no_spaces&#8221; equal_height=&#8221;yes&#8221; content_placement=&#8221;middle&#8221; css=&#8221;.vc_custom_1460359635791{background-color: #e6e4d8 !important;}&#8221; el_class=&#8221;box-tipologie&#8221;][vc_column width=&#8221;1\/2&#8243;][vc_gallery type=&#8221;image_grid&#8221; images=&#8221;879,882,889,881&#8243; img_size=&#8221;full&#8221; el_class=&#8221;img-camere&#8221;][\/vc_column][vc_column width=&#8221;1\/2&#8243;][vc_column_text el_class=&#8221;txt-tipologie&#8221;]\n<h3>Os Quartos<\/h3>\n<h2>Duplo uso \u00fanico com vista mar<\/h2>\n<p>Os quartos duplos de uso individual do Panoramic Hotel convidam a relaxar: c\u00f3modos, confort\u00e1veis e com um design exclusivo.<\/p>\n<h4 class=\"reservations_desktop\"><a href=\"https:\/\/hotelpanoramichotel.beddy.io?lang=es\">Reservar<\/a><\/h4>\n<h4 class=\"reservations_mobile\"><a href=\"https:\/\/hotelpanoramichotel.beddy.io?lang=es\" target=\"_blank\" rel=\"noopener noreferrer\">Reservar<\/a><\/h4>\n[\/vc_column_text][\/vc_column][\/vc_row][vc_row full_width=&#8221;stretch_row_content_no_spaces&#8221; equal_height=&#8221;yes&#8221; content_placement=&#8221;middle&#8221; css=&#8221;.vc_custom_1460359646174{background-color: #dae1ef !important;}&#8221; el_class=&#8221;box-tipologie&#8221;][vc_column width=&#8221;1\/2&#8243;][vc_column_text el_class=&#8221;txt-tipologie&#8221;]\n<h3>Os Quartos<\/h3>\n<h2>Duplo com vista mar<\/h2>\n<p>Os nossos quartos duplos disp\u00f5em de duas camas de solteiro ou uma cama de casal. Possuem todos os confortos e servi\u00e7os necess\u00e1rios para que possa aproveitar ao m\u00e1ximo a sua estada em Taormina.<\/p>\n<h4 class=\"reservations_desktop\"><a href=\"https:\/\/hotelpanoramichotel.beddy.io?lang=es\">Reservar<\/a><\/h4>\n<h4 class=\"reservations_mobile\"><a href=\"https:\/\/hotelpanoramichotel.beddy.io?lang=es\" target=\"_blank\" rel=\"noopener noreferrer\">Reservar<\/a><\/h4>\n[\/vc_column_text][\/vc_column][vc_column width=&#8221;1\/2&#8243;][vc_gallery type=&#8221;image_grid&#8221; images=&#8221;896,897,898,899&#8243; img_size=&#8221;full&#8221; el_class=&#8221;img-camere&#8221;][\/vc_column][\/vc_row][vc_row full_width=&#8221;stretch_row_content_no_spaces&#8221; equal_height=&#8221;yes&#8221; content_placement=&#8221;middle&#8221; css=&#8221;.vc_custom_1460359691289{background-color: #ffffff !important;}&#8221; el_class=&#8221;box-tipologie&#8221;][vc_column width=&#8221;1\/2&#8243;][vc_gallery type=&#8221;image_grid&#8221; images=&#8221;904,905&#8243; img_size=&#8221;full&#8221; el_class=&#8221;img-camere&#8221;][\/vc_column][vc_column width=&#8221;1\/2&#8243;][vc_column_text el_class=&#8221;txt-tipologie&#8221;]\n<h3>Os Quartos<\/h3>\n<h2>Duplo Superior com vista mar<\/h2>\n<p>Os nossos quartos superiores s\u00e3o muito amplos, com efeito, disp\u00f5em de uma \u00e1rea de dormir com cama de casal e uma \u00e1rea de estar com um sof\u00e1 que se transforma em duas camas de solteiro. Duas casas de banho e duas varandas, ideais para quem procura o m\u00e1ximo de conforto.<\/p>\n<h4 class=\"reservations_desktop\"><a href=\"https:\/\/hotelpanoramichotel.beddy.io?lang=es\">Reservar<\/a><\/h4>\n<h4 class=\"reservations_mobile\"><a href=\"https:\/\/hotelpanoramichotel.beddy.io?lang=es\" target=\"_blank\" rel=\"noopener noreferrer\">Reservar<\/a><\/h4>\n[\/vc_column_text][\/vc_column][\/vc_row][vc_row full_width=&#8221;stretch_row_content_no_spaces&#8221; equal_height=&#8221;yes&#8221; content_placement=&#8221;middle&#8221; css=&#8221;.vc_custom_1460359699942{background-color: #e6e4d8 !important;}&#8221; el_class=&#8221;box-tipologie&#8221;][vc_column width=&#8221;1\/2&#8243;][vc_column_text el_class=&#8221;txt-tipologie&#8221;]\n<h3>Os Quartos<\/h3>\n<h2>Triplo com vista mar<\/h2>\n<p>Se procura espa\u00e7o para tr\u00eas h\u00f3spedes, os nossos quartos triplos encontram-se \u00e0 sua disposi\u00e7\u00e3o. Disp\u00f5em de tr\u00eas camas de solteiro ou, se preferir, de uma cama de casal e uma de solteiro. Indique as suas prefer\u00eancias no momento de efetuar a reserva.<\/p>\n<h4 class=\"reservations_desktop\"><a href=\"https:\/\/hotelpanoramichotel.beddy.io?lang=es\">Reservar<\/a><\/h4>\n<h4 class=\"reservations_mobile\"><a href=\"https:\/\/hotelpanoramichotel.beddy.io?lang=es\" target=\"_blank\" rel=\"noopener noreferrer\">Reservar<\/a><\/h4>\n[\/vc_column_text][\/vc_column][vc_column width=&#8221;1\/2&#8243;][vc_gallery type=&#8221;image_grid&#8221; images=&#8221;910,908,909,911&#8243; img_size=&#8221;full&#8221; el_class=&#8221;img-camere&#8221;][\/vc_column][\/vc_row][vc_row full_width=&#8221;stretch_row_content_no_spaces&#8221; equal_height=&#8221;yes&#8221; content_placement=&#8221;middle&#8221; css=&#8221;.vc_custom_1460359712773{background-color: #dae1ef !important;}&#8221; el_class=&#8221;box-tipologie&#8221;][vc_column width=&#8221;1\/2&#8243;][vc_gallery type=&#8221;image_grid&#8221; images=&#8221;913,912,914,915&#8243; img_size=&#8221;full&#8221; el_class=&#8221;img-camere&#8221;][\/vc_column][vc_column width=&#8221;1\/2&#8243;][vc_column_text el_class=&#8221;txt-tipologie&#8221;]\n<h3>Os Quartos<\/h3>\n<h2>Junior Suite<\/h2>\n<p>O quarto familiar tem 2 divis\u00f5es comunicantes divididas em \u00e1rea de estar e \u00e1rea de dormir e cada uma com a sua pr\u00f3pria casa de banho privada. A \u00e1rea de dormir disp\u00f5e de uma cama de casal, enquanto a \u00e1rea de estar disp\u00f5e de um sof\u00e1 que se transforma em duas camas de solteiro.<\/p>\n<h4 class=\"reservations_desktop\"><a href=\"https:\/\/hotelpanoramichotel.beddy.io?lang=es\">Reservar<\/a><\/h4>\n<h4 class=\"reservations_mobile\"><a href=\"https:\/\/hotelpanoramichotel.beddy.io?lang=es\" target=\"_blank\" rel=\"noopener noreferrer\">Reservar<\/a><\/h4>\n[\/vc_column_text][\/vc_column][\/vc_row][vc_row css=&#8221;.vc_custom_1460107789527{padding-top: 30px !important;padding-bottom: 30px !important;background-image: url(https:\/\/www.panoramictaormina.it\/wp-content\/uploads\/2013\/09\/bg_offerte-home.jpg?id=858) !important;background-position: center !important;background-repeat: no-repeat !important;background-size: cover !important;}&#8221; el_class=&#8221;box-offerte&#8221;][vc_column][vc_column_text el_class=&#8221;wrap&#8221;]\n<h3>Apenas para voc\u00ea<\/h3>\n<h2>Ofertas especiais<\/h2>\n<div class=\"gallery-view\"><div class=\"offer-package-4\"><div style=\"position:relative; margin-left:auto; margin-right:auto; overflow:hidden; width:px;\"><a href=\"https:\/\/www.panoramictaormina.it\/pt-pt\/offers\/boat-tour\/\"><img loading=\"lazy\" decoding=\"async\" width=\"210\" height=\"210\" src=\"https:\/\/www.panoramictaormina.it\/wp-content\/uploads\/2016\/04\/sicily-329092-210x210.jpg\" class=\"size-thumbnail\" alt=\"\" srcset=\"https:\/\/www.panoramictaormina.it\/wp-content\/uploads\/2016\/04\/sicily-329092-210x210.jpg 210w, https:\/\/www.panoramictaormina.it\/wp-content\/uploads\/2016\/04\/sicily-329092-150x150.jpg 150w, https:\/\/www.panoramictaormina.it\/wp-content\/uploads\/2016\/04\/sicily-329092-32x32.jpg 32w, https:\/\/www.panoramictaormina.it\/wp-content\/uploads\/2016\/04\/sicily-329092-128x128.jpg 128w, https:\/\/www.panoramictaormina.it\/wp-content\/uploads\/2016\/04\/sicily-329092-268x268.jpg 268w, https:\/\/www.panoramictaormina.it\/wp-content\/uploads\/2016\/04\/sicily-329092-500x500.jpg 500w\" sizes=\"auto, (max-width: 210px) 100vw, 210px\" \/><\/a><div class=\"background-offer-gallery\"><img decoding=\"async\" src=\"https:\/\/www.panoramictaormina.it\/wp-content\/uploads\/2013\/09\/bkg-white704.png\" \/>   <div class=\"highlight-text-gallery\"><a href=\"https:\/\/www.panoramictaormina.it\/pt-pt\/offers\/boat-tour\/\">Pacote<\/a><\/div><\/div><div class=\"background-tag-gallery\">\n                            <img decoding=\"async\" src=\"https:\/\/www.panoramictaormina.it\/wp-content\/uploads\/2013\/09\/package_icon.png\"><\/div><\/div><div class=\"original-price\"><\/div><div class=\"reducted-price\"><\/div><div class=\"clear\"><\/div><div class=\"offer_title\"><a href=\"https:\/\/www.panoramictaormina.it\/pt-pt\/offers\/boat-tour\/\">Boat Tour<\/a><\/div><div class=\"package-gallery\"><div><\/div><div><\/div><div><\/div><div><\/div><\/div><\/div><div class=\"offer-package-4\"><div style=\"position:relative; margin-left:auto; margin-right:auto; overflow:hidden; width:px;\"><a href=\"https:\/\/www.panoramictaormina.it\/pt-pt\/offers\/snorkeling-in-taormina\/\"><img loading=\"lazy\" decoding=\"async\" width=\"198\" height=\"198\" src=\"https:\/\/www.panoramictaormina.it\/wp-content\/uploads\/2016\/05\/31.jpg\" class=\"size-thumbnail\" alt=\"\" srcset=\"https:\/\/www.panoramictaormina.it\/wp-content\/uploads\/2016\/05\/31.jpg 198w, https:\/\/www.panoramictaormina.it\/wp-content\/uploads\/2016\/05\/31-150x150.jpg 150w, https:\/\/www.panoramictaormina.it\/wp-content\/uploads\/2016\/05\/31-32x32.jpg 32w, https:\/\/www.panoramictaormina.it\/wp-content\/uploads\/2016\/05\/31-64x64.jpg 64w, https:\/\/www.panoramictaormina.it\/wp-content\/uploads\/2016\/05\/31-128x128.jpg 128w\" sizes=\"auto, (max-width: 198px) 100vw, 198px\" \/><\/a><div class=\"background-offer-gallery\"><img decoding=\"async\" src=\"https:\/\/www.panoramictaormina.it\/wp-content\/uploads\/2013\/09\/bkg-white704.png\" \/>   <div class=\"highlight-text-gallery\"><a href=\"https:\/\/www.panoramictaormina.it\/pt-pt\/offers\/snorkeling-in-taormina\/\">Pacote<\/a><\/div><\/div><div class=\"background-tag-gallery\">\n                            <img decoding=\"async\" src=\"https:\/\/www.panoramictaormina.it\/wp-content\/uploads\/2013\/09\/package_icon.png\"><\/div><\/div><div class=\"original-price\"><\/div><div class=\"reducted-price\"><\/div><div class=\"clear\"><\/div><div class=\"offer_title\"><a href=\"https:\/\/www.panoramictaormina.it\/pt-pt\/offers\/snorkeling-in-taormina\/\">Snorkeling em Taormina<\/a><\/div><div class=\"package-gallery\"><div><\/div><div><\/div><div><\/div><div><\/div><\/div><\/div><div class=\"offer-package-4\"><div style=\"position:relative; margin-left:auto; margin-right:auto; overflow:hidden; width:px;\"><a href=\"https:\/\/www.panoramictaormina.it\/pt-pt\/offers\/wine-tasting-taormina\/\"><img loading=\"lazy\" decoding=\"async\" width=\"210\" height=\"186\" src=\"https:\/\/www.panoramictaormina.it\/wp-content\/uploads\/2016\/05\/2d3a0cda-37ba-4693-9088-116093cd54fa-210x186.jpg\" class=\"size-thumbnail\" alt=\"\" \/><\/a><div class=\"background-offer-gallery\"><img decoding=\"async\" src=\"https:\/\/www.panoramictaormina.it\/wp-content\/uploads\/2013\/09\/bkg-white704.png\" \/>   <div class=\"highlight-text-gallery\"><a href=\"https:\/\/www.panoramictaormina.it\/pt-pt\/offers\/wine-tasting-taormina\/\">Pacote<\/a><\/div><\/div><div class=\"background-tag-gallery\">\n                            <img decoding=\"async\" src=\"https:\/\/www.panoramictaormina.it\/wp-content\/uploads\/2013\/09\/package_icon.png\"><\/div><\/div><div class=\"original-price\"><\/div><div class=\"reducted-price\"><\/div><div class=\"clear\"><\/div><div class=\"offer_title\"><a href=\"https:\/\/www.panoramictaormina.it\/pt-pt\/offers\/wine-tasting-taormina\/\">Wine tasting in Taormina<\/a><\/div><div class=\"package-gallery\"><div><\/div><div><\/div><div><\/div><div><\/div><\/div><\/div><\/div>\n<h4><a href=\"https:\/\/www.panoramictaormina.it\/pt-pt\/ofertas-especiais\/\">Consulte a lista completa<\/a><\/h4>\n[\/vc_column_text][\/vc_column][\/vc_row]\n<\/div>","protected":false},"excerpt":{"rendered":"<p>[vc_row el_class=&#8221;biancogrigio&#8221;][vc_column][vc_empty_space][vc_column_text el_class=&#8221;introduzione&#8221;] Bem vinda Os Quartos [\/vc_column_text][\/vc_column][\/vc_row][vc_row el_class=&#8221;wrap txt-interno&#8221;][vc_column width=&#8221;1\/2&#8243;][vc_column_text]Com vista sobre a esplendorosa Baia di Isola Bella, os quartos do Panoramic Hotel de 4 estrelas de Taormina t\u00eam todos vista para o mar e oferecem-lhe a emo\u00e7\u00e3o de um panorama que nenhum outro hotel de Taormina est\u00e1 em posi\u00e7\u00e3o de lhe oferecer. Amplas [&hellip;]<\/p>\n","protected":false},"author":30,"featured_media":0,"parent":0,"menu_order":0,"comment_status":"closed","ping_status":"closed","template":"","meta":{"_genesis_hide_title":false,"_genesis_hide_breadcrumbs":false,"_genesis_hide_singular_image":false,"_genesis_hide_footer_widgets":false,"_genesis_custom_body_class":"","_genesis_custom_post_class":"","_genesis_layout":"","footnotes":""},"class_list":{"0":"post-1237","1":"page","2":"type-page","3":"status-publish","5":"entry"},"yoast_head":"<!-- This site is optimized with the Yoast SEO plugin v25.7 - https:\/\/yoast.com\/wordpress\/plugins\/seo\/ -->\n<title>Quartos - Panoramic Hotel<\/title>\n<meta name=\"description\" content=\"4 estrelas Hotel Taormina com vista para Isola Bella e Capo Taormina na Sic\u00edlia.\" \/>\n<meta name=\"robots\" content=\"index, follow, max-snippet:-1, max-image-preview:large, max-video-preview:-1\" \/>\n<link rel=\"canonical\" href=\"https:\/\/www.panoramictaormina.it\/pt-pt\/quartos\/\" \/>\n<meta property=\"og:locale\" content=\"pt_PT\" \/>\n<meta property=\"og:type\" content=\"article\" \/>\n<meta property=\"og:title\" content=\"Quartos - Panoramic Hotel\" \/>\n<meta property=\"og:description\" content=\"4 estrelas Hotel Taormina com vista para Isola Bella e Capo Taormina na Sic\u00edlia.\" \/>\n<meta property=\"og:url\" content=\"https:\/\/www.panoramictaormina.it\/pt-pt\/quartos\/\" \/>\n<meta property=\"og:site_name\" content=\"Panoramic Hotel\" \/>\n<meta property=\"article:modified_time\" content=\"2022-04-18T10:53:34+00:00\" \/>\n<meta name=\"twitter:label1\" content=\"Tempo estimado de leitura\" \/>\n\t<meta name=\"twitter:data1\" content=\"4 minutos\" \/>\n<script type=\"application\/ld+json\" class=\"yoast-schema-graph\">{\"@context\":\"https:\/\/schema.org\",\"@graph\":[{\"@type\":\"WebPage\",\"@id\":\"https:\/\/www.panoramictaormina.it\/pt-pt\/quartos\/\",\"url\":\"https:\/\/www.panoramictaormina.it\/pt-pt\/quartos\/\",\"name\":\"Quartos - Panoramic Hotel\",\"isPartOf\":{\"@id\":\"https:\/\/www.panoramictaormina.it\/pt-pt\/#website\"},\"datePublished\":\"2016-04-27T11:00:43+00:00\",\"dateModified\":\"2022-04-18T10:53:34+00:00\",\"description\":\"4 estrelas Hotel Taormina com vista para Isola Bella e Capo Taormina na Sic\u00edlia.\",\"breadcrumb\":{\"@id\":\"https:\/\/www.panoramictaormina.it\/pt-pt\/quartos\/#breadcrumb\"},\"inLanguage\":\"pt-PT\",\"potentialAction\":[{\"@type\":\"ReadAction\",\"target\":[\"https:\/\/www.panoramictaormina.it\/pt-pt\/quartos\/\"]}]},{\"@type\":\"BreadcrumbList\",\"@id\":\"https:\/\/www.panoramictaormina.it\/pt-pt\/quartos\/#breadcrumb\",\"itemListElement\":[{\"@type\":\"ListItem\",\"position\":1,\"name\":\"Home\",\"item\":\"https:\/\/www.panoramictaormina.it\/pt-pt\/\"},{\"@type\":\"ListItem\",\"position\":2,\"name\":\"Quartos\"}]},{\"@type\":\"WebSite\",\"@id\":\"https:\/\/www.panoramictaormina.it\/pt-pt\/#website\",\"url\":\"https:\/\/www.panoramictaormina.it\/pt-pt\/\",\"name\":\"Panoramic Hotel\",\"description\":\"\",\"potentialAction\":[{\"@type\":\"SearchAction\",\"target\":{\"@type\":\"EntryPoint\",\"urlTemplate\":\"https:\/\/www.panoramictaormina.it\/pt-pt\/?s={search_term_string}\"},\"query-input\":{\"@type\":\"PropertyValueSpecification\",\"valueRequired\":true,\"valueName\":\"search_term_string\"}}],\"inLanguage\":\"pt-PT\"}]}<\/script>\n<!-- \/ Yoast SEO plugin. -->","yoast_head_json":{"title":"Quartos - Panoramic Hotel","description":"4 estrelas Hotel Taormina com vista para Isola Bella e Capo Taormina na Sic\u00edlia.","robots":{"index":"index","follow":"follow","max-snippet":"max-snippet:-1","max-image-preview":"max-image-preview:large","max-video-preview":"max-video-preview:-1"},"canonical":"https:\/\/www.panoramictaormina.it\/pt-pt\/quartos\/","og_locale":"pt_PT","og_type":"article","og_title":"Quartos - Panoramic Hotel","og_description":"4 estrelas Hotel Taormina com vista para Isola Bella e Capo Taormina na Sic\u00edlia.","og_url":"https:\/\/www.panoramictaormina.it\/pt-pt\/quartos\/","og_site_name":"Panoramic Hotel","article_modified_time":"2022-04-18T10:53:34+00:00","twitter_misc":{"Tempo estimado de leitura":"4 minutos"},"schema":{"@context":"https:\/\/schema.org","@graph":[{"@type":"WebPage","@id":"https:\/\/www.panoramictaormina.it\/pt-pt\/quartos\/","url":"https:\/\/www.panoramictaormina.it\/pt-pt\/quartos\/","name":"Quartos - Panoramic Hotel","isPartOf":{"@id":"https:\/\/www.panoramictaormina.it\/pt-pt\/#website"},"datePublished":"2016-04-27T11:00:43+00:00","dateModified":"2022-04-18T10:53:34+00:00","description":"4 estrelas Hotel Taormina com vista para Isola Bella e Capo Taormina na Sic\u00edlia.","breadcrumb":{"@id":"https:\/\/www.panoramictaormina.it\/pt-pt\/quartos\/#breadcrumb"},"inLanguage":"pt-PT","potentialAction":[{"@type":"ReadAction","target":["https:\/\/www.panoramictaormina.it\/pt-pt\/quartos\/"]}]},{"@type":"BreadcrumbList","@id":"https:\/\/www.panoramictaormina.it\/pt-pt\/quartos\/#breadcrumb","itemListElement":[{"@type":"ListItem","position":1,"name":"Home","item":"https:\/\/www.panoramictaormina.it\/pt-pt\/"},{"@type":"ListItem","position":2,"name":"Quartos"}]},{"@type":"WebSite","@id":"https:\/\/www.panoramictaormina.it\/pt-pt\/#website","url":"https:\/\/www.panoramictaormina.it\/pt-pt\/","name":"Panoramic Hotel","description":"","potentialAction":[{"@type":"SearchAction","target":{"@type":"EntryPoint","urlTemplate":"https:\/\/www.panoramictaormina.it\/pt-pt\/?s={search_term_string}"},"query-input":{"@type":"PropertyValueSpecification","valueRequired":true,"valueName":"search_term_string"}}],"inLanguage":"pt-PT"}]}},"publishpress_future_action":{"enabled":false,"date":"2026-05-07 12:24:28","action":"change-status","newStatus":"draft","terms":[],"taxonomy":"translation_priority","extraData":[]},"publishpress_future_workflow_manual_trigger":{"enabledWorkflows":[]},"_links":{"self":[{"href":"https:\/\/www.panoramictaormina.it\/pt-pt\/wp-json\/wp\/v2\/pages\/1237","targetHints":{"allow":["GET"]}}],"collection":[{"href":"https:\/\/www.panoramictaormina.it\/pt-pt\/wp-json\/wp\/v2\/pages"}],"about":[{"href":"https:\/\/www.panoramictaormina.it\/pt-pt\/wp-json\/wp\/v2\/types\/page"}],"author":[{"embeddable":true,"href":"https:\/\/www.panoramictaormina.it\/pt-pt\/wp-json\/wp\/v2\/users\/30"}],"replies":[{"embeddable":true,"href":"https:\/\/www.panoramictaormina.it\/pt-pt\/wp-json\/wp\/v2\/comments?post=1237"}],"version-history":[{"count":8,"href":"https:\/\/www.panoramictaormina.it\/pt-pt\/wp-json\/wp\/v2\/pages\/1237\/revisions"}],"predecessor-version":[{"id":2433,"href":"https:\/\/www.panoramictaormina.it\/pt-pt\/wp-json\/wp\/v2\/pages\/1237\/revisions\/2433"}],"wp:attachment":[{"href":"https:\/\/www.panoramictaormina.it\/pt-pt\/wp-json\/wp\/v2\/media?parent=1237"}],"curies":[{"name":"wp","href":"https:\/\/api.w.org\/{rel}","templated":true}]}}