{"id":1223,"date":"2016-04-27T09:45:23","date_gmt":"2016-04-27T09:45:23","guid":{"rendered":"https:\/\/www.panoramictaormina.it\/pt-pt\/?page_id=1223"},"modified":"2022-04-26T13:00:13","modified_gmt":"2022-04-26T13:00:13","slug":"home","status":"publish","type":"page","link":"https:\/\/www.panoramictaormina.it\/pt-pt\/","title":{"rendered":"Home"},"content":{"rendered":"<div class=\"wpb-content-wrapper\">[vc_row el_class=&#8221;payoff&#8221;][vc_column][vc_column_text]\n<h3>Hotel com vista para Isola Bella<\/h3>\n<h2>Right here, right now<\/h2>\n<h4><a href=\"https:\/\/www.panoramictaormina.it\/pt-pt\/onde-estamos\/\">Descubra porqu\u00ea<\/a><\/h4>\n[\/vc_column_text][\/vc_column][\/vc_row][vc_row el_class=&#8221;biancogrigio&#8221;][vc_column]<div class=\" uavc-icons-center uavc-icons \">\n<div class=\"aio-icon  \" data-animation=\"\" data-animation-delay=\"03\" style=\"color:#7b89a4;font-size:15px;margin-right:5px;\">\n\t<i class=\"Defaults-star\"><\/i>\n<\/div>\n<div class=\"aio-icon  \" data-animation=\"\" data-animation-delay=\"03\" style=\"color:#7b89a4;font-size:15px;margin-right:5px;\">\n\t<i class=\"Defaults-star\"><\/i>\n<\/div>\n<div class=\"aio-icon  \" data-animation=\"\" data-animation-delay=\"03\" style=\"color:#7b89a4;font-size:15px;margin-right:5px;\">\n\t<i class=\"Defaults-star\"><\/i>\n<\/div>\n<div class=\"aio-icon  \" data-animation=\"\" data-animation-delay=\"03\" style=\"color:#7b89a4;font-size:15px;margin-right:5px;\">\n\t<i class=\"Defaults-star\"><\/i>\n<\/div><\/div>[vc_column_text el_class=&#8221;introduzione&#8221;]\n<h1>Panoramic Hotel Taormina<\/h1>\n<p>Receb\u00eamo-lo em Taormina, frente ao mar, com a atmosfera elegante e cort\u00eas t\u00edpica da Sic\u00edlia.<br \/>\nO seu quarto ter\u00e1 vista para o mar, a piscina panor\u00e2mica espera-o no \u00faltimo piso.<br \/>\nAs praias ficam a dois passos e o centro hist\u00f3rico de Taormina fica 5 minutos.<br \/>\nO estacionamento para o seu autom\u00f3vel fica ao lado do hotel.<br \/>\nS\u00f3 tem de reservar![\/vc_column_text][\/vc_column][\/vc_row][vc_row full_width=&#8221;stretch_row_content_no_spaces&#8221; equal_height=&#8221;yes&#8221; css=&#8221;.vc_custom_1460041739036{background-image: url(https:\/\/www.panoramictaormina.it\/wp-content\/uploads\/2013\/09\/bg_bp-out.jpg?id=847) !important;background-position: center !important;background-repeat: no-repeat !important;background-size: cover !important;}&#8221;][vc_column][vc_row_inner equal_height=&#8221;yes&#8221; content_placement=&#8221;middle&#8221; el_class=&#8221;wrap&#8221; css=&#8221;.vc_custom_1650977337145{background-image: url(https:\/\/www.panoramictaormina.it\/wp-content\/uploads\/2022\/04\/Screenshot_20220426_131354.jpg?id=2465) !important;background-position: center !important;background-repeat: no-repeat !important;background-size: cover !important;}&#8221; el_id=&#8221;miglior-out&#8221;][vc_column_inner][vc_column_text el_class=&#8221;migliorprezzo&#8221;]\n<h3>Porqu\u00ea escolher-nos<\/h3>\n<h2>Melhor Pre\u00e7o Garantido<\/h2>\n<p>Reserve diretamente e ter\u00e1 o melhor pre\u00e7o dispon\u00edvel garantido.<\/p>\n<h4 class=\"reservations_desktop\"><a href=\"https:\/\/hotelpanoramichotel.beddy.io?lang=es\">Reservar<\/a><\/h4>\n<h4 class=\"reservations_mobile\"><a href=\"https:\/\/hotelpanoramichotel.beddy.io?lang=es\" target=\"blank\" rel=\"noopener noreferrer\">Reservar<\/a><\/h4>\n[\/vc_column_text][\/vc_column_inner][\/vc_row_inner][\/vc_column][\/vc_row][vc_row css=&#8221;.vc_custom_1460100683743{background-image: url(https:\/\/www.panoramictaormina.it\/wp-content\/uploads\/2013\/09\/bg_box-home.jpg?id=854) !important;background-position: center !important;background-repeat: no-repeat !important;background-size: cover !important;}&#8221; el_class=&#8221;box-home&#8221;][vc_column][vc_row_inner equal_height=&#8221;yes&#8221; el_class=&#8221;wrap&#8221;][vc_column_inner el_class=&#8221;overlay-box-home&#8221; width=&#8221;1\/2&#8243; css=&#8221;.vc_custom_1460105398867{background-image: url(https:\/\/www.panoramictaormina.it\/wp-content\/uploads\/2013\/09\/Senza-titolo-1.jpg?id=857) !important;background-position: center !important;background-repeat: no-repeat !important;background-size: cover !important;}&#8221;][vc_column_text el_class=&#8221;box-sx&#8221;]\n<h3>Em frente de<\/h3>\n<h2>Isola Bella<\/h2>\n<h4><a href=\"https:\/\/www.panoramictaormina.it\/pt-pt\/onde-estamos\/\">Localiza\u00e7\u00e3o<\/a><\/h4>\n[\/vc_column_text][\/vc_column_inner][vc_column_inner el_class=&#8221;overlay-box-home&#8221; width=&#8221;1\/2&#8243; css=&#8221;.vc_custom_1460105403771{background-image: url(https:\/\/www.panoramictaormina.it\/wp-content\/uploads\/2013\/09\/MG_0703.jpg?id=856) !important;background-position: center !important;background-repeat: no-repeat !important;background-size: cover !important;}&#8221;][vc_column_text el_class=&#8221;box-dx&#8221;]\n<h3>Todos os<\/h3>\n<h2>Quartos com vista<\/h2>\n<h4><a href=\"https:\/\/www.panoramictaormina.it\/pt-pt\/quartos\/\">Quartos<\/a><\/h4>\n[\/vc_column_text][\/vc_column_inner][\/vc_row_inner][\/vc_column][\/vc_row][vc_row css=&#8221;.vc_custom_1460107789527{padding-top: 30px !important;padding-bottom: 30px !important;background-image: url(https:\/\/www.panoramictaormina.it\/wp-content\/uploads\/2013\/09\/bg_offerte-home.jpg?id=858) !important;background-position: center !important;background-repeat: no-repeat !important;background-size: cover !important;}&#8221; el_class=&#8221;box-offerte&#8221;][vc_column][vc_column_text el_class=&#8221;wrap&#8221;]\n<h3>Apenas para voc\u00ea<\/h3>\n<h2>Ofertas especiais<\/h2>\n<div class=\"gallery-view\"><div class=\"offer-package-4\"><div style=\"position:relative; margin-left:auto; margin-right:auto; overflow:hidden; width:px;\"><a href=\"https:\/\/www.panoramictaormina.it\/pt-pt\/offers\/boat-tour\/\"><img loading=\"lazy\" decoding=\"async\" width=\"210\" height=\"210\" src=\"https:\/\/www.panoramictaormina.it\/wp-content\/uploads\/2016\/04\/sicily-329092-210x210.jpg\" class=\"size-thumbnail\" alt=\"\" srcset=\"https:\/\/www.panoramictaormina.it\/wp-content\/uploads\/2016\/04\/sicily-329092-210x210.jpg 210w, https:\/\/www.panoramictaormina.it\/wp-content\/uploads\/2016\/04\/sicily-329092-150x150.jpg 150w, https:\/\/www.panoramictaormina.it\/wp-content\/uploads\/2016\/04\/sicily-329092-32x32.jpg 32w, https:\/\/www.panoramictaormina.it\/wp-content\/uploads\/2016\/04\/sicily-329092-128x128.jpg 128w, https:\/\/www.panoramictaormina.it\/wp-content\/uploads\/2016\/04\/sicily-329092-268x268.jpg 268w, https:\/\/www.panoramictaormina.it\/wp-content\/uploads\/2016\/04\/sicily-329092-500x500.jpg 500w\" sizes=\"auto, (max-width: 210px) 100vw, 210px\" \/><\/a><div class=\"background-offer-gallery\"><img decoding=\"async\" src=\"https:\/\/www.panoramictaormina.it\/wp-content\/uploads\/2013\/09\/bkg-white704.png\" \/>   <div class=\"highlight-text-gallery\"><a href=\"https:\/\/www.panoramictaormina.it\/pt-pt\/offers\/boat-tour\/\">Pacote<\/a><\/div><\/div><div class=\"background-tag-gallery\">\n                            <img decoding=\"async\" src=\"https:\/\/www.panoramictaormina.it\/wp-content\/uploads\/2013\/09\/package_icon.png\"><\/div><\/div><div class=\"original-price\"><\/div><div class=\"reducted-price\"><\/div><div class=\"clear\"><\/div><div class=\"offer_title\"><a href=\"https:\/\/www.panoramictaormina.it\/pt-pt\/offers\/boat-tour\/\">Boat Tour<\/a><\/div><div class=\"package-gallery\"><div><\/div><div><\/div><div><\/div><div><\/div><\/div><\/div><div class=\"offer-package-4\"><div style=\"position:relative; margin-left:auto; margin-right:auto; overflow:hidden; width:px;\"><a href=\"https:\/\/www.panoramictaormina.it\/pt-pt\/offers\/snorkeling-in-taormina\/\"><img loading=\"lazy\" decoding=\"async\" width=\"198\" height=\"198\" src=\"https:\/\/www.panoramictaormina.it\/wp-content\/uploads\/2016\/05\/31.jpg\" class=\"size-thumbnail\" alt=\"\" srcset=\"https:\/\/www.panoramictaormina.it\/wp-content\/uploads\/2016\/05\/31.jpg 198w, https:\/\/www.panoramictaormina.it\/wp-content\/uploads\/2016\/05\/31-150x150.jpg 150w, https:\/\/www.panoramictaormina.it\/wp-content\/uploads\/2016\/05\/31-32x32.jpg 32w, https:\/\/www.panoramictaormina.it\/wp-content\/uploads\/2016\/05\/31-64x64.jpg 64w, https:\/\/www.panoramictaormina.it\/wp-content\/uploads\/2016\/05\/31-128x128.jpg 128w\" sizes=\"auto, (max-width: 198px) 100vw, 198px\" \/><\/a><div class=\"background-offer-gallery\"><img decoding=\"async\" src=\"https:\/\/www.panoramictaormina.it\/wp-content\/uploads\/2013\/09\/bkg-white704.png\" \/>   <div class=\"highlight-text-gallery\"><a href=\"https:\/\/www.panoramictaormina.it\/pt-pt\/offers\/snorkeling-in-taormina\/\">Pacote<\/a><\/div><\/div><div class=\"background-tag-gallery\">\n                            <img decoding=\"async\" src=\"https:\/\/www.panoramictaormina.it\/wp-content\/uploads\/2013\/09\/package_icon.png\"><\/div><\/div><div class=\"original-price\"><\/div><div class=\"reducted-price\"><\/div><div class=\"clear\"><\/div><div class=\"offer_title\"><a href=\"https:\/\/www.panoramictaormina.it\/pt-pt\/offers\/snorkeling-in-taormina\/\">Snorkeling em Taormina<\/a><\/div><div class=\"package-gallery\"><div><\/div><div><\/div><div><\/div><div><\/div><\/div><\/div><div class=\"offer-package-4\"><div style=\"position:relative; margin-left:auto; margin-right:auto; overflow:hidden; width:px;\"><a href=\"https:\/\/www.panoramictaormina.it\/pt-pt\/offers\/wine-tasting-taormina\/\"><img loading=\"lazy\" decoding=\"async\" width=\"210\" height=\"186\" src=\"https:\/\/www.panoramictaormina.it\/wp-content\/uploads\/2016\/05\/2d3a0cda-37ba-4693-9088-116093cd54fa-210x186.jpg\" class=\"size-thumbnail\" alt=\"\" \/><\/a><div class=\"background-offer-gallery\"><img decoding=\"async\" src=\"https:\/\/www.panoramictaormina.it\/wp-content\/uploads\/2013\/09\/bkg-white704.png\" \/>   <div class=\"highlight-text-gallery\"><a href=\"https:\/\/www.panoramictaormina.it\/pt-pt\/offers\/wine-tasting-taormina\/\">Pacote<\/a><\/div><\/div><div class=\"background-tag-gallery\">\n                            <img decoding=\"async\" src=\"https:\/\/www.panoramictaormina.it\/wp-content\/uploads\/2013\/09\/package_icon.png\"><\/div><\/div><div class=\"original-price\"><\/div><div class=\"reducted-price\"><\/div><div class=\"clear\"><\/div><div class=\"offer_title\"><a href=\"https:\/\/www.panoramictaormina.it\/pt-pt\/offers\/wine-tasting-taormina\/\">Wine tasting in Taormina<\/a><\/div><div class=\"package-gallery\"><div><\/div><div><\/div><div><\/div><div><\/div><\/div><\/div><\/div>\n<h4><a href=\"https:\/\/www.panoramictaormina.it\/pt-pt\/ofertas-especiais\/\">Consulte a lista completa<\/a><\/h4>\n[\/vc_column_text][\/vc_column][\/vc_row]\n<\/div>","protected":false},"excerpt":{"rendered":"<p>[vc_row el_class=&#8221;payoff&#8221;][vc_column][vc_column_text] Hotel com vista para Isola Bella Right here, right now Descubra porqu\u00ea [\/vc_column_text][\/vc_column][\/vc_row][vc_row el_class=&#8221;biancogrigio&#8221;][vc_column][vc_column_text el_class=&#8221;introduzione&#8221;] Panoramic Hotel Taormina Receb\u00eamo-lo em Taormina, frente ao mar, com a atmosfera elegante e cort\u00eas t\u00edpica da Sic\u00edlia. O seu quarto ter\u00e1 vista para o mar, a piscina panor\u00e2mica espera-o no \u00faltimo piso. As praias ficam a dois [&hellip;]<\/p>\n","protected":false},"author":30,"featured_media":0,"parent":0,"menu_order":0,"comment_status":"open","ping_status":"open","template":"","meta":{"_genesis_hide_title":false,"_genesis_hide_breadcrumbs":false,"_genesis_hide_singular_image":false,"_genesis_hide_footer_widgets":false,"_genesis_custom_body_class":"","_genesis_custom_post_class":"","_genesis_layout":"","footnotes":""},"class_list":{"0":"post-1223","1":"page","2":"type-page","3":"status-publish","5":"entry"},"yoast_head":"<!-- This site is optimized with the Yoast SEO plugin v25.7 - https:\/\/yoast.com\/wordpress\/plugins\/seo\/ -->\n<title>Hot\u00e9is Taormina Hotel Panoramic Taormina Site Oficial<\/title>\n<meta name=\"description\" content=\"4 estrelas Hotel Taormina com vista para Isola Bella e Capo Taormina na Sic\u00edlia.\" \/>\n<meta name=\"robots\" content=\"index, follow, max-snippet:-1, max-image-preview:large, max-video-preview:-1\" \/>\n<link rel=\"canonical\" href=\"https:\/\/www.panoramictaormina.it\/pt-pt\/\" \/>\n<meta property=\"og:locale\" content=\"pt_PT\" \/>\n<meta property=\"og:type\" content=\"article\" \/>\n<meta property=\"og:title\" content=\"Hot\u00e9is Taormina Hotel Panoramic Taormina Site Oficial\" \/>\n<meta property=\"og:description\" content=\"4 estrelas Hotel Taormina com vista para Isola Bella e Capo Taormina na Sic\u00edlia.\" \/>\n<meta property=\"og:url\" content=\"https:\/\/www.panoramictaormina.it\/pt-pt\/\" \/>\n<meta property=\"og:site_name\" content=\"Panoramic Hotel\" \/>\n<meta property=\"article:modified_time\" content=\"2022-04-26T13:00:13+00:00\" \/>\n<meta name=\"twitter:label1\" content=\"Tempo estimado de leitura\" \/>\n\t<meta name=\"twitter:data1\" content=\"1 minuto\" \/>\n<script type=\"application\/ld+json\" class=\"yoast-schema-graph\">{\"@context\":\"https:\/\/schema.org\",\"@graph\":[{\"@type\":\"WebPage\",\"@id\":\"https:\/\/www.panoramictaormina.it\/pt-pt\/\",\"url\":\"https:\/\/www.panoramictaormina.it\/pt-pt\/\",\"name\":\"Hot\u00e9is Taormina Hotel Panoramic Taormina Site Oficial\",\"isPartOf\":{\"@id\":\"https:\/\/www.panoramictaormina.it\/pt-pt\/#website\"},\"datePublished\":\"2016-04-27T09:45:23+00:00\",\"dateModified\":\"2022-04-26T13:00:13+00:00\",\"description\":\"4 estrelas Hotel Taormina com vista para Isola Bella e Capo Taormina na Sic\u00edlia.\",\"breadcrumb\":{\"@id\":\"https:\/\/www.panoramictaormina.it\/pt-pt\/#breadcrumb\"},\"inLanguage\":\"pt-PT\",\"potentialAction\":[{\"@type\":\"ReadAction\",\"target\":[\"https:\/\/www.panoramictaormina.it\/pt-pt\/\"]}]},{\"@type\":\"BreadcrumbList\",\"@id\":\"https:\/\/www.panoramictaormina.it\/pt-pt\/#breadcrumb\",\"itemListElement\":[{\"@type\":\"ListItem\",\"position\":1,\"name\":\"Home\",\"item\":\"https:\/\/www.panoramictaormina.it\/pt-pt\/\"},{\"@type\":\"ListItem\",\"position\":2,\"name\":\"Home\"}]},{\"@type\":\"WebSite\",\"@id\":\"https:\/\/www.panoramictaormina.it\/pt-pt\/#website\",\"url\":\"https:\/\/www.panoramictaormina.it\/pt-pt\/\",\"name\":\"Panoramic Hotel\",\"description\":\"\",\"potentialAction\":[{\"@type\":\"SearchAction\",\"target\":{\"@type\":\"EntryPoint\",\"urlTemplate\":\"https:\/\/www.panoramictaormina.it\/pt-pt\/?s={search_term_string}\"},\"query-input\":{\"@type\":\"PropertyValueSpecification\",\"valueRequired\":true,\"valueName\":\"search_term_string\"}}],\"inLanguage\":\"pt-PT\"}]}<\/script>\n<!-- \/ Yoast SEO plugin. -->","yoast_head_json":{"title":"Hot\u00e9is Taormina Hotel Panoramic Taormina Site Oficial","description":"4 estrelas Hotel Taormina com vista para Isola Bella e Capo Taormina na Sic\u00edlia.","robots":{"index":"index","follow":"follow","max-snippet":"max-snippet:-1","max-image-preview":"max-image-preview:large","max-video-preview":"max-video-preview:-1"},"canonical":"https:\/\/www.panoramictaormina.it\/pt-pt\/","og_locale":"pt_PT","og_type":"article","og_title":"Hot\u00e9is Taormina Hotel Panoramic Taormina Site Oficial","og_description":"4 estrelas Hotel Taormina com vista para Isola Bella e Capo Taormina na Sic\u00edlia.","og_url":"https:\/\/www.panoramictaormina.it\/pt-pt\/","og_site_name":"Panoramic Hotel","article_modified_time":"2022-04-26T13:00:13+00:00","twitter_misc":{"Tempo estimado de leitura":"1 minuto"},"schema":{"@context":"https:\/\/schema.org","@graph":[{"@type":"WebPage","@id":"https:\/\/www.panoramictaormina.it\/pt-pt\/","url":"https:\/\/www.panoramictaormina.it\/pt-pt\/","name":"Hot\u00e9is Taormina Hotel Panoramic Taormina Site Oficial","isPartOf":{"@id":"https:\/\/www.panoramictaormina.it\/pt-pt\/#website"},"datePublished":"2016-04-27T09:45:23+00:00","dateModified":"2022-04-26T13:00:13+00:00","description":"4 estrelas Hotel Taormina com vista para Isola Bella e Capo Taormina na Sic\u00edlia.","breadcrumb":{"@id":"https:\/\/www.panoramictaormina.it\/pt-pt\/#breadcrumb"},"inLanguage":"pt-PT","potentialAction":[{"@type":"ReadAction","target":["https:\/\/www.panoramictaormina.it\/pt-pt\/"]}]},{"@type":"BreadcrumbList","@id":"https:\/\/www.panoramictaormina.it\/pt-pt\/#breadcrumb","itemListElement":[{"@type":"ListItem","position":1,"name":"Home","item":"https:\/\/www.panoramictaormina.it\/pt-pt\/"},{"@type":"ListItem","position":2,"name":"Home"}]},{"@type":"WebSite","@id":"https:\/\/www.panoramictaormina.it\/pt-pt\/#website","url":"https:\/\/www.panoramictaormina.it\/pt-pt\/","name":"Panoramic Hotel","description":"","potentialAction":[{"@type":"SearchAction","target":{"@type":"EntryPoint","urlTemplate":"https:\/\/www.panoramictaormina.it\/pt-pt\/?s={search_term_string}"},"query-input":{"@type":"PropertyValueSpecification","valueRequired":true,"valueName":"search_term_string"}}],"inLanguage":"pt-PT"}]}},"publishpress_future_action":{"enabled":false,"date":"2026-05-12 04:41:54","action":"change-status","newStatus":"draft","terms":[],"taxonomy":"translation_priority","extraData":[]},"publishpress_future_workflow_manual_trigger":{"enabledWorkflows":[]},"_links":{"self":[{"href":"https:\/\/www.panoramictaormina.it\/pt-pt\/wp-json\/wp\/v2\/pages\/1223","targetHints":{"allow":["GET"]}}],"collection":[{"href":"https:\/\/www.panoramictaormina.it\/pt-pt\/wp-json\/wp\/v2\/pages"}],"about":[{"href":"https:\/\/www.panoramictaormina.it\/pt-pt\/wp-json\/wp\/v2\/types\/page"}],"author":[{"embeddable":true,"href":"https:\/\/www.panoramictaormina.it\/pt-pt\/wp-json\/wp\/v2\/users\/30"}],"replies":[{"embeddable":true,"href":"https:\/\/www.panoramictaormina.it\/pt-pt\/wp-json\/wp\/v2\/comments?post=1223"}],"version-history":[{"count":5,"href":"https:\/\/www.panoramictaormina.it\/pt-pt\/wp-json\/wp\/v2\/pages\/1223\/revisions"}],"predecessor-version":[{"id":2472,"href":"https:\/\/www.panoramictaormina.it\/pt-pt\/wp-json\/wp\/v2\/pages\/1223\/revisions\/2472"}],"wp:attachment":[{"href":"https:\/\/www.panoramictaormina.it\/pt-pt\/wp-json\/wp\/v2\/media?parent=1223"}],"curies":[{"name":"wp","href":"https:\/\/api.w.org\/{rel}","templated":true}]}}