{"id":1209,"date":"2016-04-27T08:38:11","date_gmt":"2016-04-27T08:38:11","guid":{"rendered":"https:\/\/www.panoramictaormina.it\/pt-pt\/?page_id=1209"},"modified":"2019-08-25T10:12:33","modified_gmt":"2019-08-25T10:12:33","slug":"descricao","status":"publish","type":"page","link":"https:\/\/www.panoramictaormina.it\/pt-pt\/descricao\/","title":{"rendered":"Descri\u00e7\u00e3o"},"content":{"rendered":"<div class=\"wpb-content-wrapper\">[vc_row][vc_column][vc_empty_space][vc_column_text el_class=&#8221;introduzione&#8221;]\n<h3>Hotel<\/h3>\n<h2>Descri\u00e7\u00e3o<\/h2>\n[\/vc_column_text][\/vc_column][\/vc_row][vc_row el_class=&#8221;wrap txt-interno&#8221;][vc_column width=&#8221;1\/2&#8243;][vc_column_text]O <strong>Panoramic Hotel<\/strong> \u00e9 um moderno <strong>hotel de 4 estrelas<\/strong>, elegante e com vista sobre o <strong>mar<\/strong>, a ocasi\u00e3o para umas f\u00e9rias rom\u00e2nticas e de grande <strong>charme<\/strong>, no cen\u00e1rio encantado de <strong>Taormina<\/strong> e do <strong>Mar da Sic\u00edlia<\/strong>.<\/p>\n<p>Os ambientes do Panoramic Hotel s\u00e3o novos, luminosos e <strong>acolhedores<\/strong> tal como a nossa <strong>equipa de funcion\u00e1rios<\/strong> na recep\u00e7\u00e3o, que tem todo o prazer em prestar-lhe assist\u00eancia durante a sua estada em Taormina, sugerindo-lhe <strong>itiner\u00e1rios<\/strong>, <strong>visitas guiadas<\/strong> e qualquer bom <strong>restaurante <\/strong>do centro hist\u00f3rico.<\/p>\n<p>Permitindo-se saborear um <strong>cocktail<\/strong> no terra\u00e7o panor\u00e2mico onde se situa a <strong>piscina<\/strong>, ficar\u00e1 maravilhado pela vista do mar e das magn\u00edficas perspectivas da <strong>baia dell&#8217;Isola Bella<\/strong>. Aqui, durante os dias de Ver\u00e3o, o nosso <strong>bar<\/strong> serve pratos t\u00edpicos sicilianos, snacks e saladas.<\/p>\n<p>No final de uma escadaria que come\u00e7a mesmo em frente ao hotel, esperam-no os seixos brancos da <strong>praia<\/strong> da <strong>Isola Bella<\/strong>, entre <strong>estabelecimentos balneares<\/strong> com espregui\u00e7adeiras e <strong>guarda-s\u00f3is<\/strong> e zonas de livre acesso a um <strong>mar<\/strong> l\u00edmpido, transparente e j\u00e1 <strong>profundo<\/strong> a poucos metros da margem.<\/p>\n<p>\u00c0 sua disposi\u00e7\u00e3o, al\u00e9m disso, <strong>telefonia Voip<\/strong> &#8211; ideal para chamadas internacionais a baixo custo &#8211; <strong>internet Wi-fi<\/strong>, <strong>pequeno-almo\u00e7o<\/strong> e recep\u00e7\u00e3o aberta 24 horas.[\/vc_column_text][\/vc_column][vc_column width=&#8221;1\/4&#8243;][vc_column_text]\n<h3>Servi\u00e7os &amp; Instala\u00e7\u00f5es<\/h3>\n<ul>\n<li>Acessos para deficientes<\/li>\n<li>Recep\u00e7\u00e3o 24h<\/li>\n<li>Pequeno-almo\u00e7o<\/li>\n<li>Internet ADSL (mediante pagamento)<\/li>\n<li>Internet Wi-fi (mediante pagamento)<\/li>\n<li>Telefonia VOIP (telefone para n\u00fameros fixos internacionais e para telem\u00f3veis a tarifas favor\u00e1veis)<\/li>\n<li>Servi\u00e7o de fax<\/li>\n<li>Informa\u00e7\u00f5es tur\u00edsticas<\/li>\n<li>Reserva de excurs\u00f5es<\/li>\n<li>Reserva de visitas guiadas<\/li>\n<li>Balc\u00e3o de Rent a car<\/li>\n<li>Parque de estacionamento (segundo a disponibilidade)<\/li>\n<\/ul>\n[\/vc_column_text][\/vc_column][vc_column width=&#8221;1\/4&#8243; el_class=&#8221;liste&#8221;][vc_raw_html]JTNDaDMlM0UlMjZuYnNwJTNCJTNDJTJGaDMlM0U=[\/vc_raw_html][vc_column_text]\n<ul>\n<li>Concierge<\/li>\n<li>Servi\u00e7o de Limousine<\/li>\n<li>Guarda de valores (cofre)<\/li>\n<li>Bagageiro<\/li>\n<li>Recepcionista nocturno<\/li>\n<li>Dep\u00f3sito de bagagens<\/li>\n<li>Servi\u00e7o de engomadoria<\/li>\n<li>Servi\u00e7o de lavandaria<\/li>\n<li>Ascensor<\/li>\n<li>Hall<\/li>\n<li>Sala de televis\u00e3o<\/li>\n<li>Terra\u00e7o<\/li>\n<\/ul>\n[\/vc_column_text][\/vc_column][\/vc_row][vc_row full_width=&#8221;stretch_row_content_no_spaces&#8221; equal_height=&#8221;yes&#8221; content_placement=&#8221;middle&#8221; css=&#8221;.vc_custom_1460359635791{background-color: #e6e4d8 !important;}&#8221; el_class=&#8221;box-tipologie&#8221;][vc_column width=&#8221;1\/2&#8243;][vc_gallery type=&#8221;image_grid&#8221; images=&#8221;1074&#8243; img_size=&#8221;full&#8221; el_class=&#8221;img-camere&#8221;][\/vc_column][vc_column width=&#8221;1\/2&#8243;][vc_column_text el_class=&#8221;txt-tipologie&#8221;]\n<h3>5\/5 TripAdvisor Traveller<\/h3>\n<h2>\u201cFant\u00e1stico!!\u201d<\/h2>\n<p>Esse hotel \u00e9 muito legal! Os funcion\u00e1rios super queridos, prestativos, quartos limpos e a vista \u00e9 perfeita! A Isola Bella! O caf\u00e9 da manh\u00e3 \u00e9 excelente, com vista tamb\u00e9m para Ilha. N\u00e3o tem como n\u00e3o amar, foram dias especiais! O custo-benef\u00edcio \u00e9 excelente! N\u00e3o \u00e9 no Centro, mas vale a pena sem d\u00favida, total conforto![\/vc_column_text][\/vc_column][\/vc_row][vc_row full_width=&#8221;stretch_row_content_no_spaces&#8221; equal_height=&#8221;yes&#8221; css=&#8221;.vc_custom_1460041739036{background-image: url(https:\/\/www.panoramictaormina.it\/wp-content\/uploads\/2013\/09\/bg_bp-out.jpg?id=847) !important;background-position: center !important;background-repeat: no-repeat !important;background-size: cover !important;}&#8221;][vc_column][vc_row_inner equal_height=&#8221;yes&#8221; content_placement=&#8221;middle&#8221; el_class=&#8221;wrap&#8221; css=&#8221;.vc_custom_1460968117946{background-image: url(https:\/\/www.panoramictaormina.it\/wp-content\/uploads\/2016\/04\/IMG_8778_A.jpg?id=1075) !important;background-position: center !important;background-repeat: no-repeat !important;background-size: cover !important;}&#8221; el_id=&#8221;miglior-out&#8221;][vc_column_inner][vc_column_text el_class=&#8221;migliorprezzo&#8221;]\n<h3>Nossa<\/h3>\n<h2>Galeria de fotos<\/h2>\n<h4><a href=\"https:\/\/www.panoramictaormina.it\/pt-pt\/galeria-de-fotos\/\">Galeria de fotos<\/a><\/h4>\n[\/vc_column_text][\/vc_column_inner][\/vc_row_inner][\/vc_column][\/vc_row][vc_row css=&#8221;.vc_custom_1460100683743{background-image: url(https:\/\/www.panoramictaormina.it\/wp-content\/uploads\/2013\/09\/bg_box-home.jpg?id=854) !important;background-position: center !important;background-repeat: no-repeat !important;background-size: cover !important;}&#8221; el_class=&#8221;box-home&#8221;][vc_column][vc_row_inner equal_height=&#8221;yes&#8221; el_class=&#8221;wrap&#8221;][vc_column_inner el_class=&#8221;overlay-box-home&#8221; width=&#8221;1\/2&#8243; css=&#8221;.vc_custom_1460105398867{background-image: url(https:\/\/www.panoramictaormina.it\/wp-content\/uploads\/2013\/09\/Senza-titolo-1.jpg?id=857) !important;background-position: center !important;background-repeat: no-repeat !important;background-size: cover !important;}&#8221;][vc_column_text el_class=&#8221;box-sx&#8221;]\n<h3>Em frente de<\/h3>\n<h2>Isola Bella<\/h2>\n<h4><a href=\"https:\/\/www.panoramictaormina.it\/pt-pt\/onde-estamos\/\">Localiza\u00e7\u00e3o<\/a><\/h4>\n[\/vc_column_text][\/vc_column_inner][vc_column_inner el_class=&#8221;overlay-box-home&#8221; width=&#8221;1\/2&#8243; css=&#8221;.vc_custom_1460105403771{background-image: url(https:\/\/www.panoramictaormina.it\/wp-content\/uploads\/2013\/09\/MG_0703.jpg?id=856) !important;background-position: center !important;background-repeat: no-repeat !important;background-size: cover !important;}&#8221;][vc_column_text el_class=&#8221;box-dx&#8221;]\n<h3>Todos os<\/h3>\n<h2>Quartos com vista<\/h2>\n<h4><a href=\"https:\/\/www.panoramictaormina.it\/pt-pt\/quartos\/\">Quartos<\/a><\/h4>\n[\/vc_column_text][\/vc_column_inner][\/vc_row_inner][\/vc_column][\/vc_row][vc_row css=&#8221;.vc_custom_1460107789527{padding-top: 30px !important;padding-bottom: 30px !important;background-image: url(https:\/\/www.panoramictaormina.it\/wp-content\/uploads\/2013\/09\/bg_offerte-home.jpg?id=858) !important;background-position: center !important;background-repeat: no-repeat !important;background-size: cover !important;}&#8221; el_class=&#8221;box-offerte&#8221;][vc_column][vc_column_text el_class=&#8221;wrap&#8221;]\n<h3>Apenas para voc\u00ea<\/h3>\n<h2>Ofertas especiais<\/h2>\n<div class=\"gallery-view\"><div class=\"offer-package-4\"><div style=\"position:relative; margin-left:auto; margin-right:auto; overflow:hidden; width:px;\"><a href=\"https:\/\/www.panoramictaormina.it\/pt-pt\/offers\/boat-tour\/\"><img loading=\"lazy\" decoding=\"async\" width=\"210\" height=\"210\" src=\"https:\/\/www.panoramictaormina.it\/wp-content\/uploads\/2016\/04\/sicily-329092-210x210.jpg\" class=\"size-thumbnail\" alt=\"\" srcset=\"https:\/\/www.panoramictaormina.it\/wp-content\/uploads\/2016\/04\/sicily-329092-210x210.jpg 210w, https:\/\/www.panoramictaormina.it\/wp-content\/uploads\/2016\/04\/sicily-329092-150x150.jpg 150w, https:\/\/www.panoramictaormina.it\/wp-content\/uploads\/2016\/04\/sicily-329092-32x32.jpg 32w, https:\/\/www.panoramictaormina.it\/wp-content\/uploads\/2016\/04\/sicily-329092-128x128.jpg 128w, https:\/\/www.panoramictaormina.it\/wp-content\/uploads\/2016\/04\/sicily-329092-268x268.jpg 268w, https:\/\/www.panoramictaormina.it\/wp-content\/uploads\/2016\/04\/sicily-329092-500x500.jpg 500w\" sizes=\"auto, (max-width: 210px) 100vw, 210px\" \/><\/a><div class=\"background-offer-gallery\"><img decoding=\"async\" src=\"https:\/\/www.panoramictaormina.it\/wp-content\/uploads\/2013\/09\/bkg-white704.png\" \/>   <div class=\"highlight-text-gallery\"><a href=\"https:\/\/www.panoramictaormina.it\/pt-pt\/offers\/boat-tour\/\">Pacote<\/a><\/div><\/div><div class=\"background-tag-gallery\">\n                            <img decoding=\"async\" src=\"https:\/\/www.panoramictaormina.it\/wp-content\/uploads\/2013\/09\/package_icon.png\"><\/div><\/div><div class=\"original-price\"><\/div><div class=\"reducted-price\"><\/div><div class=\"clear\"><\/div><div class=\"offer_title\"><a href=\"https:\/\/www.panoramictaormina.it\/pt-pt\/offers\/boat-tour\/\">Boat Tour<\/a><\/div><div class=\"package-gallery\"><div><\/div><div><\/div><div><\/div><div><\/div><\/div><\/div><div class=\"offer-package-4\"><div style=\"position:relative; margin-left:auto; margin-right:auto; overflow:hidden; width:px;\"><a href=\"https:\/\/www.panoramictaormina.it\/pt-pt\/offers\/snorkeling-in-taormina\/\"><img loading=\"lazy\" decoding=\"async\" width=\"198\" height=\"198\" src=\"https:\/\/www.panoramictaormina.it\/wp-content\/uploads\/2016\/05\/31.jpg\" class=\"size-thumbnail\" alt=\"\" srcset=\"https:\/\/www.panoramictaormina.it\/wp-content\/uploads\/2016\/05\/31.jpg 198w, https:\/\/www.panoramictaormina.it\/wp-content\/uploads\/2016\/05\/31-150x150.jpg 150w, https:\/\/www.panoramictaormina.it\/wp-content\/uploads\/2016\/05\/31-32x32.jpg 32w, https:\/\/www.panoramictaormina.it\/wp-content\/uploads\/2016\/05\/31-64x64.jpg 64w, https:\/\/www.panoramictaormina.it\/wp-content\/uploads\/2016\/05\/31-128x128.jpg 128w\" sizes=\"auto, (max-width: 198px) 100vw, 198px\" \/><\/a><div class=\"background-offer-gallery\"><img decoding=\"async\" src=\"https:\/\/www.panoramictaormina.it\/wp-content\/uploads\/2013\/09\/bkg-white704.png\" \/>   <div class=\"highlight-text-gallery\"><a href=\"https:\/\/www.panoramictaormina.it\/pt-pt\/offers\/snorkeling-in-taormina\/\">Pacote<\/a><\/div><\/div><div class=\"background-tag-gallery\">\n                            <img decoding=\"async\" src=\"https:\/\/www.panoramictaormina.it\/wp-content\/uploads\/2013\/09\/package_icon.png\"><\/div><\/div><div class=\"original-price\"><\/div><div class=\"reducted-price\"><\/div><div class=\"clear\"><\/div><div class=\"offer_title\"><a href=\"https:\/\/www.panoramictaormina.it\/pt-pt\/offers\/snorkeling-in-taormina\/\">Snorkeling em Taormina<\/a><\/div><div class=\"package-gallery\"><div><\/div><div><\/div><div><\/div><div><\/div><\/div><\/div><div class=\"offer-package-4\"><div style=\"position:relative; margin-left:auto; margin-right:auto; overflow:hidden; width:px;\"><a href=\"https:\/\/www.panoramictaormina.it\/pt-pt\/offers\/wine-tasting-taormina\/\"><img loading=\"lazy\" decoding=\"async\" width=\"210\" height=\"186\" src=\"https:\/\/www.panoramictaormina.it\/wp-content\/uploads\/2016\/05\/2d3a0cda-37ba-4693-9088-116093cd54fa-210x186.jpg\" class=\"size-thumbnail\" alt=\"\" \/><\/a><div class=\"background-offer-gallery\"><img decoding=\"async\" src=\"https:\/\/www.panoramictaormina.it\/wp-content\/uploads\/2013\/09\/bkg-white704.png\" \/>   <div class=\"highlight-text-gallery\"><a href=\"https:\/\/www.panoramictaormina.it\/pt-pt\/offers\/wine-tasting-taormina\/\">Pacote<\/a><\/div><\/div><div class=\"background-tag-gallery\">\n                            <img decoding=\"async\" src=\"https:\/\/www.panoramictaormina.it\/wp-content\/uploads\/2013\/09\/package_icon.png\"><\/div><\/div><div class=\"original-price\"><\/div><div class=\"reducted-price\"><\/div><div class=\"clear\"><\/div><div class=\"offer_title\"><a href=\"https:\/\/www.panoramictaormina.it\/pt-pt\/offers\/wine-tasting-taormina\/\">Wine tasting in Taormina<\/a><\/div><div class=\"package-gallery\"><div><\/div><div><\/div><div><\/div><div><\/div><\/div><\/div><\/div>\n<h4><a href=\"https:\/\/www.panoramictaormina.it\/pt-pt\/ofertas-especiais\/\">Consulte a lista completa<\/a><\/h4>\n[\/vc_column_text][\/vc_column][\/vc_row]\n<\/div>","protected":false},"excerpt":{"rendered":"<p>[vc_row][vc_column][vc_empty_space][vc_column_text el_class=&#8221;introduzione&#8221;] Hotel Descri\u00e7\u00e3o [\/vc_column_text][\/vc_column][\/vc_row][vc_row el_class=&#8221;wrap txt-interno&#8221;][vc_column width=&#8221;1\/2&#8243;][vc_column_text]O Panoramic Hotel \u00e9 um moderno hotel de 4 estrelas, elegante e com vista sobre o mar, a ocasi\u00e3o para umas f\u00e9rias rom\u00e2nticas e de grande charme, no cen\u00e1rio encantado de Taormina e do Mar da Sic\u00edlia. Os ambientes do Panoramic Hotel s\u00e3o novos, luminosos e acolhedores tal [&hellip;]<\/p>\n","protected":false},"author":30,"featured_media":0,"parent":0,"menu_order":0,"comment_status":"closed","ping_status":"closed","template":"","meta":{"_genesis_hide_title":false,"_genesis_hide_breadcrumbs":false,"_genesis_hide_singular_image":false,"_genesis_hide_footer_widgets":false,"_genesis_custom_body_class":"","_genesis_custom_post_class":"","_genesis_layout":"","footnotes":""},"class_list":{"0":"post-1209","1":"page","2":"type-page","3":"status-publish","5":"entry"},"yoast_head":"<!-- This site is optimized with the Yoast SEO plugin v25.7 - https:\/\/yoast.com\/wordpress\/plugins\/seo\/ -->\n<title>Descri\u00e7\u00e3o - Panoramic Hotel<\/title>\n<meta name=\"description\" content=\"4 estrelas Hotel Taormina com vista para Isola Bella e Capo Taormina na Sic\u00edlia.\" \/>\n<meta name=\"robots\" content=\"index, follow, max-snippet:-1, max-image-preview:large, max-video-preview:-1\" \/>\n<link rel=\"canonical\" href=\"https:\/\/www.panoramictaormina.it\/pt-pt\/descricao\/\" \/>\n<meta property=\"og:locale\" content=\"pt_PT\" \/>\n<meta property=\"og:type\" content=\"article\" \/>\n<meta property=\"og:title\" content=\"Descri\u00e7\u00e3o - Panoramic Hotel\" \/>\n<meta property=\"og:description\" content=\"4 estrelas Hotel Taormina com vista para Isola Bella e Capo Taormina na Sic\u00edlia.\" \/>\n<meta property=\"og:url\" content=\"https:\/\/www.panoramictaormina.it\/pt-pt\/descricao\/\" \/>\n<meta property=\"og:site_name\" content=\"Panoramic Hotel\" \/>\n<meta property=\"article:modified_time\" content=\"2019-08-25T10:12:33+00:00\" \/>\n<meta name=\"twitter:label1\" content=\"Tempo estimado de leitura\" \/>\n\t<meta name=\"twitter:data1\" content=\"4 minutos\" \/>\n<script type=\"application\/ld+json\" class=\"yoast-schema-graph\">{\"@context\":\"https:\/\/schema.org\",\"@graph\":[{\"@type\":\"WebPage\",\"@id\":\"https:\/\/www.panoramictaormina.it\/pt-pt\/descricao\/\",\"url\":\"https:\/\/www.panoramictaormina.it\/pt-pt\/descricao\/\",\"name\":\"Descri\u00e7\u00e3o - Panoramic Hotel\",\"isPartOf\":{\"@id\":\"https:\/\/www.panoramictaormina.it\/pt-pt\/#website\"},\"datePublished\":\"2016-04-27T08:38:11+00:00\",\"dateModified\":\"2019-08-25T10:12:33+00:00\",\"description\":\"4 estrelas Hotel Taormina com vista para Isola Bella e Capo Taormina na Sic\u00edlia.\",\"breadcrumb\":{\"@id\":\"https:\/\/www.panoramictaormina.it\/pt-pt\/descricao\/#breadcrumb\"},\"inLanguage\":\"pt-PT\",\"potentialAction\":[{\"@type\":\"ReadAction\",\"target\":[\"https:\/\/www.panoramictaormina.it\/pt-pt\/descricao\/\"]}]},{\"@type\":\"BreadcrumbList\",\"@id\":\"https:\/\/www.panoramictaormina.it\/pt-pt\/descricao\/#breadcrumb\",\"itemListElement\":[{\"@type\":\"ListItem\",\"position\":1,\"name\":\"Home\",\"item\":\"https:\/\/www.panoramictaormina.it\/pt-pt\/\"},{\"@type\":\"ListItem\",\"position\":2,\"name\":\"Descri\u00e7\u00e3o\"}]},{\"@type\":\"WebSite\",\"@id\":\"https:\/\/www.panoramictaormina.it\/pt-pt\/#website\",\"url\":\"https:\/\/www.panoramictaormina.it\/pt-pt\/\",\"name\":\"Panoramic Hotel\",\"description\":\"\",\"potentialAction\":[{\"@type\":\"SearchAction\",\"target\":{\"@type\":\"EntryPoint\",\"urlTemplate\":\"https:\/\/www.panoramictaormina.it\/pt-pt\/?s={search_term_string}\"},\"query-input\":{\"@type\":\"PropertyValueSpecification\",\"valueRequired\":true,\"valueName\":\"search_term_string\"}}],\"inLanguage\":\"pt-PT\"}]}<\/script>\n<!-- \/ Yoast SEO plugin. -->","yoast_head_json":{"title":"Descri\u00e7\u00e3o - Panoramic Hotel","description":"4 estrelas Hotel Taormina com vista para Isola Bella e Capo Taormina na Sic\u00edlia.","robots":{"index":"index","follow":"follow","max-snippet":"max-snippet:-1","max-image-preview":"max-image-preview:large","max-video-preview":"max-video-preview:-1"},"canonical":"https:\/\/www.panoramictaormina.it\/pt-pt\/descricao\/","og_locale":"pt_PT","og_type":"article","og_title":"Descri\u00e7\u00e3o - Panoramic Hotel","og_description":"4 estrelas Hotel Taormina com vista para Isola Bella e Capo Taormina na Sic\u00edlia.","og_url":"https:\/\/www.panoramictaormina.it\/pt-pt\/descricao\/","og_site_name":"Panoramic Hotel","article_modified_time":"2019-08-25T10:12:33+00:00","twitter_misc":{"Tempo estimado de leitura":"4 minutos"},"schema":{"@context":"https:\/\/schema.org","@graph":[{"@type":"WebPage","@id":"https:\/\/www.panoramictaormina.it\/pt-pt\/descricao\/","url":"https:\/\/www.panoramictaormina.it\/pt-pt\/descricao\/","name":"Descri\u00e7\u00e3o - Panoramic Hotel","isPartOf":{"@id":"https:\/\/www.panoramictaormina.it\/pt-pt\/#website"},"datePublished":"2016-04-27T08:38:11+00:00","dateModified":"2019-08-25T10:12:33+00:00","description":"4 estrelas Hotel Taormina com vista para Isola Bella e Capo Taormina na Sic\u00edlia.","breadcrumb":{"@id":"https:\/\/www.panoramictaormina.it\/pt-pt\/descricao\/#breadcrumb"},"inLanguage":"pt-PT","potentialAction":[{"@type":"ReadAction","target":["https:\/\/www.panoramictaormina.it\/pt-pt\/descricao\/"]}]},{"@type":"BreadcrumbList","@id":"https:\/\/www.panoramictaormina.it\/pt-pt\/descricao\/#breadcrumb","itemListElement":[{"@type":"ListItem","position":1,"name":"Home","item":"https:\/\/www.panoramictaormina.it\/pt-pt\/"},{"@type":"ListItem","position":2,"name":"Descri\u00e7\u00e3o"}]},{"@type":"WebSite","@id":"https:\/\/www.panoramictaormina.it\/pt-pt\/#website","url":"https:\/\/www.panoramictaormina.it\/pt-pt\/","name":"Panoramic Hotel","description":"","potentialAction":[{"@type":"SearchAction","target":{"@type":"EntryPoint","urlTemplate":"https:\/\/www.panoramictaormina.it\/pt-pt\/?s={search_term_string}"},"query-input":{"@type":"PropertyValueSpecification","valueRequired":true,"valueName":"search_term_string"}}],"inLanguage":"pt-PT"}]}},"publishpress_future_action":{"enabled":false,"date":"2026-05-08 14:29:11","action":"change-status","newStatus":"draft","terms":[],"taxonomy":"translation_priority","extraData":[]},"publishpress_future_workflow_manual_trigger":{"enabledWorkflows":[]},"_links":{"self":[{"href":"https:\/\/www.panoramictaormina.it\/pt-pt\/wp-json\/wp\/v2\/pages\/1209","targetHints":{"allow":["GET"]}}],"collection":[{"href":"https:\/\/www.panoramictaormina.it\/pt-pt\/wp-json\/wp\/v2\/pages"}],"about":[{"href":"https:\/\/www.panoramictaormina.it\/pt-pt\/wp-json\/wp\/v2\/types\/page"}],"author":[{"embeddable":true,"href":"https:\/\/www.panoramictaormina.it\/pt-pt\/wp-json\/wp\/v2\/users\/30"}],"replies":[{"embeddable":true,"href":"https:\/\/www.panoramictaormina.it\/pt-pt\/wp-json\/wp\/v2\/comments?post=1209"}],"version-history":[{"count":4,"href":"https:\/\/www.panoramictaormina.it\/pt-pt\/wp-json\/wp\/v2\/pages\/1209\/revisions"}],"predecessor-version":[{"id":2290,"href":"https:\/\/www.panoramictaormina.it\/pt-pt\/wp-json\/wp\/v2\/pages\/1209\/revisions\/2290"}],"wp:attachment":[{"href":"https:\/\/www.panoramictaormina.it\/pt-pt\/wp-json\/wp\/v2\/media?parent=1209"}],"curies":[{"name":"wp","href":"https:\/\/api.w.org\/{rel}","templated":true}]}}