{"id":1181,"date":"2016-04-26T14:46:42","date_gmt":"2016-04-26T14:46:42","guid":{"rendered":"https:\/\/www.panoramictaormina.it\/pt-pt\/?page_id=1181"},"modified":"2016-04-27T15:34:27","modified_gmt":"2016-04-27T15:34:27","slug":"onde-estamos","status":"publish","type":"page","link":"https:\/\/www.panoramictaormina.it\/pt-pt\/onde-estamos\/","title":{"rendered":"Onde estamos"},"content":{"rendered":"<div class=\"wpb-content-wrapper\">[vc_row el_class=&#8221;biancogrigio&#8221;][vc_column][vc_empty_space][vc_column_text el_class=&#8221;introduzione&#8221;]\n<h3>Localiza\u00e7\u00e3o<\/h3>\n<h2>Onde estamos<\/h2>\n[\/vc_column_text][\/vc_column][\/vc_row][vc_row el_class=&#8221;wrap txt-interno&#8221;][vc_column width=&#8221;1\/2&#8243;][vc_column_text]A apenas 20 metros da praia da <strong>Baia di Isola Bella<\/strong>, o <strong>Panoramic Hotel de 4 estrelas<\/strong> de <strong>Taormina<\/strong> desfruta de uma <strong>localiza\u00e7\u00e3o estrat\u00e9gica<\/strong>, com vista para o mar e pr\u00f3ximo do telef\u00e9rico o qual chega em 5 minutos ao <strong>centro hist\u00f3rico<\/strong> da cidade.<\/p>\n<p>Na <strong>Sic\u00edlia<\/strong> e no mundo, <strong>Taormina<\/strong> \u00e9 reconhecida como um lugar fascinante e encantador, dominado pelo vulc\u00e3o <strong>Etna<\/strong> e ornamentado pela presen\u00e7a do esplendoroso <strong>Teatro Grego<\/strong>, antiqu\u00edssimo monumento e prestigiada sede de concertos e representa\u00e7\u00f5es de n\u00edvel internacional como o festival <strong>Taormina Arte<\/strong>.<\/p>\n<p>Passando a <strong>Porta Catania<\/strong>, Taormina estende-se ao redor da <strong>Corso Umberto<\/strong>, uma rua rica em estabelecimentos de anima\u00e7\u00e3o nocturna e <strong>restaurantes<\/strong> t\u00edpicos, graciosas <strong>lojas<\/strong> de artesanato e <strong>antiguidades<\/strong>; se procura um momento para dedicar-se a <strong>compras<\/strong> requintadas e exclusivas ou um ser\u00e3o especial, ter\u00e1 muito por onde escolher![\/vc_column_text][\/vc_column][vc_column width=&#8221;1\/2&#8243;][vc_column_text]Avan\u00e7ando em direc\u00e7\u00e3o \u00e0 Porta Messina abre-se a bela <strong>piazza IX Aprile<\/strong>, onde se admira o bel\u00edssimo <strong>panorama<\/strong> e as igrejas de Sant\u2019Agostino e <strong>San Giuseppe<\/strong>; aconselhamo-lo a sentar-se nas mezinhas das esplanadas dos <strong>bares<\/strong> e desfrutar desta sala de estar, um recanto verdadeiramente gracioso e sugestivo da cidade.<\/p>\n<p>Taormina \u00e9 rica em <strong>edif\u00edcios hist\u00f3ricos<\/strong>, frequentemente moradias antigas da nobreza de outrora; recordamos-lhe o Palazzo dei Duchi di Santo Stefano, Palazzo Ciampoli e <strong>Palazzo Corvaja<\/strong> &#8211; conhecido tamb\u00e9m como o Palazzo del Parlamento (Pal\u00e1cio do Parlamento) \u2013 cuja fachada esplendorosa apresenta admir\u00e1veis tra\u00e7os de arte \u00e1rabe.<\/p>\n<p>Permanecendo no centro, n\u00e3o poder\u00e1 evitar o encontro com as \u2018<strong>naumachie\u2019<\/strong>: representam um importante testemunho da \u00e9poca romana, longas <strong>muralhas<\/strong> com grandes nichos que outrora albergaram est\u00e1tuas de her\u00f3is e divindades, conhecidas pelas simula\u00e7\u00f5es das <strong>batalhas navais<\/strong> que tiveram lugar no seu interior.[\/vc_column_text][\/vc_column][\/vc_row][vc_row full_width=&#8221;stretch_row_content_no_spaces&#8221; equal_height=&#8221;yes&#8221; content_placement=&#8221;middle&#8221; css=&#8221;.vc_custom_1460359635791{background-color: #e6e4d8 !important;}&#8221; el_class=&#8221;box-tipologie&#8221;][vc_column]<div id='wrap_map_69de2977350de' class='ultimate-map-wrapper ult-adjust-bottom-margin ' style=' height:600px;'><div id='map_69de2977350de' data-map_override='0' class='ultimate_google_map wpb_content_element page_margin_top' style='width:100%;height:600px;'><\/div><\/div><script type='text\/javascript'>\n\t\t\t(function($) {\n  \t\t\t'use strict';\n\t\t\tvar map_map_69de2977350de = null;\n\t\t\tvar coordinate_map_69de2977350de;\n\t\t\tvar isDraggable = $(document).width() > 641 ? true : true;\n\t\t\ttry\n\t\t\t{\n\t\t\t\tvar map_map_69de2977350de = null;\n\t\t\t\tvar coordinate_map_69de2977350de;\n\t\t\t\tcoordinate_map_69de2977350de=new google.maps.LatLng(37.8536418, 15.2998725);\n\t\t\t\tvar mapOptions=\n\t\t\t\t{\n\t\t\t\t\tzoom: 16,\n\t\t\t\t\tcenter: coordinate_map_69de2977350de,\n\t\t\t\t\tscaleControl: true,\n\t\t\t\t\tstreetViewControl: true,\n\t\t\t\t\tmapTypeControl: true,\n\t\t\t\t\tpanControl: false,\n\t\t\t\t\tzoomControl: true,\n\t\t\t\t\tscrollwheel: false,\n\t\t\t\t\tdraggable: isDraggable,\n\t\t\t\t\tzoomControlOptions: {\n\t\t\t\t\t  style: google.maps.ZoomControlStyle.SMALL\n\t\t\t\t\t},mapTypeId: google.maps.MapTypeId.SATELLITE,};var map_map_69de2977350de = new google.maps.Map(document.getElementById('map_69de2977350de'),mapOptions);\n\t\t\t\t\t\tvar x = 'infowindow_open_value';\n\t\t\t\t\t\tvar marker_map_69de2977350de = new google.maps.Marker({\n\t\t\t\t\t\tposition: new google.maps.LatLng(37.8536418, 15.2998725),\n\t\t\t\t\t\tanimation:  google.maps.Animation.DROP,\n\t\t\t\t\t\tmap: map_map_69de2977350de,\n\t\t\t\t\t\ticon: 'https:\/\/www.panoramictaormina.it\/wp-content\/uploads\/2016\/04\/logo_map.png'\n\t\t\t\t\t});\n\t\t\t\t\tgoogle.maps.event.addListener(marker_map_69de2977350de, 'click', toggleBounce);var infowindow = new google.maps.InfoWindow();\n\t\t\t\t\t\t\tinfowindow.setContent('<div class=\"map_info_text\" style=\\'color:#000;\\'><h3>Panoramic Hotel<\/h3> <p>Via Nazionale 196 B<br \/> 98039 Taormina (ME)<br \/> Tel. +39 0942 620674<br \/> Mob. +39 366 4116483<\/div>');google.maps.event.addListener(marker_map_69de2977350de, 'click', function() {\n\t\t\t\t\t\t\t\tinfowindow.open(map_map_69de2977350de,marker_map_69de2977350de);\n\t\t\t\t\t\t  \t});}\n\t\t\tcatch(e){};\n\t\t\tjQuery(document).ready(function($){\n\t\t\t\tgoogle.maps.event.trigger(map_map_69de2977350de, 'resize');\n\t\t\t\t$(window).resize(function(){\n\t\t\t\t\tgoogle.maps.event.trigger(map_map_69de2977350de, 'resize');\n\t\t\t\t\tif(map_map_69de2977350de!=null)\n\t\t\t\t\t\tmap_map_69de2977350de.setCenter(coordinate_map_69de2977350de);\n\t\t\t\t});\n\t\t\t\t$('.ui-tabs').bind('tabsactivate', function(event, ui) {\n\t\t\t\t   if($(this).find('.ultimate-map-wrapper').length > 0)\n\t\t\t\t\t{\n\t\t\t\t\t\tsetTimeout(function(){\n\t\t\t\t\t\t\t$(window).trigger('resize');\n\t\t\t\t\t\t},200);\n\t\t\t\t\t}\n\t\t\t\t});\n\t\t\t\t$('.ui-accordion').bind('accordionactivate', function(event, ui) {\n\t\t\t\t   if($(this).find('.ultimate-map-wrapper').length > 0)\n\t\t\t\t\t{\n\t\t\t\t\t\tsetTimeout(function(){\n\t\t\t\t\t\t\t$(window).trigger('resize');\n\t\t\t\t\t\t},200);\n\t\t\t\t\t}\n\t\t\t\t});\n\t\t\t\t$(window).load(function(){\n\t\t\t\t\tsetTimeout(function(){\n\t\t\t\t\t\t$(window).trigger('resize');\n\t\t\t\t\t},200);\n\t\t\t\t});\n\t\t\t\t$('.ult_exp_section').select(function(){\n\t\t\t\t\tif($(map_map_69de2977350de).parents('.ult_exp_section'))\n\t\t\t\t\t{\n\t\t\t\t\t\tsetTimeout(function(){\n\t\t\t\t\t\t\t$(window).trigger('resize');\n\t\t\t\t\t\t},200);\n\t\t\t\t\t}\n\t\t\t\t});\n\t\t\t\t$(document).on('onUVCModalPopupOpen', function(){\n\t\t\t\t\tif($(map_map_69de2977350de).parents('.ult_modal-content'))\n\t\t\t\t\t{\n\t\t\t\t\t\tsetTimeout(function(){\n\t\t\t\t\t\t\t$(window).trigger('resize');\n\t\t\t\t\t\t},200);\n\t\t\t\t\t}\n\t\t\t\t});\n\t\t\t\t$(document).on('click','.ult_tab_li',function(){\n\t\t\t\t\t$(window).trigger('resize');\n\t\t\t\t\tsetTimeout(function(){\n\t\t\t\t\t\t$(window).trigger('resize');\n\t\t\t\t\t},200);\n\t\t\t\t});\n\t\t\t});\n\t\t\tfunction toggleBounce() {\n\t\t\t  if (marker_map_69de2977350de.getAnimation() != null) {\n\t\t\t\tmarker_map_69de2977350de.setAnimation(null);\n\t\t\t  } else {\n\t\t\t\tmarker_map_69de2977350de.setAnimation(google.maps.Animation.BOUNCE);\n\t\t\t  }\n\t\t\t}\n\t\t\t})(jQuery);\n\t\t\t<\/script>[vc_column_text el_class=&#8221;txt-tipologie&#8221;]<a href=\"https:\/\/www.panoramictaormina.it\/pt-pt\/como-chegar\/\" class=\"popup\" data-width=\"750\" data-height=\"600\" data-scrollbars=\"1\" alt=\"popup\">\n<p class=\"nascondimobile\">Imprimir o mapa com as indica\u00e7\u00f5es para chegar at\u00e9 n\u00f3s<\/p>\n<\/a>[\/vc_column_text][\/vc_column][\/vc_row][vc_row][vc_column][vc_empty_space][\/vc_column][\/vc_row][vc_row el_class=&#8221;wrap&#8221;][vc_column width=&#8221;1\/4&#8243;][vc_column_text]\n<h3>De comboio<\/h3>\n<p>A esta\u00e7\u00e3o ferrovi\u00e1ria de Taormina Giardini encontra-se a 2 km do hotel Taormina, na linha Messina-Catania. Os comboios s\u00e3o muito frequentes em ambas as direc\u00e7\u00f5es. De Roma, Mil\u00e3o, Turim, Veneza e Bolonha existem comboios directos para Taormina (via N\u00e1poles). Uma vez na esta\u00e7\u00e3o pode chegar ao Hotel Panoramic mediante um t\u00e1xi.[\/vc_column_text][\/vc_column][vc_column width=&#8221;1\/4&#8243;][vc_column_text]\n<h3>De avi\u00e3o<\/h3>\n<p>O aeroporto Fontanarossa de Catania \u032cfica a uma dist\u00e2ncia de 50 km e neste fazem escala muitos voos provenientes das maiores capitais europeias. A cada duas horas, o autocarro de linha (Etna Trasporti) parte do aeroporto em direc\u00e7\u00e3o a Taormina (dura\u00e7\u00e3o do trajecto: cerca de duas horas). O hotel fica a uma dist\u00e2ncia de menos de 500 m da paragem dos autocarros. Como alternativa, utilize o servi\u00e7o de t\u00e1xi.[\/vc_column_text][\/vc_column][vc_column width=&#8221;1\/4&#8243;][vc_column_text]\n<h3>De autom\u00f3vel<\/h3>\n<p>Para chegar a Sic\u00edlia, percorra a A3 N\u00e1poles \u2013 Salerno e seguidamente o tro\u00e7o de auto-estrada Salerno &#8211; Reggio Calabria; apanhe a sa\u00edda de Villa San Giovanni e chegar\u00e1 ao porto, do qual parte o ferryboat para Messina; uma vez desembarcado, prossiga ao longo da A18 para Catania, saia em Taormina, siga as indica\u00e7\u00f5es para Taormina Mare e entre pela via Nazionale, onde, ap\u00f3s apenas um quil\u00f3metro, o Hotel Panoramic o espera.[\/vc_column_text][\/vc_column][vc_column width=&#8221;1\/4&#8243;][vc_column_text]\n<h3>Visite tamb\u00e9m&#8230;<\/h3>\n<ul>\n<li>Abadia Badia Vecchia<\/li>\n<li>Teatro Odeon<\/li>\n<li>Villa Comunale<\/li>\n<li>Duomo di San Nicola<\/li>\n<li>Museu Arqueol\u00f3gico Regional<\/li>\n<li>As encostas do Etna<\/li>\n<li>Acicastello<\/li>\n<li>Grotta Azzurra<\/li>\n<li>Baia di Mazzar\u00f2<\/li>\n<\/ul>\n[\/vc_column_text][\/vc_column][\/vc_row][vc_row full_width=&#8221;stretch_row_content_no_spaces&#8221; equal_height=&#8221;yes&#8221; content_placement=&#8221;middle&#8221; css=&#8221;.vc_custom_1460359699942{background-color: #e6e4d8 !important;}&#8221; el_class=&#8221;box-tipologie&#8221;][vc_column width=&#8221;1\/2&#8243;][vc_column_text el_class=&#8221;txt-tipologie&#8221;]\n<h3>A n\u00e3o perder!<\/h3>\n<h2>Castelmola<\/h2>\n<p>A poucos quil\u00f3metros de Taormina, \u00e9 poss\u00edvel visitar o Santuario della Madonna della Rocca e <strong>Castelmola<\/strong>, extraordin\u00e1rio <strong>burgo medieval<\/strong> que conserva intacta a tradi\u00e7\u00e3o siciliana mais t\u00edpica, onde o tempo parece ter parado e onde ter\u00e1 a ocasi\u00e3o de comprar <strong>produtos gastron\u00f3micos e artesanais locais<\/strong>, observando Taormina, o Etna e o mar de uma localiza\u00e7\u00e3o absolutamente privilegiada e emocionante.[\/vc_column_text][\/vc_column][vc_column width=&#8221;1\/2&#8243;][vc_gallery type=&#8221;image_grid&#8221; images=&#8221;1015&#8243; img_size=&#8221;full&#8221; el_class=&#8221;img-camere&#8221;][\/vc_column][\/vc_row][vc_row full_width=&#8221;stretch_row_content_no_spaces&#8221; equal_height=&#8221;yes&#8221; content_placement=&#8221;middle&#8221; css=&#8221;.vc_custom_1460359712773{background-color: #dae1ef !important;}&#8221; el_class=&#8221;box-tipologie&#8221;][vc_column width=&#8221;1\/2&#8243;][vc_gallery type=&#8221;image_grid&#8221; images=&#8221;1018&#8243; img_size=&#8221;full&#8221; el_class=&#8221;img-camere&#8221;][\/vc_column][vc_column width=&#8221;1\/2&#8243;][vc_column_text el_class=&#8221;txt-tipologie&#8221;]\n<h3>A n\u00e3o perder!<\/h3>\n<h2>Isola Bella<\/h2>\n<p>Taormina n\u00e3o seria <strong>Taormina<\/strong> sem o seu mar. Profundo a pouca dist\u00e2ncia da costa e de intensas <strong>tonalidades de azul<\/strong> antessala de <strong>fundos de cortar a respira\u00e7\u00e3o<\/strong>, com <strong>grutas<\/strong> de uma beleza que as palavras n\u00e3o conseguem descrever. O Panoramic Hotel oferece-lhe desembarque imediato na Isola Bella, <strong>reserva WWF<\/strong> definida como<em> P\u00e9rola do Mediterr\u00e2neo<\/em>, um local m\u00e1gico onde encontrar\u00e1 aves marinhas e peixes multicores, desfrutando de uma regeneradora vida de <strong>praia<\/strong>.[\/vc_column_text][\/vc_column][\/vc_row][vc_row css=&#8221;.vc_custom_1460381469528{padding-top: 30px !important;padding-bottom: 30px !important;background-image: url(https:\/\/www.panoramictaormina.it\/wp-content\/uploads\/2016\/04\/IMG_8749_A.jpg?id=1019) !important;background-position: center !important;background-repeat: no-repeat !important;background-size: cover !important;}&#8221; el_class=&#8221;box-offerte&#8221;][vc_column][vc_column_text el_class=&#8221;wrap&#8221;]\n<h3>Apenas para voc\u00ea<\/h3>\n<h2>Eventos em Taormina e sub\u00farbios<\/h2>\n<div class=\"gallery-view\"><div class=\"events-package-4\"><div class=\"fullsliderimg\"><a href=\"https:\/\/www.panoramictaormina.it\/pt-pt\/events\/pio-amedeo\/\"><img loading=\"lazy\" decoding=\"async\" width=\"210\" height=\"210\" src=\"https:\/\/www.panoramictaormina.it\/wp-content\/uploads\/2019\/06\/Locandina-Taormina-210x210.jpeg\" class=\"size-thumbnail\" alt=\"\" srcset=\"https:\/\/www.panoramictaormina.it\/wp-content\/uploads\/2019\/06\/Locandina-Taormina-210x210.jpeg 210w, https:\/\/www.panoramictaormina.it\/wp-content\/uploads\/2019\/06\/Locandina-Taormina-150x150.jpeg 150w, https:\/\/www.panoramictaormina.it\/wp-content\/uploads\/2019\/06\/Locandina-Taormina-300x300.jpeg 300w, https:\/\/www.panoramictaormina.it\/wp-content\/uploads\/2019\/06\/Locandina-Taormina-768x768.jpeg 768w, https:\/\/www.panoramictaormina.it\/wp-content\/uploads\/2019\/06\/Locandina-Taormina-1024x1024.jpeg 1024w, https:\/\/www.panoramictaormina.it\/wp-content\/uploads\/2019\/06\/Locandina-Taormina-32x32.jpeg 32w, https:\/\/www.panoramictaormina.it\/wp-content\/uploads\/2019\/06\/Locandina-Taormina-64x64.jpeg 64w, https:\/\/www.panoramictaormina.it\/wp-content\/uploads\/2019\/06\/Locandina-Taormina-128x128.jpeg 128w, https:\/\/www.panoramictaormina.it\/wp-content\/uploads\/2019\/06\/Locandina-Taormina-268x268.jpeg 268w, https:\/\/www.panoramictaormina.it\/wp-content\/uploads\/2019\/06\/Locandina-Taormina-500x500.jpeg 500w, https:\/\/www.panoramictaormina.it\/wp-content\/uploads\/2019\/06\/Locandina-Taormina-930x930.jpeg 930w, https:\/\/www.panoramictaormina.it\/wp-content\/uploads\/2019\/06\/Locandina-Taormina.jpeg 1600w\" sizes=\"auto, (max-width: 210px) 100vw, 210px\" \/><\/a><\/div><div class=\"original-price\"><\/div><div class=\"reducted-price\"><\/div><div class=\"clear\"><\/div><div class=\"events_title\"><a href=\"https:\/\/www.panoramictaormina.it\/pt-pt\/events\/pio-amedeo\/\">Pio &#038; Amedeo<\/a><\/div><div class=\"package-gallery\"><div><\/div><div><\/div><div><\/div><div><\/div><\/div><\/div><div class=\"events-package-4\"><div class=\"original-price\"><\/div><div class=\"reducted-price\"><\/div><div class=\"clear\"><\/div><div class=\"events_title\"><a href=\"https:\/\/www.panoramictaormina.it\/pt-pt\/events\/nastri-dargento-2019\/\">Nastri D&#8217;Argento 2019!<\/a><\/div><div class=\"package-gallery\"><div><\/div><div><\/div><div><\/div><div><\/div><\/div><\/div><div class=\"events-package-4\"><div class=\"fullsliderimg\"><a href=\"https:\/\/www.panoramictaormina.it\/pt-pt\/events\/taomooda-2019\/\"><img loading=\"lazy\" decoding=\"async\" width=\"210\" height=\"210\" src=\"https:\/\/www.panoramictaormina.it\/wp-content\/uploads\/2018\/12\/Taomoda-210x210.jpg\" class=\"size-thumbnail\" alt=\"\" srcset=\"https:\/\/www.panoramictaormina.it\/wp-content\/uploads\/2018\/12\/Taomoda-210x210.jpg 210w, https:\/\/www.panoramictaormina.it\/wp-content\/uploads\/2018\/12\/Taomoda-150x150.jpg 150w, https:\/\/www.panoramictaormina.it\/wp-content\/uploads\/2018\/12\/Taomoda-32x32.jpg 32w, https:\/\/www.panoramictaormina.it\/wp-content\/uploads\/2018\/12\/Taomoda-128x128.jpg 128w, https:\/\/www.panoramictaormina.it\/wp-content\/uploads\/2018\/12\/Taomoda-268x268.jpg 268w\" sizes=\"auto, (max-width: 210px) 100vw, 210px\" \/><\/a><\/div><div class=\"original-price\"><\/div><div class=\"reducted-price\"><\/div><div class=\"clear\"><\/div><div class=\"events_title\"><a href=\"https:\/\/www.panoramictaormina.it\/pt-pt\/events\/taomooda-2019\/\">Taomooda 2019!<\/a><\/div><div class=\"package-gallery\"><div><\/div><div><\/div><div><\/div><div><\/div><\/div><\/div><div class=\"events-package-4\"><div class=\"original-price\"><\/div><div class=\"reducted-price\"><\/div><div class=\"clear\"><\/div><div class=\"events_title\"><a href=\"https:\/\/www.panoramictaormina.it\/pt-pt\/events\/taormina-book-festival-2019\/\">Taormina Book Festival 2019!<\/a><\/div><div class=\"package-gallery\"><div><\/div><div><\/div><div><\/div><div><\/div><\/div><\/div><\/div>\n<h4><a href=\"https:\/\/www.panoramictaormina.it\/pt-pt\/eventos\/\">Consulte a lista completa<\/a><\/h4>\n[\/vc_column_text][\/vc_column][\/vc_row][vc_row][vc_column][vc_media_grid element_width=&#8221;2&#8243; gap=&#8221;0&#8243; item=&#8221;mediaGrid_FadeInWithIcon&#8221; grid_id=&#8221;vc_gid:1461681621504-05851fa7-0e6d-10&#8243; include=&#8221;1021,1022,1023,1024,1025,1026&#8243;][\/vc_column][\/vc_row]\n<\/div>","protected":false},"excerpt":{"rendered":"<p>[vc_row el_class=&#8221;biancogrigio&#8221;][vc_column][vc_empty_space][vc_column_text el_class=&#8221;introduzione&#8221;] Localiza\u00e7\u00e3o Onde estamos [\/vc_column_text][\/vc_column][\/vc_row][vc_row el_class=&#8221;wrap txt-interno&#8221;][vc_column width=&#8221;1\/2&#8243;][vc_column_text]A apenas 20 metros da praia da Baia di Isola Bella, o Panoramic Hotel de 4 estrelas de Taormina desfruta de uma localiza\u00e7\u00e3o estrat\u00e9gica, com vista para o mar e pr\u00f3ximo do telef\u00e9rico o qual chega em 5 minutos ao centro hist\u00f3rico da cidade. Na Sic\u00edlia [&hellip;]<\/p>\n","protected":false},"author":30,"featured_media":0,"parent":0,"menu_order":0,"comment_status":"closed","ping_status":"closed","template":"","meta":{"_genesis_hide_title":false,"_genesis_hide_breadcrumbs":false,"_genesis_hide_singular_image":false,"_genesis_hide_footer_widgets":false,"_genesis_custom_body_class":"","_genesis_custom_post_class":"","_genesis_layout":"","footnotes":""},"class_list":{"0":"post-1181","1":"page","2":"type-page","3":"status-publish","5":"entry"},"yoast_head":"<!-- This site is optimized with the Yoast SEO plugin v25.7 - https:\/\/yoast.com\/wordpress\/plugins\/seo\/ -->\n<title>Onde estamos - Panoramic Hotel<\/title>\n<meta name=\"description\" content=\"4 estrelas Hotel Taormina com vista para Isola Bella e Capo Taormina na Sic\u00edlia.\" \/>\n<meta name=\"robots\" content=\"index, follow, max-snippet:-1, max-image-preview:large, max-video-preview:-1\" \/>\n<link rel=\"canonical\" href=\"https:\/\/www.panoramictaormina.it\/pt-pt\/onde-estamos\/\" \/>\n<meta property=\"og:locale\" content=\"pt_PT\" \/>\n<meta property=\"og:type\" content=\"article\" \/>\n<meta property=\"og:title\" content=\"Onde estamos - Panoramic Hotel\" \/>\n<meta property=\"og:description\" content=\"4 estrelas Hotel Taormina com vista para Isola Bella e Capo Taormina na Sic\u00edlia.\" \/>\n<meta property=\"og:url\" content=\"https:\/\/www.panoramictaormina.it\/pt-pt\/onde-estamos\/\" \/>\n<meta property=\"og:site_name\" content=\"Panoramic Hotel\" \/>\n<meta property=\"article:modified_time\" content=\"2016-04-27T15:34:27+00:00\" \/>\n<meta name=\"twitter:label1\" content=\"Tempo estimado de leitura\" \/>\n\t<meta name=\"twitter:data1\" content=\"6 minutos\" \/>\n<script type=\"application\/ld+json\" class=\"yoast-schema-graph\">{\"@context\":\"https:\/\/schema.org\",\"@graph\":[{\"@type\":\"WebPage\",\"@id\":\"https:\/\/www.panoramictaormina.it\/pt-pt\/onde-estamos\/\",\"url\":\"https:\/\/www.panoramictaormina.it\/pt-pt\/onde-estamos\/\",\"name\":\"Onde estamos - Panoramic Hotel\",\"isPartOf\":{\"@id\":\"https:\/\/www.panoramictaormina.it\/pt-pt\/#website\"},\"datePublished\":\"2016-04-26T14:46:42+00:00\",\"dateModified\":\"2016-04-27T15:34:27+00:00\",\"description\":\"4 estrelas Hotel Taormina com vista para Isola Bella e Capo Taormina na Sic\u00edlia.\",\"breadcrumb\":{\"@id\":\"https:\/\/www.panoramictaormina.it\/pt-pt\/onde-estamos\/#breadcrumb\"},\"inLanguage\":\"pt-PT\",\"potentialAction\":[{\"@type\":\"ReadAction\",\"target\":[\"https:\/\/www.panoramictaormina.it\/pt-pt\/onde-estamos\/\"]}]},{\"@type\":\"BreadcrumbList\",\"@id\":\"https:\/\/www.panoramictaormina.it\/pt-pt\/onde-estamos\/#breadcrumb\",\"itemListElement\":[{\"@type\":\"ListItem\",\"position\":1,\"name\":\"Home\",\"item\":\"https:\/\/www.panoramictaormina.it\/pt-pt\/\"},{\"@type\":\"ListItem\",\"position\":2,\"name\":\"Onde estamos\"}]},{\"@type\":\"WebSite\",\"@id\":\"https:\/\/www.panoramictaormina.it\/pt-pt\/#website\",\"url\":\"https:\/\/www.panoramictaormina.it\/pt-pt\/\",\"name\":\"Panoramic Hotel\",\"description\":\"\",\"potentialAction\":[{\"@type\":\"SearchAction\",\"target\":{\"@type\":\"EntryPoint\",\"urlTemplate\":\"https:\/\/www.panoramictaormina.it\/pt-pt\/?s={search_term_string}\"},\"query-input\":{\"@type\":\"PropertyValueSpecification\",\"valueRequired\":true,\"valueName\":\"search_term_string\"}}],\"inLanguage\":\"pt-PT\"}]}<\/script>\n<!-- \/ Yoast SEO plugin. -->","yoast_head_json":{"title":"Onde estamos - Panoramic Hotel","description":"4 estrelas Hotel Taormina com vista para Isola Bella e Capo Taormina na Sic\u00edlia.","robots":{"index":"index","follow":"follow","max-snippet":"max-snippet:-1","max-image-preview":"max-image-preview:large","max-video-preview":"max-video-preview:-1"},"canonical":"https:\/\/www.panoramictaormina.it\/pt-pt\/onde-estamos\/","og_locale":"pt_PT","og_type":"article","og_title":"Onde estamos - Panoramic Hotel","og_description":"4 estrelas Hotel Taormina com vista para Isola Bella e Capo Taormina na Sic\u00edlia.","og_url":"https:\/\/www.panoramictaormina.it\/pt-pt\/onde-estamos\/","og_site_name":"Panoramic Hotel","article_modified_time":"2016-04-27T15:34:27+00:00","twitter_misc":{"Tempo estimado de leitura":"6 minutos"},"schema":{"@context":"https:\/\/schema.org","@graph":[{"@type":"WebPage","@id":"https:\/\/www.panoramictaormina.it\/pt-pt\/onde-estamos\/","url":"https:\/\/www.panoramictaormina.it\/pt-pt\/onde-estamos\/","name":"Onde estamos - Panoramic Hotel","isPartOf":{"@id":"https:\/\/www.panoramictaormina.it\/pt-pt\/#website"},"datePublished":"2016-04-26T14:46:42+00:00","dateModified":"2016-04-27T15:34:27+00:00","description":"4 estrelas Hotel Taormina com vista para Isola Bella e Capo Taormina na Sic\u00edlia.","breadcrumb":{"@id":"https:\/\/www.panoramictaormina.it\/pt-pt\/onde-estamos\/#breadcrumb"},"inLanguage":"pt-PT","potentialAction":[{"@type":"ReadAction","target":["https:\/\/www.panoramictaormina.it\/pt-pt\/onde-estamos\/"]}]},{"@type":"BreadcrumbList","@id":"https:\/\/www.panoramictaormina.it\/pt-pt\/onde-estamos\/#breadcrumb","itemListElement":[{"@type":"ListItem","position":1,"name":"Home","item":"https:\/\/www.panoramictaormina.it\/pt-pt\/"},{"@type":"ListItem","position":2,"name":"Onde estamos"}]},{"@type":"WebSite","@id":"https:\/\/www.panoramictaormina.it\/pt-pt\/#website","url":"https:\/\/www.panoramictaormina.it\/pt-pt\/","name":"Panoramic Hotel","description":"","potentialAction":[{"@type":"SearchAction","target":{"@type":"EntryPoint","urlTemplate":"https:\/\/www.panoramictaormina.it\/pt-pt\/?s={search_term_string}"},"query-input":{"@type":"PropertyValueSpecification","valueRequired":true,"valueName":"search_term_string"}}],"inLanguage":"pt-PT"}]}},"publishpress_future_action":{"enabled":false,"date":"2026-04-21 11:48:07","action":"change-status","newStatus":"draft","terms":[],"taxonomy":"translation_priority","extraData":[]},"publishpress_future_workflow_manual_trigger":{"enabledWorkflows":[]},"_links":{"self":[{"href":"https:\/\/www.panoramictaormina.it\/pt-pt\/wp-json\/wp\/v2\/pages\/1181","targetHints":{"allow":["GET"]}}],"collection":[{"href":"https:\/\/www.panoramictaormina.it\/pt-pt\/wp-json\/wp\/v2\/pages"}],"about":[{"href":"https:\/\/www.panoramictaormina.it\/pt-pt\/wp-json\/wp\/v2\/types\/page"}],"author":[{"embeddable":true,"href":"https:\/\/www.panoramictaormina.it\/pt-pt\/wp-json\/wp\/v2\/users\/30"}],"replies":[{"embeddable":true,"href":"https:\/\/www.panoramictaormina.it\/pt-pt\/wp-json\/wp\/v2\/comments?post=1181"}],"version-history":[{"count":2,"href":"https:\/\/www.panoramictaormina.it\/pt-pt\/wp-json\/wp\/v2\/pages\/1181\/revisions"}],"predecessor-version":[{"id":1183,"href":"https:\/\/www.panoramictaormina.it\/pt-pt\/wp-json\/wp\/v2\/pages\/1181\/revisions\/1183"}],"wp:attachment":[{"href":"https:\/\/www.panoramictaormina.it\/pt-pt\/wp-json\/wp\/v2\/media?parent=1181"}],"curies":[{"name":"wp","href":"https:\/\/api.w.org\/{rel}","templated":true}]}}