{"id":1231,"date":"2016-04-27T10:28:04","date_gmt":"2016-04-27T10:28:04","guid":{"rendered":"https:\/\/www.panoramictaormina.it\/fr\/?page_id=1231"},"modified":"2024-08-07T14:15:21","modified_gmt":"2024-08-07T14:15:21","slug":"chambres","status":"publish","type":"page","link":"https:\/\/www.panoramictaormina.it\/fr\/chambres\/","title":{"rendered":"Chambres"},"content":{"rendered":"<div class=\"wpb-content-wrapper\">[vc_row el_class=\u00a0\u00bbbiancogrigio\u00a0\u00bb][vc_column][vc_empty_space][vc_column_text el_class=\u00a0\u00bbintroduzione\u00a0\u00bb]\n<h3>Bienvenue<\/h3>\n<h2>Les Chambres<\/h2>\n[\/vc_column_text][\/vc_column][\/vc_row][vc_row el_class=\u00a0\u00bbwrap txt-interno\u00a0\u00bb][vc_column width=\u00a0\u00bb1\/2&Prime;][vc_column_text]B\u00e9n\u00e9ficiant d&rsquo;une vue splendide sur la <strong>Baie d&rsquo;Isola Bella<\/strong>, les chambre du <strong>Panoramic Hotel 4 \u00e9toiles <\/strong>de <strong>Taormine<\/strong> donnent toutes sur la mer et vous offrent l&rsquo;\u00e9motion d&rsquo;un <strong>panorama<\/strong> qu&rsquo;aucun <strong>h\u00f4tel<\/strong> de <strong>Taormine<\/strong> n&rsquo;est en mesure de proposer.<\/p>\n<p>Les grandes <strong>baies vitr\u00e9es<\/strong> qui laissent entrer la lumi\u00e8re <strong>et les meubles artisanaux <\/strong>en bouleau, qui se marient parfaitement aux \u00e9l\u00e9gantes tentures, compl\u00e8tent cette <strong>atmosph\u00e8re<\/strong> enchanteresse, transformant votre s\u00e9jour au <strong>Panoramic Hotel<\/strong> en un moment vraiment inoubliable.<\/p>\n<p>Les chambres sont toutes dot\u00e9es de <strong>TV par satellite<\/strong> avec \u00e9cran plasma, connexion Wi-Fi partout, <strong>t\u00e9l\u00e9phonie VOIP<\/strong>, air conditionn\u00e9\/chauffage autonomes, Voice mail, sol en gr\u00e9s porcelain\u00e9. L&rsquo;h\u00f4tel offre 14 chambres triples, 8 doubles (grand lit ou deux lits) et une <strong>chambre familiale<\/strong> avec coin nuit et coin jour.[\/vc_column_text][\/vc_column][vc_column width=\u00a0\u00bb1\/4&Prime;][vc_column_text]\n<h3>Confort<\/h3>\n<ul>\n<li>Accessibles aux personnes handicap\u00e9es<\/li>\n<li>Avec vue<\/li>\n<li>Avec terrasse<\/li>\n<li>T\u00e9l\u00e9phone direct<\/li>\n<li>Internet ADSL Wi-fi<\/li>\n<li>Voice mail<\/li>\n<li>TV SAT LCD\/Plasma<\/li>\n<li>Radio<\/li>\n<li>Mini bar<\/li>\n<li>Air conditionn\u00e9 et chauffage r\u00e9glable<\/li>\n<li>Non fumeurs<\/li>\n<li>Fumeurs<\/li>\n<\/ul>\n[\/vc_column_text][\/vc_column][vc_column width=\u00a0\u00bb1\/4&Prime;][vc_column_text]\n<h3>Salle de bains<\/h3>\n<ul>\n<li>Douche\/Baignoire<\/li>\n<li>Prise \u00e9lectrique<\/li>\n<li>Kit de courtoisie<\/li>\n<li>Peignoir<\/li>\n<li>S\u00e8che-cheveux<\/li>\n<\/ul>\n[\/vc_column_text][\/vc_column][\/vc_row][vc_row full_width=\u00a0\u00bbstretch_row_content_no_spaces\u00a0\u00bb equal_height=\u00a0\u00bbyes\u00a0\u00bb content_placement=\u00a0\u00bbmiddle\u00a0\u00bb css=\u00a0\u00bb.vc_custom_1460359646174{background-color: #dae1ef !important;}\u00a0\u00bb el_class=\u00a0\u00bbbox-tipologie\u00a0\u00bb][vc_column width=\u00a0\u00bb1\/2&Prime;][vc_column_text el_class=\u00a0\u00bbtxt-tipologie\u00a0\u00bb]\n<h3>Les Chambres<\/h3>\n<h2>Double avec vue sur la mer<\/h2>\n<p>Nos chambres doubles ont deux lits s\u00e9par\u00e9 ou un lit double. Elles ont tous les conforts et les \u00e9quipements dont vous avez besoin afin que vous puissiez profiter au maximum de votre s\u00e9jour \u00e0 Taormina.<\/p>\n<h4 class=\"reservations_desktop\"><a href=\"https:\/\/hotelpanoramichotel.beddy.io?lang=fr\">R\u00e9servez<\/a><\/h4>\n<h4 class=\"reservations_mobile\"><a href=\"https:\/\/hotelpanoramichotel.beddy.io?lang=fr\" target=\"_blank\" rel=\"noopener noreferrer\">R\u00e9servez<\/a><\/h4>\n[\/vc_column_text][\/vc_column][vc_column width=\u00a0\u00bb1\/2&Prime;][vc_gallery type=\u00a0\u00bbimage_grid\u00a0\u00bb images=\u00a0\u00bb896,897,898,899&Prime; img_size=\u00a0\u00bbfull\u00a0\u00bb el_class=\u00a0\u00bbimg-camere\u00a0\u00bb][\/vc_column][\/vc_row][vc_row full_width=\u00a0\u00bbstretch_row_content_no_spaces\u00a0\u00bb equal_height=\u00a0\u00bbyes\u00a0\u00bb content_placement=\u00a0\u00bbmiddle\u00a0\u00bb css=\u00a0\u00bb.vc_custom_1460359691289{background-color: #ffffff !important;}\u00a0\u00bb el_class=\u00a0\u00bbbox-tipologie\u00a0\u00bb][vc_column width=\u00a0\u00bb1\/2&Prime;][vc_gallery type=\u00a0\u00bbimage_grid\u00a0\u00bb images=\u00a0\u00bb904,905&Prime; img_size=\u00a0\u00bbfull\u00a0\u00bb el_class=\u00a0\u00bbimg-camere\u00a0\u00bb][\/vc_column][vc_column width=\u00a0\u00bb1\/2&Prime;][vc_column_text el_class=\u00a0\u00bbtxt-tipologie\u00a0\u00bb]\n<h3>Les Chambres<\/h3>\n<h2>Double Superior avec vue sur la mer<\/h2>\n<p>Nos chambres sup\u00e9rieures sont situ\u00e9es au dernier \u00e9tage, avec de beaux balcons pour profiter de la meilleure vue possible depuis la magnifique baie d\u2019Isolabella<\/p>\n<h4 class=\"reservations_desktop\"><a href=\"https:\/\/hotelpanoramichotel.beddy.io?lang=fr\">R\u00e9servez<\/a><\/h4>\n<h4 class=\"reservations_mobile\"><a href=\"https:\/\/hotelpanoramichotel.beddy.io?lang=fr\" target=\"_blank\" rel=\"noopener noreferrer\">R\u00e9servez<\/a><\/h4>\n[\/vc_column_text][\/vc_column][\/vc_row][vc_row full_width=\u00a0\u00bbstretch_row_content_no_spaces\u00a0\u00bb equal_height=\u00a0\u00bbyes\u00a0\u00bb content_placement=\u00a0\u00bbmiddle\u00a0\u00bb css=\u00a0\u00bb.vc_custom_1460359699942{background-color: #e6e4d8 !important;}\u00a0\u00bb el_class=\u00a0\u00bbbox-tipologie\u00a0\u00bb][vc_column width=\u00a0\u00bb1\/2&Prime;][vc_column_text el_class=\u00a0\u00bbtxt-tipologie\u00a0\u00bb]\n<h3>Les Chambres<\/h3>\n<h2>Triple avec vue sur la mer<\/h2>\n<p>Si vous \u00eates \u00e0 la recherche d&rsquo;espace pour trois personnes, nos chambres triples sont \u00e0 votre disposition. Elles ont trois lits s\u00e9par\u00e9 ou, si vous pr\u00e9f\u00e9rez, un lit double et un lit simple. S&rsquo;il vous pla\u00eet indiquer votre pr\u00e9f\u00e9rence lors de la r\u00e9servation.<\/p>\n<h4 class=\"reservations_desktop\"><a href=\"https:\/\/book2.nozio.com\/accommodation\/list?channelId=4c364375-5b18-45a4-b035-b549ef79e6d1&amp;culture=fr\">R\u00e9servez<\/a><\/h4>\n<h4 class=\"reservations_mobile\"><a href=\"https:\/\/hotelpanoramichotel.beddy.io?lang=fr\" target=\"_blank\" rel=\"noopener noreferrer\">R\u00e9servez<\/a><\/h4>\n[\/vc_column_text][\/vc_column][vc_column width=\u00a0\u00bb1\/2&Prime;][vc_gallery type=\u00a0\u00bbimage_grid\u00a0\u00bb images=\u00a0\u00bb910,908,909,911&Prime; img_size=\u00a0\u00bbfull\u00a0\u00bb el_class=\u00a0\u00bbimg-camere\u00a0\u00bb][\/vc_column][\/vc_row][vc_row full_width=\u00a0\u00bbstretch_row_content_no_spaces\u00a0\u00bb equal_height=\u00a0\u00bbyes\u00a0\u00bb content_placement=\u00a0\u00bbmiddle\u00a0\u00bb css=\u00a0\u00bb.vc_custom_1460359712773{background-color: #dae1ef !important;}\u00a0\u00bb el_class=\u00a0\u00bbbox-tipologie\u00a0\u00bb][vc_column width=\u00a0\u00bb1\/2&Prime;][vc_gallery type=\u00a0\u00bbimage_grid\u00a0\u00bb images=\u00a0\u00bb913,912,914,915&Prime; img_size=\u00a0\u00bbfull\u00a0\u00bb el_class=\u00a0\u00bbimg-camere\u00a0\u00bb][\/vc_column][vc_column width=\u00a0\u00bb1\/2&Prime;][vc_column_text el_class=\u00a0\u00bbtxt-tipologie\u00a0\u00bb]\n<h3>Les Chambres<\/h3>\n<h2>Junior Suite<\/h2>\n<p>Notre chambre familiale dispose de 2 chambres communicantes avec 2 balcons vue sur mer et chaque chambre salle de bain priv\u00e9e. La chambre est structur\u00e9s comme ca: une piece avec un lit double et l&rsquo;autre piece avec un canap\u00e9 qui se transforme en deux lits simples.<\/p>\n<h4 class=\"reservations_desktop\"><a href=\"https:\/\/hotelpanoramichotel.beddy.io?lang=fr\">R\u00e9servez<\/a><\/h4>\n<h4 class=\"reservations_mobile\"><a href=\"https:\/\/hotelpanoramichotel.beddy.io?lang=fr\" target=\"_blank\" rel=\"noopener noreferrer\">R\u00e9servez<\/a><\/h4>\n[\/vc_column_text][\/vc_column][\/vc_row][vc_row css=\u00a0\u00bb.vc_custom_1460107789527{padding-top: 30px !important;padding-bottom: 30px !important;background-image: url(https:\/\/www.panoramictaormina.it\/wp-content\/uploads\/2013\/09\/bg_offerte-home.jpg?id=858) !important;background-position: center !important;background-repeat: no-repeat !important;background-size: cover !important;}\u00a0\u00bb el_class=\u00a0\u00bbbox-offerte\u00a0\u00bb][vc_column][vc_column_text el_class=\u00a0\u00bbwrap\u00a0\u00bb]\n<h3>Seulement pour toi<\/h3>\n<h2>Offres sp\u00e9ciales<\/h2>\n<div class=\"gallery-view\"><div class=\"offer-package-4\"><div style=\"position:relative; margin-left:auto; margin-right:auto; overflow:hidden; width:px;\"><a href=\"https:\/\/www.panoramictaormina.it\/fr\/offers\/boat-tour\/\"><img loading=\"lazy\" decoding=\"async\" width=\"210\" height=\"210\" src=\"https:\/\/www.panoramictaormina.it\/wp-content\/uploads\/2016\/04\/sicily-1900-210x210.jpg\" class=\"size-thumbnail\" alt=\"\" srcset=\"https:\/\/www.panoramictaormina.it\/wp-content\/uploads\/2016\/04\/sicily-1900-210x210.jpg 210w, https:\/\/www.panoramictaormina.it\/wp-content\/uploads\/2016\/04\/sicily-1900-150x150.jpg 150w, https:\/\/www.panoramictaormina.it\/wp-content\/uploads\/2016\/04\/sicily-1900-32x32.jpg 32w, https:\/\/www.panoramictaormina.it\/wp-content\/uploads\/2016\/04\/sicily-1900-128x128.jpg 128w, https:\/\/www.panoramictaormina.it\/wp-content\/uploads\/2016\/04\/sicily-1900-268x268.jpg 268w, https:\/\/www.panoramictaormina.it\/wp-content\/uploads\/2016\/04\/sicily-1900-500x500.jpg 500w\" sizes=\"auto, (max-width: 210px) 100vw, 210px\" \/><\/a><div class=\"background-offer-gallery\"><img decoding=\"async\" src=\"https:\/\/www.panoramictaormina.it\/wp-content\/uploads\/2013\/09\/bkg-white704.png\" \/>   <div class=\"highlight-text-gallery\"><a href=\"https:\/\/www.panoramictaormina.it\/fr\/offers\/boat-tour\/\">Package<\/a><\/div><\/div><div class=\"background-tag-gallery\">\n                            <img decoding=\"async\" src=\"https:\/\/www.panoramictaormina.it\/wp-content\/uploads\/2013\/09\/package_icon.png\"><\/div><\/div><div class=\"original-price\"><\/div><div class=\"reducted-price\"><\/div><div class=\"clear\"><\/div><div class=\"offer_title\"><a href=\"https:\/\/www.panoramictaormina.it\/fr\/offers\/boat-tour\/\">Tour en bateau<\/a><\/div><div class=\"package-gallery\"><div><\/div><div><\/div><div><\/div><div><\/div><\/div><\/div><div class=\"offer-package-4\"><div style=\"position:relative; margin-left:auto; margin-right:auto; overflow:hidden; width:px;\"><a href=\"https:\/\/www.panoramictaormina.it\/fr\/offers\/snorkeling-in-taormina\/\"><img loading=\"lazy\" decoding=\"async\" width=\"198\" height=\"198\" src=\"https:\/\/www.panoramictaormina.it\/wp-content\/uploads\/2016\/05\/31.jpg\" class=\"size-thumbnail\" alt=\"\" srcset=\"https:\/\/www.panoramictaormina.it\/wp-content\/uploads\/2016\/05\/31.jpg 198w, https:\/\/www.panoramictaormina.it\/wp-content\/uploads\/2016\/05\/31-150x150.jpg 150w, https:\/\/www.panoramictaormina.it\/wp-content\/uploads\/2016\/05\/31-32x32.jpg 32w, https:\/\/www.panoramictaormina.it\/wp-content\/uploads\/2016\/05\/31-64x64.jpg 64w, https:\/\/www.panoramictaormina.it\/wp-content\/uploads\/2016\/05\/31-128x128.jpg 128w\" sizes=\"auto, (max-width: 198px) 100vw, 198px\" \/><\/a><div class=\"background-offer-gallery\"><img decoding=\"async\" src=\"https:\/\/www.panoramictaormina.it\/wp-content\/uploads\/2013\/09\/bkg-white704.png\" \/>   <div class=\"highlight-text-gallery\"><a href=\"https:\/\/www.panoramictaormina.it\/fr\/offers\/snorkeling-in-taormina\/\">Package<\/a><\/div><\/div><div class=\"background-tag-gallery\">\n                            <img decoding=\"async\" src=\"https:\/\/www.panoramictaormina.it\/wp-content\/uploads\/2013\/09\/package_icon.png\"><\/div><\/div><div class=\"original-price\"><\/div><div class=\"reducted-price\"><\/div><div class=\"clear\"><\/div><div class=\"offer_title\"><a href=\"https:\/\/www.panoramictaormina.it\/fr\/offers\/snorkeling-in-taormina\/\">Snorkeling \u00e0 Taormina<\/a><\/div><div class=\"package-gallery\"><div><\/div><div><\/div><div><\/div><div><\/div><\/div><\/div><div class=\"offer-package-4\"><div style=\"position:relative; margin-left:auto; margin-right:auto; overflow:hidden; width:px;\"><a href=\"https:\/\/www.panoramictaormina.it\/fr\/offers\/wine-tasting-taormina\/\"><img loading=\"lazy\" decoding=\"async\" width=\"210\" height=\"186\" src=\"https:\/\/www.panoramictaormina.it\/wp-content\/uploads\/2016\/05\/2d3a0cda-37ba-4693-9088-116093cd54fa-210x186.jpg\" class=\"size-thumbnail\" alt=\"\" \/><\/a><div class=\"background-offer-gallery\"><img decoding=\"async\" src=\"https:\/\/www.panoramictaormina.it\/wp-content\/uploads\/2013\/09\/bkg-white704.png\" \/>   <div class=\"highlight-text-gallery\"><a href=\"https:\/\/www.panoramictaormina.it\/fr\/offers\/wine-tasting-taormina\/\">Package<\/a><\/div><\/div><div class=\"background-tag-gallery\">\n                            <img decoding=\"async\" src=\"https:\/\/www.panoramictaormina.it\/wp-content\/uploads\/2013\/09\/package_icon.png\"><\/div><\/div><div class=\"original-price\"><\/div><div class=\"reducted-price\"><\/div><div class=\"clear\"><\/div><div class=\"offer_title\"><a href=\"https:\/\/www.panoramictaormina.it\/fr\/offers\/wine-tasting-taormina\/\">D\u00e9gustation de vin Siciliens \u00e0 Taormina<\/a><\/div><div class=\"package-gallery\"><div><\/div><div><\/div><div><\/div><div><\/div><\/div><\/div><\/div>\n<h4><a href=\"https:\/\/www.panoramictaormina.it\/fr\/offres-speciales\/\">Voir la liste compl\u00e8te<\/a><\/h4>\n[\/vc_column_text][\/vc_column][\/vc_row]\n<\/div>","protected":false},"excerpt":{"rendered":"<p>[vc_row el_class=\u00a0\u00bbbiancogrigio\u00a0\u00bb][vc_column][vc_empty_space][vc_column_text el_class=\u00a0\u00bbintroduzione\u00a0\u00bb] Bienvenue Les Chambres [\/vc_column_text][\/vc_column][\/vc_row][vc_row el_class=\u00a0\u00bbwrap txt-interno\u00a0\u00bb][vc_column width=\u00a0\u00bb1\/2&Prime;][vc_column_text]B\u00e9n\u00e9ficiant d&rsquo;une vue splendide sur la Baie d&rsquo;Isola Bella, les chambre du Panoramic Hotel 4 \u00e9toiles de Taormine donnent toutes sur la mer et vous offrent l&rsquo;\u00e9motion d&rsquo;un panorama qu&rsquo;aucun h\u00f4tel de Taormine n&rsquo;est en mesure de proposer. Les grandes baies vitr\u00e9es qui laissent entrer la [&hellip;]<\/p>\n","protected":false},"author":30,"featured_media":0,"parent":0,"menu_order":0,"comment_status":"closed","ping_status":"closed","template":"","meta":{"_genesis_hide_title":false,"_genesis_hide_breadcrumbs":false,"_genesis_hide_singular_image":false,"_genesis_hide_footer_widgets":false,"_genesis_custom_body_class":"","_genesis_custom_post_class":"","_genesis_layout":"","footnotes":""},"class_list":{"0":"post-1231","1":"page","2":"type-page","3":"status-publish","5":"entry"},"yoast_head":"<!-- This site is optimized with the Yoast SEO plugin v25.7 - https:\/\/yoast.com\/wordpress\/plugins\/seo\/ -->\n<title>Chambres - Panoramic Hotel<\/title>\n<meta name=\"description\" content=\"Modern H\u00f4tel 4 \u00e9toiles \u00e0 Taormina avec une vue panoramique de l&#039;\u00eele Belle et Capo Taormina.\" \/>\n<meta name=\"robots\" content=\"index, follow, max-snippet:-1, max-image-preview:large, max-video-preview:-1\" \/>\n<link rel=\"canonical\" href=\"https:\/\/www.panoramictaormina.it\/fr\/chambres\/\" \/>\n<meta property=\"og:locale\" content=\"fr_FR\" \/>\n<meta property=\"og:type\" content=\"article\" \/>\n<meta property=\"og:title\" content=\"Chambres - Panoramic Hotel\" \/>\n<meta property=\"og:description\" content=\"Modern H\u00f4tel 4 \u00e9toiles \u00e0 Taormina avec une vue panoramique de l&#039;\u00eele Belle et Capo Taormina.\" \/>\n<meta property=\"og:url\" content=\"https:\/\/www.panoramictaormina.it\/fr\/chambres\/\" \/>\n<meta property=\"og:site_name\" content=\"Panoramic Hotel\" \/>\n<meta property=\"article:modified_time\" content=\"2024-08-07T14:15:21+00:00\" \/>\n<meta name=\"twitter:label1\" content=\"Dur\u00e9e de lecture estim\u00e9e\" \/>\n\t<meta name=\"twitter:data1\" content=\"7 minutes\" \/>\n<script type=\"application\/ld+json\" class=\"yoast-schema-graph\">{\"@context\":\"https:\/\/schema.org\",\"@graph\":[{\"@type\":\"WebPage\",\"@id\":\"https:\/\/www.panoramictaormina.it\/fr\/chambres\/\",\"url\":\"https:\/\/www.panoramictaormina.it\/fr\/chambres\/\",\"name\":\"Chambres - Panoramic Hotel\",\"isPartOf\":{\"@id\":\"https:\/\/www.panoramictaormina.it\/fr\/#website\"},\"datePublished\":\"2016-04-27T10:28:04+00:00\",\"dateModified\":\"2024-08-07T14:15:21+00:00\",\"description\":\"Modern H\u00f4tel 4 \u00e9toiles \u00e0 Taormina avec une vue panoramique de l'\u00eele Belle et Capo Taormina.\",\"breadcrumb\":{\"@id\":\"https:\/\/www.panoramictaormina.it\/fr\/chambres\/#breadcrumb\"},\"inLanguage\":\"fr-FR\",\"potentialAction\":[{\"@type\":\"ReadAction\",\"target\":[\"https:\/\/www.panoramictaormina.it\/fr\/chambres\/\"]}]},{\"@type\":\"BreadcrumbList\",\"@id\":\"https:\/\/www.panoramictaormina.it\/fr\/chambres\/#breadcrumb\",\"itemListElement\":[{\"@type\":\"ListItem\",\"position\":1,\"name\":\"Home\",\"item\":\"https:\/\/www.panoramictaormina.it\/fr\/\"},{\"@type\":\"ListItem\",\"position\":2,\"name\":\"Chambres\"}]},{\"@type\":\"WebSite\",\"@id\":\"https:\/\/www.panoramictaormina.it\/fr\/#website\",\"url\":\"https:\/\/www.panoramictaormina.it\/fr\/\",\"name\":\"Panoramic Hotel\",\"description\":\"\",\"potentialAction\":[{\"@type\":\"SearchAction\",\"target\":{\"@type\":\"EntryPoint\",\"urlTemplate\":\"https:\/\/www.panoramictaormina.it\/fr\/?s={search_term_string}\"},\"query-input\":{\"@type\":\"PropertyValueSpecification\",\"valueRequired\":true,\"valueName\":\"search_term_string\"}}],\"inLanguage\":\"fr-FR\"}]}<\/script>\n<!-- \/ Yoast SEO plugin. -->","yoast_head_json":{"title":"Chambres - Panoramic Hotel","description":"Modern H\u00f4tel 4 \u00e9toiles \u00e0 Taormina avec une vue panoramique de l'\u00eele Belle et Capo Taormina.","robots":{"index":"index","follow":"follow","max-snippet":"max-snippet:-1","max-image-preview":"max-image-preview:large","max-video-preview":"max-video-preview:-1"},"canonical":"https:\/\/www.panoramictaormina.it\/fr\/chambres\/","og_locale":"fr_FR","og_type":"article","og_title":"Chambres - Panoramic Hotel","og_description":"Modern H\u00f4tel 4 \u00e9toiles \u00e0 Taormina avec une vue panoramique de l'\u00eele Belle et Capo Taormina.","og_url":"https:\/\/www.panoramictaormina.it\/fr\/chambres\/","og_site_name":"Panoramic Hotel","article_modified_time":"2024-08-07T14:15:21+00:00","twitter_misc":{"Dur\u00e9e de lecture estim\u00e9e":"7 minutes"},"schema":{"@context":"https:\/\/schema.org","@graph":[{"@type":"WebPage","@id":"https:\/\/www.panoramictaormina.it\/fr\/chambres\/","url":"https:\/\/www.panoramictaormina.it\/fr\/chambres\/","name":"Chambres - Panoramic Hotel","isPartOf":{"@id":"https:\/\/www.panoramictaormina.it\/fr\/#website"},"datePublished":"2016-04-27T10:28:04+00:00","dateModified":"2024-08-07T14:15:21+00:00","description":"Modern H\u00f4tel 4 \u00e9toiles \u00e0 Taormina avec une vue panoramique de l'\u00eele Belle et Capo Taormina.","breadcrumb":{"@id":"https:\/\/www.panoramictaormina.it\/fr\/chambres\/#breadcrumb"},"inLanguage":"fr-FR","potentialAction":[{"@type":"ReadAction","target":["https:\/\/www.panoramictaormina.it\/fr\/chambres\/"]}]},{"@type":"BreadcrumbList","@id":"https:\/\/www.panoramictaormina.it\/fr\/chambres\/#breadcrumb","itemListElement":[{"@type":"ListItem","position":1,"name":"Home","item":"https:\/\/www.panoramictaormina.it\/fr\/"},{"@type":"ListItem","position":2,"name":"Chambres"}]},{"@type":"WebSite","@id":"https:\/\/www.panoramictaormina.it\/fr\/#website","url":"https:\/\/www.panoramictaormina.it\/fr\/","name":"Panoramic Hotel","description":"","potentialAction":[{"@type":"SearchAction","target":{"@type":"EntryPoint","urlTemplate":"https:\/\/www.panoramictaormina.it\/fr\/?s={search_term_string}"},"query-input":{"@type":"PropertyValueSpecification","valueRequired":true,"valueName":"search_term_string"}}],"inLanguage":"fr-FR"}]}},"publishpress_future_action":{"enabled":false,"date":"2026-04-22 00:55:27","action":"change-status","newStatus":"draft","terms":[],"taxonomy":"translation_priority","extraData":[]},"publishpress_future_workflow_manual_trigger":{"enabledWorkflows":[]},"_links":{"self":[{"href":"https:\/\/www.panoramictaormina.it\/fr\/wp-json\/wp\/v2\/pages\/1231","targetHints":{"allow":["GET"]}}],"collection":[{"href":"https:\/\/www.panoramictaormina.it\/fr\/wp-json\/wp\/v2\/pages"}],"about":[{"href":"https:\/\/www.panoramictaormina.it\/fr\/wp-json\/wp\/v2\/types\/page"}],"author":[{"embeddable":true,"href":"https:\/\/www.panoramictaormina.it\/fr\/wp-json\/wp\/v2\/users\/30"}],"replies":[{"embeddable":true,"href":"https:\/\/www.panoramictaormina.it\/fr\/wp-json\/wp\/v2\/comments?post=1231"}],"version-history":[{"count":8,"href":"https:\/\/www.panoramictaormina.it\/fr\/wp-json\/wp\/v2\/pages\/1231\/revisions"}],"predecessor-version":[{"id":2592,"href":"https:\/\/www.panoramictaormina.it\/fr\/wp-json\/wp\/v2\/pages\/1231\/revisions\/2592"}],"wp:attachment":[{"href":"https:\/\/www.panoramictaormina.it\/fr\/wp-json\/wp\/v2\/media?parent=1231"}],"curies":[{"name":"wp","href":"https:\/\/api.w.org\/{rel}","templated":true}]}}