{"id":1202,"date":"2016-04-26T16:06:46","date_gmt":"2016-04-26T16:06:46","guid":{"rendered":"https:\/\/www.panoramictaormina.it\/fr\/?page_id=1202"},"modified":"2019-08-25T10:11:27","modified_gmt":"2019-08-25T10:11:27","slug":"description","status":"publish","type":"page","link":"https:\/\/www.panoramictaormina.it\/fr\/description\/","title":{"rendered":"Description"},"content":{"rendered":"<div class=\"wpb-content-wrapper\">[vc_row][vc_column][vc_empty_space][vc_column_text el_class=\u00a0\u00bbintroduzione\u00a0\u00bb]\n<h3>H\u00f4tel<\/h3>\n<h2>Description<\/h2>\n[\/vc_column_text][\/vc_column][\/vc_row][vc_row el_class=\u00a0\u00bbwrap txt-interno\u00a0\u00bb][vc_column width=\u00a0\u00bb1\/2&Prime;][vc_column_text]Le <strong>Panoramic Hotel<\/strong> est un <strong>h\u00f4tel 4 \u00e9toiles moderne <\/strong>et \u00e9l\u00e9gant, qui donne sur la <strong>mer<\/strong>. Il vous fera vivre des vacances romantiques, au <strong>charme intense<\/strong>, dans le sc\u00e9nario enchanteur de <strong>Taormine<\/strong> et de la <strong>Mer de Sicile<\/strong>.<\/p>\n<p>Le Panoramic Hotel est un b\u00e2timent r\u00e9cent, lumineux et <strong>accueillant.<\/strong> Notre <strong>\u00e9quipe<\/strong> cordiale \u00e0 la r\u00e9ception sera heureuse de vous assister pendant votre s\u00e9jour \u00e0 Taormine, en vous conseillant des <strong>itin\u00e9raires<\/strong>, <strong>des visites guid\u00e9es<\/strong> et quelques bons <strong>restaurants <\/strong>dans le centre historique.<\/p>\n<p>Conc\u00e9dez-vous un <strong>cocktail<\/strong> sur la terrasse panoramique qui accueille la <strong>piscine<\/strong>, vous serez \u00e9tonn\u00e9s de la vue sur la mer et sur la splendide <strong>baie d&rsquo;Isola Bella<\/strong>. \u00c0 la belle saison, notre <strong>bar<\/strong> y sert des plats typiques siciliens, des snacks et des salades.<\/p>\n<p>Au bas du grand escalier qui se situe juste en face de l&rsquo;h\u00f4tel, vous d\u00e9couvrirez les galets blancs de la <strong>plage<\/strong> d&rsquo;<strong>Isola Bella<\/strong>, o\u00f9 s&rsquo;alternent les <strong>installations baln\u00e9aires <\/strong> \u00e9quip\u00e9es de transats et <strong>de parasols<\/strong> et les plages libres d&rsquo;acc\u00e8s. La <strong>mer<\/strong> est propre, transparente et d\u00e9j\u00e0 <strong>profonde<\/strong> \u00e0 quelques m\u00e8tres seulement de la rive.<\/p>\n<p>Nous mettons \u00e9galement \u00e0 votre disposition la <strong>t\u00e9l\u00e9phonie Voip<\/strong>, parfaite pour les appels \u00e0 l&rsquo;\u00e9tranger \u00e0 faible co\u00fbt, <strong>Internet Wi-fi<\/strong>, <strong>le petit d\u00e9jeuner<\/strong> et la r\u00e9ception ouverte 24h\/24.[\/vc_column_text][\/vc_column][vc_column width=\u00a0\u00bb1\/4&Prime;][vc_column_text]\n<h3>Services et installations<\/h3>\n<ul>\n<li>Accessible aux personnes handicap\u00e9es<\/li>\n<li>R\u00e9ception ouverte\u00a024\u00a0heures sur\u00a024<\/li>\n<li>Petit-d\u00e9jeuner<\/li>\n<li>Internet ADSL (Payant)<\/li>\n<li>Internet Wi-Fi (Payant)<\/li>\n<li>T\u00e9l\u00e9phonie VOIP (appels vers les num\u00e9ros fixes internationaux et vers les t\u00e9l\u00e9phones portables \u00e0 tarif int\u00e9ressant)<\/li>\n<li>Service de fax<\/li>\n<li>Informations touristiques<\/li>\n<li>R\u00e9servation d&rsquo;excursions<\/li>\n<li>R\u00e9servation de visites guid\u00e9es<\/li>\n<li>Bureau de location de voitures<\/li>\n<li>Parking (sous r\u00e9serve de disponibilit\u00e8)<\/li>\n<\/ul>\n[\/vc_column_text][\/vc_column][vc_column width=\u00a0\u00bb1\/4&Prime; el_class=\u00a0\u00bbliste\u00a0\u00bb][vc_raw_html]JTNDaDMlM0UlMjZuYnNwJTNCJTNDJTJGaDMlM0U=[\/vc_raw_html][vc_column_text]\n<ul>\n<li>Concierge<\/li>\n<li>Service Limousine<\/li>\n<li>Coffre-fort<\/li>\n<li>Service de chasseur pour les bagages<\/li>\n<li>Portier de nuit<\/li>\n<li>Consigne \u00e0 bagages<\/li>\n<li>Service de repassage<\/li>\n<li>Service de blanchisserie<\/li>\n<li>Ascenseur<\/li>\n<li>Hall<\/li>\n<li>Salle de t\u00e9l\u00e9vision<\/li>\n<li>Terrasse<\/li>\n<\/ul>\n[\/vc_column_text][\/vc_column][\/vc_row][vc_row full_width=\u00a0\u00bbstretch_row_content_no_spaces\u00a0\u00bb equal_height=\u00a0\u00bbyes\u00a0\u00bb content_placement=\u00a0\u00bbmiddle\u00a0\u00bb css=\u00a0\u00bb.vc_custom_1460359635791{background-color: #e6e4d8 !important;}\u00a0\u00bb el_class=\u00a0\u00bbbox-tipologie\u00a0\u00bb][vc_column width=\u00a0\u00bb1\/2&Prime;][vc_gallery type=\u00a0\u00bbimage_grid\u00a0\u00bb images=\u00a0\u00bb1074&Prime; img_size=\u00a0\u00bbfull\u00a0\u00bb el_class=\u00a0\u00bbimg-camere\u00a0\u00bb][\/vc_column][vc_column width=\u00a0\u00bb1\/2&Prime;][vc_column_text el_class=\u00a0\u00bbtxt-tipologie\u00a0\u00bb]\n<h3>5\/5 TripAdvisor Traveller<\/h3>\n<h2>\u201cEXCELLENT SEJOUR!!!! Je vous le recommande!\u201d<\/h2>\n<p>Cet h\u00f4tel porte merveilleusement son NOM :-)))<br \/>\nChambre spacieuse pour 3 adultes, grand balcon et vue magnifique sur Isola Bella!! Petit-d\u00e9jeuner vari\u00e9 sur la terrasse avec panorama splendide qui ouvre l&rsquo;app\u00e9tit! Cappuccini succulents! Personnel EXTR\u00caMEMENT sympathique et accueillant!!! Que ce soit au petit-d\u00e9j, \u00e0 la r\u00e9ception,&#8230;une petite mention particuli\u00e8re \u00e0 Sandro qui nous a accueilli \u00e0 notre arriv\u00e9e tardive et nous a prodigu\u00e9 de nombreux conseils pour nos visites dans la r\u00e9gion!! Il est aussi un peu belge ;-)))) Parking tr\u00e8s pratique aussi. En un mot&#8230; ALLEZ-Y!![\/vc_column_text][\/vc_column][\/vc_row][vc_row full_width=\u00a0\u00bbstretch_row_content_no_spaces\u00a0\u00bb equal_height=\u00a0\u00bbyes\u00a0\u00bb css=\u00a0\u00bb.vc_custom_1460041739036{background-image: url(https:\/\/www.panoramictaormina.it\/wp-content\/uploads\/2013\/09\/bg_bp-out.jpg?id=847) !important;background-position: center !important;background-repeat: no-repeat !important;background-size: cover !important;}\u00a0\u00bb][vc_column][vc_row_inner equal_height=\u00a0\u00bbyes\u00a0\u00bb content_placement=\u00a0\u00bbmiddle\u00a0\u00bb el_class=\u00a0\u00bbwrap\u00a0\u00bb css=\u00a0\u00bb.vc_custom_1460968117946{background-image: url(https:\/\/www.panoramictaormina.it\/wp-content\/uploads\/2016\/04\/IMG_8778_A.jpg?id=1075) !important;background-position: center !important;background-repeat: no-repeat !important;background-size: cover !important;}\u00a0\u00bb el_id=\u00a0\u00bbmiglior-out\u00a0\u00bb][vc_column_inner][vc_column_text el_class=\u00a0\u00bbmigliorprezzo\u00a0\u00bb]\n<h3>Nos<\/h3>\n<h2>Galerie de photos<\/h2>\n<h4><a href=\"https:\/\/www.panoramictaormina.it\/fr\/galerie-de-photos\/\">Galerie de Photos<\/a><\/h4>\n[\/vc_column_text][\/vc_column_inner][\/vc_row_inner][\/vc_column][\/vc_row][vc_row css=\u00a0\u00bb.vc_custom_1460100683743{background-image: url(https:\/\/www.panoramictaormina.it\/wp-content\/uploads\/2013\/09\/bg_box-home.jpg?id=854) !important;background-position: center !important;background-repeat: no-repeat !important;background-size: cover !important;}\u00a0\u00bb el_class=\u00a0\u00bbbox-home\u00a0\u00bb][vc_column][vc_row_inner equal_height=\u00a0\u00bbyes\u00a0\u00bb el_class=\u00a0\u00bbwrap\u00a0\u00bb][vc_column_inner el_class=\u00a0\u00bboverlay-box-home\u00a0\u00bb width=\u00a0\u00bb1\/2&Prime; css=\u00a0\u00bb.vc_custom_1460105398867{background-image: url(https:\/\/www.panoramictaormina.it\/wp-content\/uploads\/2013\/09\/Senza-titolo-1.jpg?id=857) !important;background-position: center !important;background-repeat: no-repeat !important;background-size: cover !important;}\u00a0\u00bb][vc_column_text el_class=\u00a0\u00bbbox-sx\u00a0\u00bb]\n<h3>En face de<\/h3>\n<h2>Isola Bella<\/h2>\n<h4><a href=\"https:\/\/www.panoramictaormina.it\/fr\/ou-nous-sommes\/\">Situation<\/a><\/h4>\n[\/vc_column_text][\/vc_column_inner][vc_column_inner el_class=\u00a0\u00bboverlay-box-home\u00a0\u00bb width=\u00a0\u00bb1\/2&Prime; css=\u00a0\u00bb.vc_custom_1460105403771{background-image: url(https:\/\/www.panoramictaormina.it\/wp-content\/uploads\/2013\/09\/MG_0703.jpg?id=856) !important;background-position: center !important;background-repeat: no-repeat !important;background-size: cover !important;}\u00a0\u00bb][vc_column_text el_class=\u00a0\u00bbbox-dx\u00a0\u00bb]\n<h3>Tout<\/h3>\n<h2>Chambres avec vue<\/h2>\n<h4><a href=\"https:\/\/www.panoramictaormina.it\/fr\/chambres\/\">Chambres<\/a><\/h4>\n[\/vc_column_text][\/vc_column_inner][\/vc_row_inner][\/vc_column][\/vc_row][vc_row css=\u00a0\u00bb.vc_custom_1460107789527{padding-top: 30px !important;padding-bottom: 30px !important;background-image: url(https:\/\/www.panoramictaormina.it\/wp-content\/uploads\/2013\/09\/bg_offerte-home.jpg?id=858) !important;background-position: center !important;background-repeat: no-repeat !important;background-size: cover !important;}\u00a0\u00bb el_class=\u00a0\u00bbbox-offerte\u00a0\u00bb][vc_column][vc_column_text el_class=\u00a0\u00bbwrap\u00a0\u00bb]\n<h3>Seulement pour toi<\/h3>\n<h2>Offres sp\u00e9ciales<\/h2>\n<div class=\"gallery-view\"><div class=\"offer-package-4\"><div style=\"position:relative; margin-left:auto; margin-right:auto; overflow:hidden; width:px;\"><a href=\"https:\/\/www.panoramictaormina.it\/fr\/offers\/boat-tour\/\"><img loading=\"lazy\" decoding=\"async\" width=\"210\" height=\"210\" src=\"https:\/\/www.panoramictaormina.it\/wp-content\/uploads\/2016\/04\/sicily-1900-210x210.jpg\" class=\"size-thumbnail\" alt=\"\" srcset=\"https:\/\/www.panoramictaormina.it\/wp-content\/uploads\/2016\/04\/sicily-1900-210x210.jpg 210w, https:\/\/www.panoramictaormina.it\/wp-content\/uploads\/2016\/04\/sicily-1900-150x150.jpg 150w, https:\/\/www.panoramictaormina.it\/wp-content\/uploads\/2016\/04\/sicily-1900-32x32.jpg 32w, https:\/\/www.panoramictaormina.it\/wp-content\/uploads\/2016\/04\/sicily-1900-128x128.jpg 128w, https:\/\/www.panoramictaormina.it\/wp-content\/uploads\/2016\/04\/sicily-1900-268x268.jpg 268w, https:\/\/www.panoramictaormina.it\/wp-content\/uploads\/2016\/04\/sicily-1900-500x500.jpg 500w\" sizes=\"auto, (max-width: 210px) 100vw, 210px\" \/><\/a><div class=\"background-offer-gallery\"><img decoding=\"async\" src=\"https:\/\/www.panoramictaormina.it\/wp-content\/uploads\/2013\/09\/bkg-white704.png\" \/>   <div class=\"highlight-text-gallery\"><a href=\"https:\/\/www.panoramictaormina.it\/fr\/offers\/boat-tour\/\">Package<\/a><\/div><\/div><div class=\"background-tag-gallery\">\n                            <img decoding=\"async\" src=\"https:\/\/www.panoramictaormina.it\/wp-content\/uploads\/2013\/09\/package_icon.png\"><\/div><\/div><div class=\"original-price\"><\/div><div class=\"reducted-price\"><\/div><div class=\"clear\"><\/div><div class=\"offer_title\"><a href=\"https:\/\/www.panoramictaormina.it\/fr\/offers\/boat-tour\/\">Tour en bateau<\/a><\/div><div class=\"package-gallery\"><div><\/div><div><\/div><div><\/div><div><\/div><\/div><\/div><div class=\"offer-package-4\"><div style=\"position:relative; margin-left:auto; margin-right:auto; overflow:hidden; width:px;\"><a href=\"https:\/\/www.panoramictaormina.it\/fr\/offers\/snorkeling-in-taormina\/\"><img loading=\"lazy\" decoding=\"async\" width=\"198\" height=\"198\" src=\"https:\/\/www.panoramictaormina.it\/wp-content\/uploads\/2016\/05\/31.jpg\" class=\"size-thumbnail\" alt=\"\" srcset=\"https:\/\/www.panoramictaormina.it\/wp-content\/uploads\/2016\/05\/31.jpg 198w, https:\/\/www.panoramictaormina.it\/wp-content\/uploads\/2016\/05\/31-150x150.jpg 150w, https:\/\/www.panoramictaormina.it\/wp-content\/uploads\/2016\/05\/31-32x32.jpg 32w, https:\/\/www.panoramictaormina.it\/wp-content\/uploads\/2016\/05\/31-64x64.jpg 64w, https:\/\/www.panoramictaormina.it\/wp-content\/uploads\/2016\/05\/31-128x128.jpg 128w\" sizes=\"auto, (max-width: 198px) 100vw, 198px\" \/><\/a><div class=\"background-offer-gallery\"><img decoding=\"async\" src=\"https:\/\/www.panoramictaormina.it\/wp-content\/uploads\/2013\/09\/bkg-white704.png\" \/>   <div class=\"highlight-text-gallery\"><a href=\"https:\/\/www.panoramictaormina.it\/fr\/offers\/snorkeling-in-taormina\/\">Package<\/a><\/div><\/div><div class=\"background-tag-gallery\">\n                            <img decoding=\"async\" src=\"https:\/\/www.panoramictaormina.it\/wp-content\/uploads\/2013\/09\/package_icon.png\"><\/div><\/div><div class=\"original-price\"><\/div><div class=\"reducted-price\"><\/div><div class=\"clear\"><\/div><div class=\"offer_title\"><a href=\"https:\/\/www.panoramictaormina.it\/fr\/offers\/snorkeling-in-taormina\/\">Snorkeling \u00e0 Taormina<\/a><\/div><div class=\"package-gallery\"><div><\/div><div><\/div><div><\/div><div><\/div><\/div><\/div><div class=\"offer-package-4\"><div style=\"position:relative; margin-left:auto; margin-right:auto; overflow:hidden; width:px;\"><a href=\"https:\/\/www.panoramictaormina.it\/fr\/offers\/wine-tasting-taormina\/\"><img loading=\"lazy\" decoding=\"async\" width=\"210\" height=\"186\" src=\"https:\/\/www.panoramictaormina.it\/wp-content\/uploads\/2016\/05\/2d3a0cda-37ba-4693-9088-116093cd54fa-210x186.jpg\" class=\"size-thumbnail\" alt=\"\" \/><\/a><div class=\"background-offer-gallery\"><img decoding=\"async\" src=\"https:\/\/www.panoramictaormina.it\/wp-content\/uploads\/2013\/09\/bkg-white704.png\" \/>   <div class=\"highlight-text-gallery\"><a href=\"https:\/\/www.panoramictaormina.it\/fr\/offers\/wine-tasting-taormina\/\">Package<\/a><\/div><\/div><div class=\"background-tag-gallery\">\n                            <img decoding=\"async\" src=\"https:\/\/www.panoramictaormina.it\/wp-content\/uploads\/2013\/09\/package_icon.png\"><\/div><\/div><div class=\"original-price\"><\/div><div class=\"reducted-price\"><\/div><div class=\"clear\"><\/div><div class=\"offer_title\"><a href=\"https:\/\/www.panoramictaormina.it\/fr\/offers\/wine-tasting-taormina\/\">D\u00e9gustation de vin Siciliens \u00e0 Taormina<\/a><\/div><div class=\"package-gallery\"><div><\/div><div><\/div><div><\/div><div><\/div><\/div><\/div><\/div>\n<h4><a href=\"https:\/\/www.panoramictaormina.it\/fr\/offres-speciales\/\">Voir la liste compl\u00e8te<\/a><\/h4>\n[\/vc_column_text][\/vc_column][\/vc_row]\n<\/div>","protected":false},"excerpt":{"rendered":"<p>[vc_row][vc_column][vc_empty_space][vc_column_text el_class=\u00a0\u00bbintroduzione\u00a0\u00bb] H\u00f4tel Description [\/vc_column_text][\/vc_column][\/vc_row][vc_row el_class=\u00a0\u00bbwrap txt-interno\u00a0\u00bb][vc_column width=\u00a0\u00bb1\/2&Prime;][vc_column_text]Le Panoramic Hotel est un h\u00f4tel 4 \u00e9toiles moderne et \u00e9l\u00e9gant, qui donne sur la mer. Il vous fera vivre des vacances romantiques, au charme intense, dans le sc\u00e9nario enchanteur de Taormine et de la Mer de Sicile. Le Panoramic Hotel est un b\u00e2timent r\u00e9cent, lumineux et accueillant. [&hellip;]<\/p>\n","protected":false},"author":30,"featured_media":0,"parent":0,"menu_order":0,"comment_status":"closed","ping_status":"closed","template":"","meta":{"_genesis_hide_title":false,"_genesis_hide_breadcrumbs":false,"_genesis_hide_singular_image":false,"_genesis_hide_footer_widgets":false,"_genesis_custom_body_class":"","_genesis_custom_post_class":"","_genesis_layout":"","footnotes":""},"class_list":{"0":"post-1202","1":"page","2":"type-page","3":"status-publish","5":"entry"},"yoast_head":"<!-- This site is optimized with the Yoast SEO plugin v25.7 - https:\/\/yoast.com\/wordpress\/plugins\/seo\/ -->\n<title>Description - Panoramic Hotel<\/title>\n<meta name=\"description\" content=\"Modern H\u00f4tel 4 \u00e9toiles \u00e0 Taormina avec une vue panoramique de l&#039;\u00eele Belle et Capo Taormina.\" \/>\n<meta name=\"robots\" content=\"index, follow, max-snippet:-1, max-image-preview:large, max-video-preview:-1\" \/>\n<link rel=\"canonical\" href=\"https:\/\/www.panoramictaormina.it\/fr\/description\/\" \/>\n<meta property=\"og:locale\" content=\"fr_FR\" \/>\n<meta property=\"og:type\" content=\"article\" \/>\n<meta property=\"og:title\" content=\"Description - Panoramic Hotel\" \/>\n<meta property=\"og:description\" content=\"Modern H\u00f4tel 4 \u00e9toiles \u00e0 Taormina avec une vue panoramique de l&#039;\u00eele Belle et Capo Taormina.\" \/>\n<meta property=\"og:url\" content=\"https:\/\/www.panoramictaormina.it\/fr\/description\/\" \/>\n<meta property=\"og:site_name\" content=\"Panoramic Hotel\" \/>\n<meta property=\"article:modified_time\" content=\"2019-08-25T10:11:27+00:00\" \/>\n<meta name=\"twitter:label1\" content=\"Dur\u00e9e de lecture estim\u00e9e\" \/>\n\t<meta name=\"twitter:data1\" content=\"4 minutes\" \/>\n<script type=\"application\/ld+json\" class=\"yoast-schema-graph\">{\"@context\":\"https:\/\/schema.org\",\"@graph\":[{\"@type\":\"WebPage\",\"@id\":\"https:\/\/www.panoramictaormina.it\/fr\/description\/\",\"url\":\"https:\/\/www.panoramictaormina.it\/fr\/description\/\",\"name\":\"Description - Panoramic Hotel\",\"isPartOf\":{\"@id\":\"https:\/\/www.panoramictaormina.it\/fr\/#website\"},\"datePublished\":\"2016-04-26T16:06:46+00:00\",\"dateModified\":\"2019-08-25T10:11:27+00:00\",\"description\":\"Modern H\u00f4tel 4 \u00e9toiles \u00e0 Taormina avec une vue panoramique de l'\u00eele Belle et Capo Taormina.\",\"breadcrumb\":{\"@id\":\"https:\/\/www.panoramictaormina.it\/fr\/description\/#breadcrumb\"},\"inLanguage\":\"fr-FR\",\"potentialAction\":[{\"@type\":\"ReadAction\",\"target\":[\"https:\/\/www.panoramictaormina.it\/fr\/description\/\"]}]},{\"@type\":\"BreadcrumbList\",\"@id\":\"https:\/\/www.panoramictaormina.it\/fr\/description\/#breadcrumb\",\"itemListElement\":[{\"@type\":\"ListItem\",\"position\":1,\"name\":\"Home\",\"item\":\"https:\/\/www.panoramictaormina.it\/fr\/\"},{\"@type\":\"ListItem\",\"position\":2,\"name\":\"Description\"}]},{\"@type\":\"WebSite\",\"@id\":\"https:\/\/www.panoramictaormina.it\/fr\/#website\",\"url\":\"https:\/\/www.panoramictaormina.it\/fr\/\",\"name\":\"Panoramic Hotel\",\"description\":\"\",\"potentialAction\":[{\"@type\":\"SearchAction\",\"target\":{\"@type\":\"EntryPoint\",\"urlTemplate\":\"https:\/\/www.panoramictaormina.it\/fr\/?s={search_term_string}\"},\"query-input\":{\"@type\":\"PropertyValueSpecification\",\"valueRequired\":true,\"valueName\":\"search_term_string\"}}],\"inLanguage\":\"fr-FR\"}]}<\/script>\n<!-- \/ Yoast SEO plugin. -->","yoast_head_json":{"title":"Description - Panoramic Hotel","description":"Modern H\u00f4tel 4 \u00e9toiles \u00e0 Taormina avec une vue panoramique de l'\u00eele Belle et Capo Taormina.","robots":{"index":"index","follow":"follow","max-snippet":"max-snippet:-1","max-image-preview":"max-image-preview:large","max-video-preview":"max-video-preview:-1"},"canonical":"https:\/\/www.panoramictaormina.it\/fr\/description\/","og_locale":"fr_FR","og_type":"article","og_title":"Description - Panoramic Hotel","og_description":"Modern H\u00f4tel 4 \u00e9toiles \u00e0 Taormina avec une vue panoramique de l'\u00eele Belle et Capo Taormina.","og_url":"https:\/\/www.panoramictaormina.it\/fr\/description\/","og_site_name":"Panoramic Hotel","article_modified_time":"2019-08-25T10:11:27+00:00","twitter_misc":{"Dur\u00e9e de lecture estim\u00e9e":"4 minutes"},"schema":{"@context":"https:\/\/schema.org","@graph":[{"@type":"WebPage","@id":"https:\/\/www.panoramictaormina.it\/fr\/description\/","url":"https:\/\/www.panoramictaormina.it\/fr\/description\/","name":"Description - Panoramic Hotel","isPartOf":{"@id":"https:\/\/www.panoramictaormina.it\/fr\/#website"},"datePublished":"2016-04-26T16:06:46+00:00","dateModified":"2019-08-25T10:11:27+00:00","description":"Modern H\u00f4tel 4 \u00e9toiles \u00e0 Taormina avec une vue panoramique de l'\u00eele Belle et Capo Taormina.","breadcrumb":{"@id":"https:\/\/www.panoramictaormina.it\/fr\/description\/#breadcrumb"},"inLanguage":"fr-FR","potentialAction":[{"@type":"ReadAction","target":["https:\/\/www.panoramictaormina.it\/fr\/description\/"]}]},{"@type":"BreadcrumbList","@id":"https:\/\/www.panoramictaormina.it\/fr\/description\/#breadcrumb","itemListElement":[{"@type":"ListItem","position":1,"name":"Home","item":"https:\/\/www.panoramictaormina.it\/fr\/"},{"@type":"ListItem","position":2,"name":"Description"}]},{"@type":"WebSite","@id":"https:\/\/www.panoramictaormina.it\/fr\/#website","url":"https:\/\/www.panoramictaormina.it\/fr\/","name":"Panoramic Hotel","description":"","potentialAction":[{"@type":"SearchAction","target":{"@type":"EntryPoint","urlTemplate":"https:\/\/www.panoramictaormina.it\/fr\/?s={search_term_string}"},"query-input":{"@type":"PropertyValueSpecification","valueRequired":true,"valueName":"search_term_string"}}],"inLanguage":"fr-FR"}]}},"publishpress_future_action":{"enabled":false,"date":"2026-04-22 01:04:46","action":"change-status","newStatus":"draft","terms":[],"taxonomy":"translation_priority","extraData":[]},"publishpress_future_workflow_manual_trigger":{"enabledWorkflows":[]},"_links":{"self":[{"href":"https:\/\/www.panoramictaormina.it\/fr\/wp-json\/wp\/v2\/pages\/1202","targetHints":{"allow":["GET"]}}],"collection":[{"href":"https:\/\/www.panoramictaormina.it\/fr\/wp-json\/wp\/v2\/pages"}],"about":[{"href":"https:\/\/www.panoramictaormina.it\/fr\/wp-json\/wp\/v2\/types\/page"}],"author":[{"embeddable":true,"href":"https:\/\/www.panoramictaormina.it\/fr\/wp-json\/wp\/v2\/users\/30"}],"replies":[{"embeddable":true,"href":"https:\/\/www.panoramictaormina.it\/fr\/wp-json\/wp\/v2\/comments?post=1202"}],"version-history":[{"count":4,"href":"https:\/\/www.panoramictaormina.it\/fr\/wp-json\/wp\/v2\/pages\/1202\/revisions"}],"predecessor-version":[{"id":2288,"href":"https:\/\/www.panoramictaormina.it\/fr\/wp-json\/wp\/v2\/pages\/1202\/revisions\/2288"}],"wp:attachment":[{"href":"https:\/\/www.panoramictaormina.it\/fr\/wp-json\/wp\/v2\/media?parent=1202"}],"curies":[{"name":"wp","href":"https:\/\/api.w.org\/{rel}","templated":true}]}}