{"id":115,"date":"2013-09-03T15:09:08","date_gmt":"2013-09-03T15:09:08","guid":{"rendered":"https:\/\/www.panoramictaormina.it\/?page_id=115"},"modified":"2022-04-26T12:58:39","modified_gmt":"2022-04-26T12:58:39","slug":"home","status":"publish","type":"page","link":"https:\/\/www.panoramictaormina.it\/fr\/","title":{"rendered":"Home"},"content":{"rendered":"<div class=\"wpb-content-wrapper\">[vc_row el_class=\u00a0\u00bbpayoff\u00a0\u00bb][vc_column][vc_column_text]\n<h3>H\u00f4tel avec vue sur Isola Bella<\/h3>\n<h2>Right here, right now<\/h2>\n<h4><a href=\"https:\/\/www.panoramictaormina.it\/fr\/ou-nous-sommes\/\">D\u00e9couvrez pourquoi<\/a><\/h4>\n[\/vc_column_text][\/vc_column][\/vc_row][vc_row el_class=\u00a0\u00bbbiancogrigio\u00a0\u00bb][vc_column]<div class=\" uavc-icons-center uavc-icons \">\n<div class=\"aio-icon  \" data-animation=\"\" data-animation-delay=\"03\" style=\"color:#7b89a4;font-size:15px;margin-right:5px;\">\n\t<i class=\"Defaults-star\"><\/i>\n<\/div>\n<div class=\"aio-icon  \" data-animation=\"\" data-animation-delay=\"03\" style=\"color:#7b89a4;font-size:15px;margin-right:5px;\">\n\t<i class=\"Defaults-star\"><\/i>\n<\/div>\n<div class=\"aio-icon  \" data-animation=\"\" data-animation-delay=\"03\" style=\"color:#7b89a4;font-size:15px;margin-right:5px;\">\n\t<i class=\"Defaults-star\"><\/i>\n<\/div>\n<div class=\"aio-icon  \" data-animation=\"\" data-animation-delay=\"03\" style=\"color:#7b89a4;font-size:15px;margin-right:5px;\">\n\t<i class=\"Defaults-star\"><\/i>\n<\/div><\/div>[vc_column_text el_class=\u00a0\u00bbintroduzione\u00a0\u00bb]\n<h1>Panoramic Hotel Taormina<\/h1>\n<p>Nous vous accueillons \u00e0 Taormina, face \u00e0 la mer, dans un cadre \u00e9l\u00e9gant et agr\u00e9able, typiquement sicilien.<br \/>\nVotre chambre b\u00e9n\u00e9ficiera de la vue sur la mer et la piscine panoramique vous attend au dernier \u00e9tage.<br \/>\nLes plages sont \u00e0 deux pas et le centre historique de Taormina est \u00e0 5 minutes.<br \/>\nUn parking attend votre v\u00e9hicule \u00e0 c\u00f4t\u00e9 de l&rsquo;h\u00f4tel.<br \/>\nIl ne vous reste qu&rsquo;\u00e0 r\u00e9server![\/vc_column_text][\/vc_column][\/vc_row][vc_row full_width=\u00a0\u00bbstretch_row_content_no_spaces\u00a0\u00bb equal_height=\u00a0\u00bbyes\u00a0\u00bb css=\u00a0\u00bb.vc_custom_1460041739036{background-image: url(https:\/\/www.panoramictaormina.it\/wp-content\/uploads\/2013\/09\/bg_bp-out.jpg?id=847) !important;background-position: center !important;background-repeat: no-repeat !important;background-size: cover !important;}\u00a0\u00bb][vc_column][vc_row_inner equal_height=\u00a0\u00bbyes\u00a0\u00bb content_placement=\u00a0\u00bbmiddle\u00a0\u00bb el_class=\u00a0\u00bbwrap\u00a0\u00bb css=\u00a0\u00bb.vc_custom_1650977228410{background-image: url(https:\/\/www.panoramictaormina.it\/wp-content\/uploads\/2022\/04\/Screenshot_20220426_131354.jpg?id=2462) !important;background-position: center !important;background-repeat: no-repeat !important;background-size: cover !important;}\u00a0\u00bb el_id=\u00a0\u00bbmiglior-out\u00a0\u00bb][vc_column_inner][vc_column_text el_class=\u00a0\u00bbmigliorprezzo\u00a0\u00bb]\n<h3>Pourquoi opter pour nous<\/h3>\n<h2>Meilleur prix garanti<\/h2>\n<p>R\u00e9servez directement et vous b\u00e9n\u00e9ficierez du meilleur prix disponible garanti.<\/p>\n<h4 class=\"reservations_desktop\"><a href=\"https:\/\/hotelpanoramichotel.beddy.io?lang=fr\">R\u00e9servez<\/a><\/h4>\n<h4 class=\"reservations_mobile\"><a href=\"https:\/\/book2.nozio.com\/accommodation\/list?channelId=4c364375-5b18-45a4-b035-b549ef79e6d1&amp;culture=fr\" target=\"blank\" rel=\"noopener noreferrer\">R\u00e9servez<\/a><\/h4>\n[\/vc_column_text][\/vc_column_inner][\/vc_row_inner][\/vc_column][\/vc_row][vc_row css=\u00a0\u00bb.vc_custom_1460100683743{background-image: url(https:\/\/www.panoramictaormina.it\/wp-content\/uploads\/2013\/09\/bg_box-home.jpg?id=854) !important;background-position: center !important;background-repeat: no-repeat !important;background-size: cover !important;}\u00a0\u00bb el_class=\u00a0\u00bbbox-home\u00a0\u00bb][vc_column][vc_row_inner equal_height=\u00a0\u00bbyes\u00a0\u00bb el_class=\u00a0\u00bbwrap\u00a0\u00bb][vc_column_inner el_class=\u00a0\u00bboverlay-box-home\u00a0\u00bb width=\u00a0\u00bb1\/2&Prime; css=\u00a0\u00bb.vc_custom_1460105398867{background-image: url(https:\/\/www.panoramictaormina.it\/wp-content\/uploads\/2013\/09\/Senza-titolo-1.jpg?id=857) !important;background-position: center !important;background-repeat: no-repeat !important;background-size: cover !important;}\u00a0\u00bb][vc_column_text el_class=\u00a0\u00bbbox-sx\u00a0\u00bb]\n<h3>En face de<\/h3>\n<h2>Isola Bella<\/h2>\n<h4><a href=\"https:\/\/www.panoramictaormina.it\/fr\/ou-nous-sommes\/\">Situation<\/a><\/h4>\n[\/vc_column_text][\/vc_column_inner][vc_column_inner el_class=\u00a0\u00bboverlay-box-home\u00a0\u00bb width=\u00a0\u00bb1\/2&Prime; css=\u00a0\u00bb.vc_custom_1460105403771{background-image: url(https:\/\/www.panoramictaormina.it\/wp-content\/uploads\/2013\/09\/MG_0703.jpg?id=856) !important;background-position: center !important;background-repeat: no-repeat !important;background-size: cover !important;}\u00a0\u00bb][vc_column_text el_class=\u00a0\u00bbbox-dx\u00a0\u00bb]\n<h3>Toutes les<\/h3>\n<h2>Chambres avec vue<\/h2>\n<h4><a href=\"https:\/\/www.panoramictaormina.it\/fr\/chambres\/\">Chambres<\/a><\/h4>\n[\/vc_column_text][\/vc_column_inner][\/vc_row_inner][\/vc_column][\/vc_row][vc_row css=\u00a0\u00bb.vc_custom_1460107789527{padding-top: 30px !important;padding-bottom: 30px !important;background-image: url(https:\/\/www.panoramictaormina.it\/wp-content\/uploads\/2013\/09\/bg_offerte-home.jpg?id=858) !important;background-position: center !important;background-repeat: no-repeat !important;background-size: cover !important;}\u00a0\u00bb el_class=\u00a0\u00bbbox-offerte\u00a0\u00bb][vc_column][vc_column_text el_class=\u00a0\u00bbwrap\u00a0\u00bb]\n<h3>Seulement pour toi<\/h3>\n<h2>Offres sp\u00e9ciales<\/h2>\n<div class=\"gallery-view\"><div class=\"offer-package-4\"><div style=\"position:relative; margin-left:auto; margin-right:auto; overflow:hidden; width:px;\"><a href=\"https:\/\/www.panoramictaormina.it\/fr\/offers\/boat-tour\/\"><img loading=\"lazy\" decoding=\"async\" width=\"210\" height=\"210\" src=\"https:\/\/www.panoramictaormina.it\/wp-content\/uploads\/2016\/04\/sicily-1900-210x210.jpg\" class=\"size-thumbnail\" alt=\"\" srcset=\"https:\/\/www.panoramictaormina.it\/wp-content\/uploads\/2016\/04\/sicily-1900-210x210.jpg 210w, https:\/\/www.panoramictaormina.it\/wp-content\/uploads\/2016\/04\/sicily-1900-150x150.jpg 150w, https:\/\/www.panoramictaormina.it\/wp-content\/uploads\/2016\/04\/sicily-1900-32x32.jpg 32w, https:\/\/www.panoramictaormina.it\/wp-content\/uploads\/2016\/04\/sicily-1900-128x128.jpg 128w, https:\/\/www.panoramictaormina.it\/wp-content\/uploads\/2016\/04\/sicily-1900-268x268.jpg 268w, https:\/\/www.panoramictaormina.it\/wp-content\/uploads\/2016\/04\/sicily-1900-500x500.jpg 500w\" sizes=\"auto, (max-width: 210px) 100vw, 210px\" \/><\/a><div class=\"background-offer-gallery\"><img decoding=\"async\" src=\"https:\/\/www.panoramictaormina.it\/wp-content\/uploads\/2013\/09\/bkg-white704.png\" \/>   <div class=\"highlight-text-gallery\"><a href=\"https:\/\/www.panoramictaormina.it\/fr\/offers\/boat-tour\/\">Package<\/a><\/div><\/div><div class=\"background-tag-gallery\">\n                            <img decoding=\"async\" src=\"https:\/\/www.panoramictaormina.it\/wp-content\/uploads\/2013\/09\/package_icon.png\"><\/div><\/div><div class=\"original-price\"><\/div><div class=\"reducted-price\"><\/div><div class=\"clear\"><\/div><div class=\"offer_title\"><a href=\"https:\/\/www.panoramictaormina.it\/fr\/offers\/boat-tour\/\">Tour en bateau<\/a><\/div><div class=\"package-gallery\"><div><\/div><div><\/div><div><\/div><div><\/div><\/div><\/div><div class=\"offer-package-4\"><div style=\"position:relative; margin-left:auto; margin-right:auto; overflow:hidden; width:px;\"><a href=\"https:\/\/www.panoramictaormina.it\/fr\/offers\/snorkeling-in-taormina\/\"><img loading=\"lazy\" decoding=\"async\" width=\"198\" height=\"198\" src=\"https:\/\/www.panoramictaormina.it\/wp-content\/uploads\/2016\/05\/31.jpg\" class=\"size-thumbnail\" alt=\"\" srcset=\"https:\/\/www.panoramictaormina.it\/wp-content\/uploads\/2016\/05\/31.jpg 198w, https:\/\/www.panoramictaormina.it\/wp-content\/uploads\/2016\/05\/31-150x150.jpg 150w, https:\/\/www.panoramictaormina.it\/wp-content\/uploads\/2016\/05\/31-32x32.jpg 32w, https:\/\/www.panoramictaormina.it\/wp-content\/uploads\/2016\/05\/31-64x64.jpg 64w, https:\/\/www.panoramictaormina.it\/wp-content\/uploads\/2016\/05\/31-128x128.jpg 128w\" sizes=\"auto, (max-width: 198px) 100vw, 198px\" \/><\/a><div class=\"background-offer-gallery\"><img decoding=\"async\" src=\"https:\/\/www.panoramictaormina.it\/wp-content\/uploads\/2013\/09\/bkg-white704.png\" \/>   <div class=\"highlight-text-gallery\"><a href=\"https:\/\/www.panoramictaormina.it\/fr\/offers\/snorkeling-in-taormina\/\">Package<\/a><\/div><\/div><div class=\"background-tag-gallery\">\n                            <img decoding=\"async\" src=\"https:\/\/www.panoramictaormina.it\/wp-content\/uploads\/2013\/09\/package_icon.png\"><\/div><\/div><div class=\"original-price\"><\/div><div class=\"reducted-price\"><\/div><div class=\"clear\"><\/div><div class=\"offer_title\"><a href=\"https:\/\/www.panoramictaormina.it\/fr\/offers\/snorkeling-in-taormina\/\">Snorkeling \u00e0 Taormina<\/a><\/div><div class=\"package-gallery\"><div><\/div><div><\/div><div><\/div><div><\/div><\/div><\/div><div class=\"offer-package-4\"><div style=\"position:relative; margin-left:auto; margin-right:auto; overflow:hidden; width:px;\"><a href=\"https:\/\/www.panoramictaormina.it\/fr\/offers\/wine-tasting-taormina\/\"><img loading=\"lazy\" decoding=\"async\" width=\"210\" height=\"186\" src=\"https:\/\/www.panoramictaormina.it\/wp-content\/uploads\/2016\/05\/2d3a0cda-37ba-4693-9088-116093cd54fa-210x186.jpg\" class=\"size-thumbnail\" alt=\"\" \/><\/a><div class=\"background-offer-gallery\"><img decoding=\"async\" src=\"https:\/\/www.panoramictaormina.it\/wp-content\/uploads\/2013\/09\/bkg-white704.png\" \/>   <div class=\"highlight-text-gallery\"><a href=\"https:\/\/www.panoramictaormina.it\/fr\/offers\/wine-tasting-taormina\/\">Package<\/a><\/div><\/div><div class=\"background-tag-gallery\">\n                            <img decoding=\"async\" src=\"https:\/\/www.panoramictaormina.it\/wp-content\/uploads\/2013\/09\/package_icon.png\"><\/div><\/div><div class=\"original-price\"><\/div><div class=\"reducted-price\"><\/div><div class=\"clear\"><\/div><div class=\"offer_title\"><a href=\"https:\/\/www.panoramictaormina.it\/fr\/offers\/wine-tasting-taormina\/\">D\u00e9gustation de vin Siciliens \u00e0 Taormina<\/a><\/div><div class=\"package-gallery\"><div><\/div><div><\/div><div><\/div><div><\/div><\/div><\/div><\/div>\n<h4><a href=\"https:\/\/www.panoramictaormina.it\/fr\/offres-speciales\/\">Voir la liste compl\u00e8te<\/a><\/h4>\n[\/vc_column_text][\/vc_column][\/vc_row]\n<\/div>","protected":false},"excerpt":{"rendered":"<p>[vc_row el_class=\u00a0\u00bbpayoff\u00a0\u00bb][vc_column][vc_column_text] H\u00f4tel avec vue sur Isola Bella Right here, right now D\u00e9couvrez pourquoi [\/vc_column_text][\/vc_column][\/vc_row][vc_row el_class=\u00a0\u00bbbiancogrigio\u00a0\u00bb][vc_column][vc_column_text el_class=\u00a0\u00bbintroduzione\u00a0\u00bb] Panoramic Hotel Taormina Nous vous accueillons \u00e0 Taormina, face \u00e0 la mer, dans un cadre \u00e9l\u00e9gant et agr\u00e9able, typiquement sicilien. Votre chambre b\u00e9n\u00e9ficiera de la vue sur la mer et la piscine panoramique vous attend au dernier \u00e9tage. [&hellip;]<\/p>\n","protected":false},"author":30,"featured_media":0,"parent":0,"menu_order":0,"comment_status":"open","ping_status":"closed","template":"","meta":{"_genesis_hide_title":false,"_genesis_hide_breadcrumbs":false,"_genesis_hide_singular_image":false,"_genesis_hide_footer_widgets":false,"_genesis_custom_body_class":"","_genesis_custom_post_class":"","_genesis_layout":"","footnotes":""},"class_list":{"0":"post-115","1":"page","2":"type-page","3":"status-publish","5":"entry"},"yoast_head":"<!-- This site is optimized with the Yoast SEO plugin v25.7 - https:\/\/yoast.com\/wordpress\/plugins\/seo\/ -->\n<title>H\u00f4tels Taormina Hotel Panoramic Taormina Site Officiel<\/title>\n<meta name=\"description\" content=\"Modern H\u00f4tel 4 \u00e9toiles \u00e0 Taormina avec une vue panoramique de l&#039;\u00eele Belle et Capo Taormina.\" \/>\n<meta name=\"robots\" content=\"index, follow, max-snippet:-1, max-image-preview:large, max-video-preview:-1\" \/>\n<link rel=\"canonical\" href=\"https:\/\/www.panoramictaormina.it\/fr\/\" \/>\n<meta property=\"og:locale\" content=\"fr_FR\" \/>\n<meta property=\"og:type\" content=\"article\" \/>\n<meta property=\"og:title\" content=\"H\u00f4tels Taormina Hotel Panoramic Taormina Site Officiel\" \/>\n<meta property=\"og:description\" content=\"Modern H\u00f4tel 4 \u00e9toiles \u00e0 Taormina avec une vue panoramique de l&#039;\u00eele Belle et Capo Taormina.\" \/>\n<meta property=\"og:url\" content=\"https:\/\/www.panoramictaormina.it\/fr\/\" \/>\n<meta property=\"og:site_name\" content=\"Panoramic Hotel\" \/>\n<meta property=\"article:modified_time\" content=\"2022-04-26T12:58:39+00:00\" \/>\n<meta name=\"twitter:label1\" content=\"Dur\u00e9e de lecture estim\u00e9e\" \/>\n\t<meta name=\"twitter:data1\" content=\"1 minute\" \/>\n<script type=\"application\/ld+json\" class=\"yoast-schema-graph\">{\"@context\":\"https:\/\/schema.org\",\"@graph\":[{\"@type\":\"WebPage\",\"@id\":\"https:\/\/www.panoramictaormina.it\/fr\/\",\"url\":\"https:\/\/www.panoramictaormina.it\/fr\/\",\"name\":\"H\u00f4tels Taormina Hotel Panoramic Taormina Site Officiel\",\"isPartOf\":{\"@id\":\"https:\/\/www.panoramictaormina.it\/fr\/#website\"},\"datePublished\":\"2013-09-03T15:09:08+00:00\",\"dateModified\":\"2022-04-26T12:58:39+00:00\",\"description\":\"Modern H\u00f4tel 4 \u00e9toiles \u00e0 Taormina avec une vue panoramique de l'\u00eele Belle et Capo Taormina.\",\"breadcrumb\":{\"@id\":\"https:\/\/www.panoramictaormina.it\/fr\/#breadcrumb\"},\"inLanguage\":\"fr-FR\",\"potentialAction\":[{\"@type\":\"ReadAction\",\"target\":[\"https:\/\/www.panoramictaormina.it\/fr\/\"]}]},{\"@type\":\"BreadcrumbList\",\"@id\":\"https:\/\/www.panoramictaormina.it\/fr\/#breadcrumb\",\"itemListElement\":[{\"@type\":\"ListItem\",\"position\":1,\"name\":\"Home\",\"item\":\"https:\/\/www.panoramictaormina.it\/fr\/\"},{\"@type\":\"ListItem\",\"position\":2,\"name\":\"Home\"}]},{\"@type\":\"WebSite\",\"@id\":\"https:\/\/www.panoramictaormina.it\/fr\/#website\",\"url\":\"https:\/\/www.panoramictaormina.it\/fr\/\",\"name\":\"Panoramic Hotel\",\"description\":\"\",\"potentialAction\":[{\"@type\":\"SearchAction\",\"target\":{\"@type\":\"EntryPoint\",\"urlTemplate\":\"https:\/\/www.panoramictaormina.it\/fr\/?s={search_term_string}\"},\"query-input\":{\"@type\":\"PropertyValueSpecification\",\"valueRequired\":true,\"valueName\":\"search_term_string\"}}],\"inLanguage\":\"fr-FR\"}]}<\/script>\n<!-- \/ Yoast SEO plugin. -->","yoast_head_json":{"title":"H\u00f4tels Taormina Hotel Panoramic Taormina Site Officiel","description":"Modern H\u00f4tel 4 \u00e9toiles \u00e0 Taormina avec une vue panoramique de l'\u00eele Belle et Capo Taormina.","robots":{"index":"index","follow":"follow","max-snippet":"max-snippet:-1","max-image-preview":"max-image-preview:large","max-video-preview":"max-video-preview:-1"},"canonical":"https:\/\/www.panoramictaormina.it\/fr\/","og_locale":"fr_FR","og_type":"article","og_title":"H\u00f4tels Taormina Hotel Panoramic Taormina Site Officiel","og_description":"Modern H\u00f4tel 4 \u00e9toiles \u00e0 Taormina avec une vue panoramique de l'\u00eele Belle et Capo Taormina.","og_url":"https:\/\/www.panoramictaormina.it\/fr\/","og_site_name":"Panoramic Hotel","article_modified_time":"2022-04-26T12:58:39+00:00","twitter_misc":{"Dur\u00e9e de lecture estim\u00e9e":"1 minute"},"schema":{"@context":"https:\/\/schema.org","@graph":[{"@type":"WebPage","@id":"https:\/\/www.panoramictaormina.it\/fr\/","url":"https:\/\/www.panoramictaormina.it\/fr\/","name":"H\u00f4tels Taormina Hotel Panoramic Taormina Site Officiel","isPartOf":{"@id":"https:\/\/www.panoramictaormina.it\/fr\/#website"},"datePublished":"2013-09-03T15:09:08+00:00","dateModified":"2022-04-26T12:58:39+00:00","description":"Modern H\u00f4tel 4 \u00e9toiles \u00e0 Taormina avec une vue panoramique de l'\u00eele Belle et Capo Taormina.","breadcrumb":{"@id":"https:\/\/www.panoramictaormina.it\/fr\/#breadcrumb"},"inLanguage":"fr-FR","potentialAction":[{"@type":"ReadAction","target":["https:\/\/www.panoramictaormina.it\/fr\/"]}]},{"@type":"BreadcrumbList","@id":"https:\/\/www.panoramictaormina.it\/fr\/#breadcrumb","itemListElement":[{"@type":"ListItem","position":1,"name":"Home","item":"https:\/\/www.panoramictaormina.it\/fr\/"},{"@type":"ListItem","position":2,"name":"Home"}]},{"@type":"WebSite","@id":"https:\/\/www.panoramictaormina.it\/fr\/#website","url":"https:\/\/www.panoramictaormina.it\/fr\/","name":"Panoramic Hotel","description":"","potentialAction":[{"@type":"SearchAction","target":{"@type":"EntryPoint","urlTemplate":"https:\/\/www.panoramictaormina.it\/fr\/?s={search_term_string}"},"query-input":{"@type":"PropertyValueSpecification","valueRequired":true,"valueName":"search_term_string"}}],"inLanguage":"fr-FR"}]}},"publishpress_future_action":{"enabled":false,"date":"2026-05-06 21:36:51","action":"change-status","newStatus":"draft","terms":[],"taxonomy":"translation_priority","extraData":[]},"publishpress_future_workflow_manual_trigger":{"enabledWorkflows":[]},"_links":{"self":[{"href":"https:\/\/www.panoramictaormina.it\/fr\/wp-json\/wp\/v2\/pages\/115","targetHints":{"allow":["GET"]}}],"collection":[{"href":"https:\/\/www.panoramictaormina.it\/fr\/wp-json\/wp\/v2\/pages"}],"about":[{"href":"https:\/\/www.panoramictaormina.it\/fr\/wp-json\/wp\/v2\/types\/page"}],"author":[{"embeddable":true,"href":"https:\/\/www.panoramictaormina.it\/fr\/wp-json\/wp\/v2\/users\/30"}],"replies":[{"embeddable":true,"href":"https:\/\/www.panoramictaormina.it\/fr\/wp-json\/wp\/v2\/comments?post=115"}],"version-history":[{"count":10,"href":"https:\/\/www.panoramictaormina.it\/fr\/wp-json\/wp\/v2\/pages\/115\/revisions"}],"predecessor-version":[{"id":2470,"href":"https:\/\/www.panoramictaormina.it\/fr\/wp-json\/wp\/v2\/pages\/115\/revisions\/2470"}],"wp:attachment":[{"href":"https:\/\/www.panoramictaormina.it\/fr\/wp-json\/wp\/v2\/media?parent=115"}],"curies":[{"name":"wp","href":"https:\/\/api.w.org\/{rel}","templated":true}]}}