{"id":125,"date":"2013-09-03T15:11:17","date_gmt":"2013-09-03T15:11:17","guid":{"rendered":"https:\/\/www.panoramictaormina.it\/?page_id=125"},"modified":"2022-04-26T13:01:10","modified_gmt":"2022-04-26T13:01:10","slug":"home","status":"publish","type":"page","link":"https:\/\/www.panoramictaormina.it\/es\/","title":{"rendered":"Home"},"content":{"rendered":"<div class=\"wpb-content-wrapper\">[vc_row el_class=\u00bbpayoff\u00bb][vc_column][vc_column_text]\n<h3>Hotel con vistas a la Isola Bella<\/h3>\n<h2>Right here, right now<\/h2>\n<h4><a href=\"https:\/\/www.panoramictaormina.it\/es\/donde-estamos\/\">Descubre por qu\u00e9<\/a><\/h4>\n[\/vc_column_text][\/vc_column][\/vc_row][vc_row el_class=\u00bbbiancogrigio\u00bb][vc_column]<div class=\" uavc-icons-center uavc-icons \">\n<div class=\"aio-icon  \" data-animation=\"\" data-animation-delay=\"03\" style=\"color:#7b89a4;font-size:15px;margin-right:5px;\">\n\t<i class=\"Defaults-star\"><\/i>\n<\/div>\n<div class=\"aio-icon  \" data-animation=\"\" data-animation-delay=\"03\" style=\"color:#7b89a4;font-size:15px;margin-right:5px;\">\n\t<i class=\"Defaults-star\"><\/i>\n<\/div>\n<div class=\"aio-icon  \" data-animation=\"\" data-animation-delay=\"03\" style=\"color:#7b89a4;font-size:15px;margin-right:5px;\">\n\t<i class=\"Defaults-star\"><\/i>\n<\/div>\n<div class=\"aio-icon  \" data-animation=\"\" data-animation-delay=\"03\" style=\"color:#7b89a4;font-size:15px;margin-right:5px;\">\n\t<i class=\"Defaults-star\"><\/i>\n<\/div><\/div>[vc_column_text el_class=\u00bbintroduzione\u00bb]\n<h1>Panoramic Hotel Taormina<\/h1>\n<p>Te damos la bienvenida a Taormina, donde, en primera l\u00ednea de mar, podr\u00e1s disfrutar del elegante y cort\u00e9s ambiente t\u00edpico siciliano.<br \/>\nAl\u00f3jate en una habitaci\u00f3n con vistas al mar, y disfruta de la piscina panor\u00e1mica que te espera en la planta superior.<br \/>\nCon playas a cuatro pasos del hotel, y el centro hist\u00f3rico de Taormina a solo 5 minutos.<br \/>\nEl aparcamiento para el coche se encuentra al lado del hotel.<br \/>\n\u00a1Ahora solo te falta reservar![\/vc_column_text][\/vc_column][\/vc_row][vc_row full_width=\u00bbstretch_row_content_no_spaces\u00bb equal_height=\u00bbyes\u00bb css=\u00bb.vc_custom_1460041739036{background-image: url(https:\/\/www.panoramictaormina.it\/wp-content\/uploads\/2013\/09\/bg_bp-out.jpg?id=847) !important;background-position: center !important;background-repeat: no-repeat !important;background-size: cover !important;}\u00bb][vc_column][vc_row_inner equal_height=\u00bbyes\u00bb content_placement=\u00bbmiddle\u00bb el_class=\u00bbwrap\u00bb css=\u00bb.vc_custom_1650977394251{background-image: url(https:\/\/www.panoramictaormina.it\/wp-content\/uploads\/2022\/04\/Screenshot_20220426_131354.jpg?id=2467) !important;background-position: center !important;background-repeat: no-repeat !important;background-size: cover !important;}\u00bb el_id=\u00bbmiglior-out\u00bb][vc_column_inner][vc_column_text el_class=\u00bbmigliorprezzo\u00bb]\n<h3>Por qu\u00e9 elegirnos<\/h3>\n<h2>Mejor precio garantizado<\/h2>\n<p>Reserva directamente y conseguir\u00e1s el mejor precio disponible garantizado.<\/p>\n<h4 class=\"reservations_desktop\"><a href=\"https:\/\/hotelpanoramichotel.beddy.io?lang=es\">Reserva<\/a><\/h4>\n<h4 class=\"reservations_mobile\"><a href=\"https:\/\/hotelpanoramichotel.beddy.io?lang=es\" target=\"blank\" rel=\"noopener noreferrer\">Reserva<\/a><\/h4>\n[\/vc_column_text][\/vc_column_inner][\/vc_row_inner][\/vc_column][\/vc_row][vc_row css=\u00bb.vc_custom_1460100683743{background-image: url(https:\/\/www.panoramictaormina.it\/wp-content\/uploads\/2013\/09\/bg_box-home.jpg?id=854) !important;background-position: center !important;background-repeat: no-repeat !important;background-size: cover !important;}\u00bb el_class=\u00bbbox-home\u00bb][vc_column][vc_row_inner equal_height=\u00bbyes\u00bb el_class=\u00bbwrap\u00bb][vc_column_inner el_class=\u00bboverlay-box-home\u00bb width=\u00bb1\/2&#8243; css=\u00bb.vc_custom_1460105398867{background-image: url(https:\/\/www.panoramictaormina.it\/wp-content\/uploads\/2013\/09\/Senza-titolo-1.jpg?id=857) !important;background-position: center !important;background-repeat: no-repeat !important;background-size: cover !important;}\u00bb][vc_column_text el_class=\u00bbbox-sx\u00bb]\n<h3>En frente de<\/h3>\n<h2>Isola Bella<\/h2>\n<h4><a href=\"https:\/\/www.panoramictaormina.it\/es\/donde-estamos\/\">Ubicaci\u00f3n<\/a><\/h4>\n[\/vc_column_text][\/vc_column_inner][vc_column_inner el_class=\u00bboverlay-box-home\u00bb width=\u00bb1\/2&#8243; css=\u00bb.vc_custom_1460105403771{background-image: url(https:\/\/www.panoramictaormina.it\/wp-content\/uploads\/2013\/09\/MG_0703.jpg?id=856) !important;background-position: center !important;background-repeat: no-repeat !important;background-size: cover !important;}\u00bb][vc_column_text el_class=\u00bbbox-dx\u00bb]\n<h3>Todas las<\/h3>\n<h2>Habitaciones con vista<\/h2>\n<h4><a href=\"https:\/\/www.panoramictaormina.it\/es\/habitaciones\/\">Habitaciones<\/a><\/h4>\n[\/vc_column_text][\/vc_column_inner][\/vc_row_inner][\/vc_column][\/vc_row][vc_row css=\u00bb.vc_custom_1460107789527{padding-top: 30px !important;padding-bottom: 30px !important;background-image: url(https:\/\/www.panoramictaormina.it\/wp-content\/uploads\/2013\/09\/bg_offerte-home.jpg?id=858) !important;background-position: center !important;background-repeat: no-repeat !important;background-size: cover !important;}\u00bb el_class=\u00bbbox-offerte\u00bb][vc_column][vc_column_text el_class=\u00bbwrap\u00bb]\n<h3>Solo para ti<\/h3>\n<h2>Ofertas especiales<\/h2>\n<div class=\"gallery-view\"><div class=\"offer-package-4\"><div style=\"position:relative; margin-left:auto; margin-right:auto; overflow:hidden; width:px;\"><a href=\"https:\/\/www.panoramictaormina.it\/es\/offers\/boat-tour\/\"><img loading=\"lazy\" decoding=\"async\" width=\"210\" height=\"210\" src=\"https:\/\/www.panoramictaormina.it\/wp-content\/uploads\/2016\/04\/sicily-1900-210x210.jpg\" class=\"size-thumbnail\" alt=\"\" srcset=\"https:\/\/www.panoramictaormina.it\/wp-content\/uploads\/2016\/04\/sicily-1900-210x210.jpg 210w, https:\/\/www.panoramictaormina.it\/wp-content\/uploads\/2016\/04\/sicily-1900-150x150.jpg 150w, https:\/\/www.panoramictaormina.it\/wp-content\/uploads\/2016\/04\/sicily-1900-32x32.jpg 32w, https:\/\/www.panoramictaormina.it\/wp-content\/uploads\/2016\/04\/sicily-1900-128x128.jpg 128w, https:\/\/www.panoramictaormina.it\/wp-content\/uploads\/2016\/04\/sicily-1900-268x268.jpg 268w, https:\/\/www.panoramictaormina.it\/wp-content\/uploads\/2016\/04\/sicily-1900-500x500.jpg 500w\" sizes=\"auto, (max-width: 210px) 100vw, 210px\" \/><\/a><div class=\"background-offer-gallery\"><img decoding=\"async\" src=\"https:\/\/www.panoramictaormina.it\/wp-content\/uploads\/2013\/09\/bkg-white704.png\" \/>   <div class=\"highlight-text-gallery\"><a href=\"https:\/\/www.panoramictaormina.it\/es\/offers\/boat-tour\/\">Paquete<\/a><\/div><\/div><div class=\"background-tag-gallery\">\n                            <img decoding=\"async\" src=\"https:\/\/www.panoramictaormina.it\/wp-content\/uploads\/2013\/09\/package_icon.png\"><\/div><\/div><div class=\"original-price\"><\/div><div class=\"reducted-price\"><\/div><div class=\"clear\"><\/div><div class=\"offer_title\"><a href=\"https:\/\/www.panoramictaormina.it\/es\/offers\/boat-tour\/\">Excursion en barco<\/a><\/div><div class=\"package-gallery\"><div><\/div><div><\/div><div><\/div><div><\/div><\/div><\/div><div class=\"offer-package-4\"><div style=\"position:relative; margin-left:auto; margin-right:auto; overflow:hidden; width:px;\"><a href=\"https:\/\/www.panoramictaormina.it\/es\/offers\/snorkeling-in-taormina\/\"><img loading=\"lazy\" decoding=\"async\" width=\"198\" height=\"198\" src=\"https:\/\/www.panoramictaormina.it\/wp-content\/uploads\/2016\/05\/31.jpg\" class=\"size-thumbnail\" alt=\"\" srcset=\"https:\/\/www.panoramictaormina.it\/wp-content\/uploads\/2016\/05\/31.jpg 198w, https:\/\/www.panoramictaormina.it\/wp-content\/uploads\/2016\/05\/31-150x150.jpg 150w, https:\/\/www.panoramictaormina.it\/wp-content\/uploads\/2016\/05\/31-32x32.jpg 32w, https:\/\/www.panoramictaormina.it\/wp-content\/uploads\/2016\/05\/31-64x64.jpg 64w, https:\/\/www.panoramictaormina.it\/wp-content\/uploads\/2016\/05\/31-128x128.jpg 128w\" sizes=\"auto, (max-width: 198px) 100vw, 198px\" \/><\/a><div class=\"background-offer-gallery\"><img decoding=\"async\" src=\"https:\/\/www.panoramictaormina.it\/wp-content\/uploads\/2013\/09\/bkg-white704.png\" \/>   <div class=\"highlight-text-gallery\"><a href=\"https:\/\/www.panoramictaormina.it\/es\/offers\/snorkeling-in-taormina\/\">Paquete<\/a><\/div><\/div><div class=\"background-tag-gallery\">\n                            <img decoding=\"async\" src=\"https:\/\/www.panoramictaormina.it\/wp-content\/uploads\/2013\/09\/package_icon.png\"><\/div><\/div><div class=\"original-price\"><\/div><div class=\"reducted-price\"><\/div><div class=\"clear\"><\/div><div class=\"offer_title\"><a href=\"https:\/\/www.panoramictaormina.it\/es\/offers\/snorkeling-in-taormina\/\">Snorkeling en Taormina<\/a><\/div><div class=\"package-gallery\"><div><\/div><div><\/div><div><\/div><div><\/div><\/div><\/div><div class=\"offer-package-4\"><div style=\"position:relative; margin-left:auto; margin-right:auto; overflow:hidden; width:px;\"><a href=\"https:\/\/www.panoramictaormina.it\/es\/offers\/wine-tasting-taormina\/\"><img loading=\"lazy\" decoding=\"async\" width=\"210\" height=\"186\" src=\"https:\/\/www.panoramictaormina.it\/wp-content\/uploads\/2016\/05\/2d3a0cda-37ba-4693-9088-116093cd54fa-210x186.jpg\" class=\"size-thumbnail\" alt=\"\" \/><\/a><div class=\"background-offer-gallery\"><img decoding=\"async\" src=\"https:\/\/www.panoramictaormina.it\/wp-content\/uploads\/2013\/09\/bkg-white704.png\" \/>   <div class=\"highlight-text-gallery\"><a href=\"https:\/\/www.panoramictaormina.it\/es\/offers\/wine-tasting-taormina\/\">Paquete<\/a><\/div><\/div><div class=\"background-tag-gallery\">\n                            <img decoding=\"async\" src=\"https:\/\/www.panoramictaormina.it\/wp-content\/uploads\/2013\/09\/package_icon.png\"><\/div><\/div><div class=\"original-price\"><\/div><div class=\"reducted-price\"><\/div><div class=\"clear\"><\/div><div class=\"offer_title\"><a href=\"https:\/\/www.panoramictaormina.it\/es\/offers\/wine-tasting-taormina\/\">Degustaci\u00f2n de vinos Sicilianos<\/a><\/div><div class=\"package-gallery\"><div><\/div><div><\/div><div><\/div><div><\/div><\/div><\/div><\/div>\n<h4><a href=\"https:\/\/www.panoramictaormina.it\/es\/ofertas-especiales\/\">Ir para a lista completa<\/a><\/h4>\n[\/vc_column_text][\/vc_column][\/vc_row]\n<\/div>","protected":false},"excerpt":{"rendered":"<p>[vc_row el_class=\u00bbpayoff\u00bb][vc_column][vc_column_text] Hotel con vistas a la Isola Bella Right here, right now Descubre por qu\u00e9 [\/vc_column_text][\/vc_column][\/vc_row][vc_row el_class=\u00bbbiancogrigio\u00bb][vc_column][vc_column_text el_class=\u00bbintroduzione\u00bb] Panoramic Hotel Taormina Te damos la bienvenida a Taormina, donde, en primera l\u00ednea de mar, podr\u00e1s disfrutar del elegante y cort\u00e9s ambiente t\u00edpico siciliano. Al\u00f3jate en una habitaci\u00f3n con vistas al mar, y disfruta de la [&hellip;]<\/p>\n","protected":false},"author":30,"featured_media":0,"parent":0,"menu_order":0,"comment_status":"open","ping_status":"closed","template":"","meta":{"_genesis_hide_title":false,"_genesis_hide_breadcrumbs":false,"_genesis_hide_singular_image":false,"_genesis_hide_footer_widgets":false,"_genesis_custom_body_class":"","_genesis_custom_post_class":"","_genesis_layout":"","footnotes":""},"class_list":{"0":"post-125","1":"page","2":"type-page","3":"status-publish","5":"entry"},"yoast_head":"<!-- This site is optimized with the Yoast SEO plugin v25.7 - https:\/\/yoast.com\/wordpress\/plugins\/seo\/ -->\n<title>Hoteles Taormina Hotel Panoramic Taormina Sitio Oficial<\/title>\n<meta name=\"description\" content=\"Moderno hotel de 4 estrellas en Taormina con una vista panor\u00e1mica de la Isola Bella y Capo Taormina.\" \/>\n<meta name=\"robots\" content=\"index, follow, max-snippet:-1, max-image-preview:large, max-video-preview:-1\" \/>\n<link rel=\"canonical\" href=\"https:\/\/www.panoramictaormina.it\/es\/\" \/>\n<meta property=\"og:locale\" content=\"es_ES\" \/>\n<meta property=\"og:type\" content=\"article\" \/>\n<meta property=\"og:title\" content=\"Hoteles Taormina Hotel Panoramic Taormina Sitio Oficial\" \/>\n<meta property=\"og:description\" content=\"Moderno hotel de 4 estrellas en Taormina con una vista panor\u00e1mica de la Isola Bella y Capo Taormina.\" \/>\n<meta property=\"og:url\" content=\"https:\/\/www.panoramictaormina.it\/es\/\" \/>\n<meta property=\"og:site_name\" content=\"Panoramic Hotel\" \/>\n<meta property=\"article:modified_time\" content=\"2022-04-26T13:01:10+00:00\" \/>\n<meta name=\"twitter:label1\" content=\"Tiempo de lectura\" \/>\n\t<meta name=\"twitter:data1\" content=\"3 minutos\" \/>\n<script type=\"application\/ld+json\" class=\"yoast-schema-graph\">{\"@context\":\"https:\/\/schema.org\",\"@graph\":[{\"@type\":\"WebPage\",\"@id\":\"https:\/\/www.panoramictaormina.it\/es\/\",\"url\":\"https:\/\/www.panoramictaormina.it\/es\/\",\"name\":\"Hoteles Taormina Hotel Panoramic Taormina Sitio Oficial\",\"isPartOf\":{\"@id\":\"https:\/\/www.panoramictaormina.it\/es\/#website\"},\"datePublished\":\"2013-09-03T15:11:17+00:00\",\"dateModified\":\"2022-04-26T13:01:10+00:00\",\"description\":\"Moderno hotel de 4 estrellas en Taormina con una vista panor\u00e1mica de la Isola Bella y Capo Taormina.\",\"breadcrumb\":{\"@id\":\"https:\/\/www.panoramictaormina.it\/es\/#breadcrumb\"},\"inLanguage\":\"es\",\"potentialAction\":[{\"@type\":\"ReadAction\",\"target\":[\"https:\/\/www.panoramictaormina.it\/es\/\"]}]},{\"@type\":\"BreadcrumbList\",\"@id\":\"https:\/\/www.panoramictaormina.it\/es\/#breadcrumb\",\"itemListElement\":[{\"@type\":\"ListItem\",\"position\":1,\"name\":\"Home\",\"item\":\"https:\/\/www.panoramictaormina.it\/es\/\"},{\"@type\":\"ListItem\",\"position\":2,\"name\":\"Home\"}]},{\"@type\":\"WebSite\",\"@id\":\"https:\/\/www.panoramictaormina.it\/es\/#website\",\"url\":\"https:\/\/www.panoramictaormina.it\/es\/\",\"name\":\"Panoramic Hotel\",\"description\":\"\",\"potentialAction\":[{\"@type\":\"SearchAction\",\"target\":{\"@type\":\"EntryPoint\",\"urlTemplate\":\"https:\/\/www.panoramictaormina.it\/es\/?s={search_term_string}\"},\"query-input\":{\"@type\":\"PropertyValueSpecification\",\"valueRequired\":true,\"valueName\":\"search_term_string\"}}],\"inLanguage\":\"es\"}]}<\/script>\n<!-- \/ Yoast SEO plugin. -->","yoast_head_json":{"title":"Hoteles Taormina Hotel Panoramic Taormina Sitio Oficial","description":"Moderno hotel de 4 estrellas en Taormina con una vista panor\u00e1mica de la Isola Bella y Capo Taormina.","robots":{"index":"index","follow":"follow","max-snippet":"max-snippet:-1","max-image-preview":"max-image-preview:large","max-video-preview":"max-video-preview:-1"},"canonical":"https:\/\/www.panoramictaormina.it\/es\/","og_locale":"es_ES","og_type":"article","og_title":"Hoteles Taormina Hotel Panoramic Taormina Sitio Oficial","og_description":"Moderno hotel de 4 estrellas en Taormina con una vista panor\u00e1mica de la Isola Bella y Capo Taormina.","og_url":"https:\/\/www.panoramictaormina.it\/es\/","og_site_name":"Panoramic Hotel","article_modified_time":"2022-04-26T13:01:10+00:00","twitter_misc":{"Tiempo de lectura":"3 minutos"},"schema":{"@context":"https:\/\/schema.org","@graph":[{"@type":"WebPage","@id":"https:\/\/www.panoramictaormina.it\/es\/","url":"https:\/\/www.panoramictaormina.it\/es\/","name":"Hoteles Taormina Hotel Panoramic Taormina Sitio Oficial","isPartOf":{"@id":"https:\/\/www.panoramictaormina.it\/es\/#website"},"datePublished":"2013-09-03T15:11:17+00:00","dateModified":"2022-04-26T13:01:10+00:00","description":"Moderno hotel de 4 estrellas en Taormina con una vista panor\u00e1mica de la Isola Bella y Capo Taormina.","breadcrumb":{"@id":"https:\/\/www.panoramictaormina.it\/es\/#breadcrumb"},"inLanguage":"es","potentialAction":[{"@type":"ReadAction","target":["https:\/\/www.panoramictaormina.it\/es\/"]}]},{"@type":"BreadcrumbList","@id":"https:\/\/www.panoramictaormina.it\/es\/#breadcrumb","itemListElement":[{"@type":"ListItem","position":1,"name":"Home","item":"https:\/\/www.panoramictaormina.it\/es\/"},{"@type":"ListItem","position":2,"name":"Home"}]},{"@type":"WebSite","@id":"https:\/\/www.panoramictaormina.it\/es\/#website","url":"https:\/\/www.panoramictaormina.it\/es\/","name":"Panoramic Hotel","description":"","potentialAction":[{"@type":"SearchAction","target":{"@type":"EntryPoint","urlTemplate":"https:\/\/www.panoramictaormina.it\/es\/?s={search_term_string}"},"query-input":{"@type":"PropertyValueSpecification","valueRequired":true,"valueName":"search_term_string"}}],"inLanguage":"es"}]}},"publishpress_future_action":{"enabled":false,"date":"2026-05-06 22:28:33","action":"change-status","newStatus":"draft","terms":[],"taxonomy":"translation_priority","extraData":[]},"publishpress_future_workflow_manual_trigger":{"enabledWorkflows":[]},"_links":{"self":[{"href":"https:\/\/www.panoramictaormina.it\/es\/wp-json\/wp\/v2\/pages\/125","targetHints":{"allow":["GET"]}}],"collection":[{"href":"https:\/\/www.panoramictaormina.it\/es\/wp-json\/wp\/v2\/pages"}],"about":[{"href":"https:\/\/www.panoramictaormina.it\/es\/wp-json\/wp\/v2\/types\/page"}],"author":[{"embeddable":true,"href":"https:\/\/www.panoramictaormina.it\/es\/wp-json\/wp\/v2\/users\/30"}],"replies":[{"embeddable":true,"href":"https:\/\/www.panoramictaormina.it\/es\/wp-json\/wp\/v2\/comments?post=125"}],"version-history":[{"count":10,"href":"https:\/\/www.panoramictaormina.it\/es\/wp-json\/wp\/v2\/pages\/125\/revisions"}],"predecessor-version":[{"id":2474,"href":"https:\/\/www.panoramictaormina.it\/es\/wp-json\/wp\/v2\/pages\/125\/revisions\/2474"}],"wp:attachment":[{"href":"https:\/\/www.panoramictaormina.it\/es\/wp-json\/wp\/v2\/media?parent=125"}],"curies":[{"name":"wp","href":"https:\/\/api.w.org\/{rel}","templated":true}]}}