{"id":1233,"date":"2016-04-27T10:38:46","date_gmt":"2016-04-27T10:38:46","guid":{"rendered":"https:\/\/www.panoramictaormina.it\/es\/?page_id=1233"},"modified":"2024-08-07T14:14:40","modified_gmt":"2024-08-07T14:14:40","slug":"habitaciones","status":"publish","type":"page","link":"https:\/\/www.panoramictaormina.it\/es\/habitaciones\/","title":{"rendered":"Habitaciones"},"content":{"rendered":"<div class=\"wpb-content-wrapper\">[vc_row el_class=\u00bbbiancogrigio\u00bb][vc_column][vc_empty_space][vc_column_text el_class=\u00bbintroduzione\u00bb]\n<h3>Bienvenido<\/h3>\n<h2>Las Habitaciones<\/h2>\n[\/vc_column_text][\/vc_column][\/vc_row][vc_row el_class=\u00bbwrap txt-interno\u00bb][vc_column width=\u00bb1\/2&#8243;][vc_column_text]Con vistas a la espl\u00e9ndida <strong>Bah\u00eda de Isola Bella<\/strong>, las habitaciones del <strong>Panoramic Hotel 4 estrellas<\/strong> de <strong>Taormina<\/strong> tienen todas vistas al mar y le ofrecen la emoci\u00f3n de un <strong>panorama<\/strong> que ning\u00fan otro <strong>hotel<\/strong> de <strong>Taormina<\/strong> puede ofrecerles.<\/p>\n<p>Amplios <strong>ventanales<\/strong> que dejan entrar libremente la luz del exterior, <strong>decoraci\u00f3n artesanal <\/strong>de abedul perfectamente conjuntada con elegantes cortinajes, completan una <strong>atm\u00f3sfera<\/strong> encantadora, capaz de hacer de su estancia en el <strong>Panoramic Hotel<\/strong> un momento realmente inolvidable.<\/p>\n<p>Las habitaciones est\u00e1n dotadas de <strong>TV v\u00eda sat\u00e9lite<\/strong> al plasma, conexi\u00f3n wi-fi en todo el hotel, <strong>tel\u00e9fono VOIP<\/strong>, aire acondicionado\/calefacci\u00f3n regulables, voice mail y suelos de gres porcelanado; se dividen en 14 triples, 8 dobles (double o twin) y una <strong>habitaci\u00f3n familiar<\/strong> con zona de noche y zona de d\u00eda.[\/vc_column_text][\/vc_column][vc_column width=\u00bb1\/4&#8243;][vc_column_text]\n<h3>Comodidades<\/h3>\n<ul>\n<li>Acceso a descapacitados<\/li>\n<li>Con vistas<\/li>\n<li>Con terraza<\/li>\n<li>Tel\u00e9fono directo<\/li>\n<li>Internet ADSL Wi-fi<\/li>\n<li>Voice mail<\/li>\n<li>TV SAT LCD\/Plasma<\/li>\n<li>Radio<\/li>\n<li>Frigobar<\/li>\n<li>Aire acondicionado y calefacci\u00f3n regulable<\/li>\n<li>No fumadores<\/li>\n<li>Fumadores<\/li>\n<\/ul>\n[\/vc_column_text][\/vc_column][vc_column width=\u00bb1\/4&#8243;][vc_column_text]\n<h3>Ba\u00f1o<\/h3>\n<ul>\n<li>Ducha\/ba\u00f1era<\/li>\n<li>Enchufe el\u00e9ctrico<\/li>\n<li>Kit de cortes\u00eda<\/li>\n<li>Bata<\/li>\n<li>Secador de pelo<\/li>\n<\/ul>\n[\/vc_column_text][\/vc_column][\/vc_row][vc_row full_width=\u00bbstretch_row_content_no_spaces\u00bb equal_height=\u00bbyes\u00bb content_placement=\u00bbmiddle\u00bb css=\u00bb.vc_custom_1460359635791{background-color: #e6e4d8 !important;}\u00bb el_class=\u00bbbox-tipologie\u00bb][vc_column width=\u00bb1\/2&#8243;][vc_gallery type=\u00bbimage_grid\u00bb images=\u00bb879,882,889,881&#8243; img_size=\u00bbfull\u00bb el_class=\u00bbimg-camere\u00bb][\/vc_column][vc_column width=\u00bb1\/2&#8243;][\/vc_column][\/vc_row][vc_row full_width=\u00bbstretch_row_content_no_spaces\u00bb equal_height=\u00bbyes\u00bb content_placement=\u00bbmiddle\u00bb css=\u00bb.vc_custom_1460359646174{background-color: #dae1ef !important;}\u00bb el_class=\u00bbbox-tipologie\u00bb][vc_column width=\u00bb1\/2&#8243;][vc_column_text el_class=\u00bbtxt-tipologie\u00bb]\n<h3>Las Habitaciones<\/h3>\n<h2>Doble con vistas al mar<\/h2>\n<p>Nuestras habitaciones doble tienen dos camas indicviduales o una cama de matrimonio.<br \/>\nOfrecen todascomodidades y servicios necesarios para ayudarle a sacar el m\u00e1ximo provecho de su estancia en Taormina.<\/p>\n<h4 class=\"reservations_desktop\"><a href=\"https:\/\/hotelpanoramichotel.beddy.io?lang=es\">Reserva<\/a><\/h4>\n<h4 class=\"reservations_mobile\"><a href=\"https:\/\/hotelpanoramichotel.beddy.io?lang=es\" target=\"_blank\" rel=\"noopener noreferrer\">Reserva<\/a><\/h4>\n[\/vc_column_text][\/vc_column][vc_column width=\u00bb1\/2&#8243;][vc_gallery type=\u00bbimage_grid\u00bb images=\u00bb896,897,898,899&#8243; img_size=\u00bbfull\u00bb el_class=\u00bbimg-camere\u00bb][\/vc_column][\/vc_row][vc_row full_width=\u00bbstretch_row_content_no_spaces\u00bb equal_height=\u00bbyes\u00bb content_placement=\u00bbmiddle\u00bb css=\u00bb.vc_custom_1460359691289{background-color: #ffffff !important;}\u00bb el_class=\u00bbbox-tipologie\u00bb][vc_column width=\u00bb1\/2&#8243;][vc_gallery type=\u00bbimage_grid\u00bb images=\u00bb904,905&#8243; img_size=\u00bbfull\u00bb el_class=\u00bbimg-camere\u00bb][\/vc_column][vc_column width=\u00bb1\/2&#8243;][vc_column_text el_class=\u00bbtxt-tipologie\u00bb]\n<h3>Las Habitaciones<\/h3>\n<h2>Doble Superior con vistas al mar<\/h2>\n<p>Nuestras habitaciones superiores, est\u00e1n ubicadas en nuestro \u00faltimo piso, con hermosos balcones para disfrutar de la mejor vista posible desde la impresionante bah\u00eda de Isolabella<\/p>\n<h4 class=\"reservations_desktop\"><a href=\"https:\/\/hotelpanoramichotel.beddy.io?lang=es\">Reserva<\/a><\/h4>\n<h4 class=\"reservations_mobile\"><a href=\"https:\/\/hotelpanoramichotel.beddy.io?lang=es\" target=\"_blank\" rel=\"noopener noreferrer\">Reserva<\/a><\/h4>\n[\/vc_column_text][\/vc_column][\/vc_row][vc_row full_width=\u00bbstretch_row_content_no_spaces\u00bb equal_height=\u00bbyes\u00bb content_placement=\u00bbmiddle\u00bb css=\u00bb.vc_custom_1460359699942{background-color: #e6e4d8 !important;}\u00bb el_class=\u00bbbox-tipologie\u00bb][vc_column width=\u00bb1\/2&#8243;][vc_column_text el_class=\u00bbtxt-tipologie\u00bb]\n<h3>Las Habitaciones<\/h3>\n<h2>Tripla con vistas al mar<\/h2>\n<p>Si usted est\u00e1 buscando el espacio para tres personas, nuestras habitaciones triples est\u00e1n a su disposici\u00f3n. Tienen tres camas individuales o, si se prefiere, una cama doble y una individual. Por favor, indique su preferencia en el momento de hacer la reserva.<\/p>\n<h4 class=\"reservations_desktop\"><a href=\"https:\/\/hotelpanoramichotel.beddy.io?lang=es\">Reserva<\/a><\/h4>\n<h4 class=\"reservations_mobile\"><a href=\"https:\/\/hotelpanoramichotel.beddy.io?lang=es\" target=\"_blank\" rel=\"noopener noreferrer\">Reserva<\/a><\/h4>\n[\/vc_column_text][\/vc_column][vc_column width=\u00bb1\/2&#8243;][vc_gallery type=\u00bbimage_grid\u00bb images=\u00bb910,908,909,911&#8243; img_size=\u00bbfull\u00bb el_class=\u00bbimg-camere\u00bb][\/vc_column][\/vc_row][vc_row full_width=\u00bbstretch_row_content_no_spaces\u00bb equal_height=\u00bbyes\u00bb content_placement=\u00bbmiddle\u00bb css=\u00bb.vc_custom_1460359712773{background-color: #dae1ef !important;}\u00bb el_class=\u00bbbox-tipologie\u00bb][vc_column width=\u00bb1\/2&#8243;][vc_gallery type=\u00bbimage_grid\u00bb images=\u00bb913,912,914,915&#8243; img_size=\u00bbfull\u00bb el_class=\u00bbimg-camere\u00bb][\/vc_column][vc_column width=\u00bb1\/2&#8243;][vc_column_text el_class=\u00bbtxt-tipologie\u00bb]\n<h3>Las Habitaciones<\/h3>\n<h2>Junior Suite<\/h2>\n<p>La habitaci\u00f3n Family vista mar dispone de 2 habitaciones comunicadas entre s\u00ed divididos en sala de estar y de dormir y cada uno con su propio cuarto de ba\u00f1o privado. La sona de dormir tiene una cama doble, mientras que la zona de estar tiene un sof\u00e1 que se convierte en dos camas individuales.<\/p>\n<h4 class=\"reservations_desktop\"><a href=\"https:\/\/hotelpanoramichotel.beddy.io?lang=es\">Reserva<\/a><\/h4>\n<h4 class=\"reservations_mobile\"><a href=\"https:\/\/hotelpanoramichotel.beddy.io?lang=es\" target=\"_blank\" rel=\"noopener noreferrer\">Reserva<\/a><\/h4>\n[\/vc_column_text][\/vc_column][\/vc_row][vc_row css=\u00bb.vc_custom_1460107789527{padding-top: 30px !important;padding-bottom: 30px !important;background-image: url(https:\/\/www.panoramictaormina.it\/wp-content\/uploads\/2013\/09\/bg_offerte-home.jpg?id=858) !important;background-position: center !important;background-repeat: no-repeat !important;background-size: cover !important;}\u00bb el_class=\u00bbbox-offerte\u00bb][vc_column][vc_column_text el_class=\u00bbwrap\u00bb]\n<h3>Solo para ti<\/h3>\n<h2>Ofertas especiales<\/h2>\n<div class=\"gallery-view\"><div class=\"offer-package-4\"><div style=\"position:relative; margin-left:auto; margin-right:auto; overflow:hidden; width:px;\"><a href=\"https:\/\/www.panoramictaormina.it\/es\/offers\/boat-tour\/\"><img loading=\"lazy\" decoding=\"async\" width=\"210\" height=\"210\" src=\"https:\/\/www.panoramictaormina.it\/wp-content\/uploads\/2016\/04\/sicily-1900-210x210.jpg\" class=\"size-thumbnail\" alt=\"\" srcset=\"https:\/\/www.panoramictaormina.it\/wp-content\/uploads\/2016\/04\/sicily-1900-210x210.jpg 210w, https:\/\/www.panoramictaormina.it\/wp-content\/uploads\/2016\/04\/sicily-1900-150x150.jpg 150w, https:\/\/www.panoramictaormina.it\/wp-content\/uploads\/2016\/04\/sicily-1900-32x32.jpg 32w, https:\/\/www.panoramictaormina.it\/wp-content\/uploads\/2016\/04\/sicily-1900-128x128.jpg 128w, https:\/\/www.panoramictaormina.it\/wp-content\/uploads\/2016\/04\/sicily-1900-268x268.jpg 268w, https:\/\/www.panoramictaormina.it\/wp-content\/uploads\/2016\/04\/sicily-1900-500x500.jpg 500w\" sizes=\"auto, (max-width: 210px) 100vw, 210px\" \/><\/a><div class=\"background-offer-gallery\"><img decoding=\"async\" src=\"https:\/\/www.panoramictaormina.it\/wp-content\/uploads\/2013\/09\/bkg-white704.png\" \/>   <div class=\"highlight-text-gallery\"><a href=\"https:\/\/www.panoramictaormina.it\/es\/offers\/boat-tour\/\">Paquete<\/a><\/div><\/div><div class=\"background-tag-gallery\">\n                            <img decoding=\"async\" src=\"https:\/\/www.panoramictaormina.it\/wp-content\/uploads\/2013\/09\/package_icon.png\"><\/div><\/div><div class=\"original-price\"><\/div><div class=\"reducted-price\"><\/div><div class=\"clear\"><\/div><div class=\"offer_title\"><a href=\"https:\/\/www.panoramictaormina.it\/es\/offers\/boat-tour\/\">Excursion en barco<\/a><\/div><div class=\"package-gallery\"><div><\/div><div><\/div><div><\/div><div><\/div><\/div><\/div><div class=\"offer-package-4\"><div style=\"position:relative; margin-left:auto; margin-right:auto; overflow:hidden; width:px;\"><a href=\"https:\/\/www.panoramictaormina.it\/es\/offers\/snorkeling-in-taormina\/\"><img loading=\"lazy\" decoding=\"async\" width=\"198\" height=\"198\" src=\"https:\/\/www.panoramictaormina.it\/wp-content\/uploads\/2016\/05\/31.jpg\" class=\"size-thumbnail\" alt=\"\" srcset=\"https:\/\/www.panoramictaormina.it\/wp-content\/uploads\/2016\/05\/31.jpg 198w, https:\/\/www.panoramictaormina.it\/wp-content\/uploads\/2016\/05\/31-150x150.jpg 150w, https:\/\/www.panoramictaormina.it\/wp-content\/uploads\/2016\/05\/31-32x32.jpg 32w, https:\/\/www.panoramictaormina.it\/wp-content\/uploads\/2016\/05\/31-64x64.jpg 64w, https:\/\/www.panoramictaormina.it\/wp-content\/uploads\/2016\/05\/31-128x128.jpg 128w\" sizes=\"auto, (max-width: 198px) 100vw, 198px\" \/><\/a><div class=\"background-offer-gallery\"><img decoding=\"async\" src=\"https:\/\/www.panoramictaormina.it\/wp-content\/uploads\/2013\/09\/bkg-white704.png\" \/>   <div class=\"highlight-text-gallery\"><a href=\"https:\/\/www.panoramictaormina.it\/es\/offers\/snorkeling-in-taormina\/\">Paquete<\/a><\/div><\/div><div class=\"background-tag-gallery\">\n                            <img decoding=\"async\" src=\"https:\/\/www.panoramictaormina.it\/wp-content\/uploads\/2013\/09\/package_icon.png\"><\/div><\/div><div class=\"original-price\"><\/div><div class=\"reducted-price\"><\/div><div class=\"clear\"><\/div><div class=\"offer_title\"><a href=\"https:\/\/www.panoramictaormina.it\/es\/offers\/snorkeling-in-taormina\/\">Snorkeling en Taormina<\/a><\/div><div class=\"package-gallery\"><div><\/div><div><\/div><div><\/div><div><\/div><\/div><\/div><div class=\"offer-package-4\"><div style=\"position:relative; margin-left:auto; margin-right:auto; overflow:hidden; width:px;\"><a href=\"https:\/\/www.panoramictaormina.it\/es\/offers\/wine-tasting-taormina\/\"><img loading=\"lazy\" decoding=\"async\" width=\"210\" height=\"186\" src=\"https:\/\/www.panoramictaormina.it\/wp-content\/uploads\/2016\/05\/2d3a0cda-37ba-4693-9088-116093cd54fa-210x186.jpg\" class=\"size-thumbnail\" alt=\"\" \/><\/a><div class=\"background-offer-gallery\"><img decoding=\"async\" src=\"https:\/\/www.panoramictaormina.it\/wp-content\/uploads\/2013\/09\/bkg-white704.png\" \/>   <div class=\"highlight-text-gallery\"><a href=\"https:\/\/www.panoramictaormina.it\/es\/offers\/wine-tasting-taormina\/\">Paquete<\/a><\/div><\/div><div class=\"background-tag-gallery\">\n                            <img decoding=\"async\" src=\"https:\/\/www.panoramictaormina.it\/wp-content\/uploads\/2013\/09\/package_icon.png\"><\/div><\/div><div class=\"original-price\"><\/div><div class=\"reducted-price\"><\/div><div class=\"clear\"><\/div><div class=\"offer_title\"><a href=\"https:\/\/www.panoramictaormina.it\/es\/offers\/wine-tasting-taormina\/\">Degustaci\u00f2n de vinos Sicilianos<\/a><\/div><div class=\"package-gallery\"><div><\/div><div><\/div><div><\/div><div><\/div><\/div><\/div><\/div>\n<h4><a href=\"https:\/\/www.panoramictaormina.it\/es\/ofertas-especiales\/\">Ir a la lista completa<\/a><\/h4>\n[\/vc_column_text][\/vc_column][\/vc_row]\n<\/div>","protected":false},"excerpt":{"rendered":"<p>[vc_row el_class=\u00bbbiancogrigio\u00bb][vc_column][vc_empty_space][vc_column_text el_class=\u00bbintroduzione\u00bb] Bienvenido Las Habitaciones [\/vc_column_text][\/vc_column][\/vc_row][vc_row el_class=\u00bbwrap txt-interno\u00bb][vc_column width=\u00bb1\/2&#8243;][vc_column_text]Con vistas a la espl\u00e9ndida Bah\u00eda de Isola Bella, las habitaciones del Panoramic Hotel 4 estrellas de Taormina tienen todas vistas al mar y le ofrecen la emoci\u00f3n de un panorama que ning\u00fan otro hotel de Taormina puede ofrecerles. Amplios ventanales que dejan entrar libremente la [&hellip;]<\/p>\n","protected":false},"author":30,"featured_media":0,"parent":0,"menu_order":0,"comment_status":"closed","ping_status":"closed","template":"","meta":{"_genesis_hide_title":false,"_genesis_hide_breadcrumbs":false,"_genesis_hide_singular_image":false,"_genesis_hide_footer_widgets":false,"_genesis_custom_body_class":"","_genesis_custom_post_class":"","_genesis_layout":"","footnotes":""},"class_list":{"0":"post-1233","1":"page","2":"type-page","3":"status-publish","5":"entry"},"yoast_head":"<!-- This site is optimized with the Yoast SEO plugin v25.7 - https:\/\/yoast.com\/wordpress\/plugins\/seo\/ -->\n<title>Habitaciones - Panoramic Hotel<\/title>\n<meta name=\"description\" content=\"Moderno hotel de 4 estrellas en Taormina con una vista panor\u00e1mica de la Isola Bella y Capo Taormina.\" \/>\n<meta name=\"robots\" content=\"index, follow, max-snippet:-1, max-image-preview:large, max-video-preview:-1\" \/>\n<link rel=\"canonical\" href=\"https:\/\/www.panoramictaormina.it\/es\/habitaciones\/\" \/>\n<meta property=\"og:locale\" content=\"es_ES\" \/>\n<meta property=\"og:type\" content=\"article\" \/>\n<meta property=\"og:title\" content=\"Habitaciones - Panoramic Hotel\" \/>\n<meta property=\"og:description\" content=\"Moderno hotel de 4 estrellas en Taormina con una vista panor\u00e1mica de la Isola Bella y Capo Taormina.\" \/>\n<meta property=\"og:url\" content=\"https:\/\/www.panoramictaormina.it\/es\/habitaciones\/\" \/>\n<meta property=\"og:site_name\" content=\"Panoramic Hotel\" \/>\n<meta property=\"article:modified_time\" content=\"2024-08-07T14:14:40+00:00\" \/>\n<meta name=\"twitter:label1\" content=\"Tiempo de lectura\" \/>\n\t<meta name=\"twitter:data1\" content=\"7 minutos\" \/>\n<script type=\"application\/ld+json\" class=\"yoast-schema-graph\">{\"@context\":\"https:\/\/schema.org\",\"@graph\":[{\"@type\":\"WebPage\",\"@id\":\"https:\/\/www.panoramictaormina.it\/es\/habitaciones\/\",\"url\":\"https:\/\/www.panoramictaormina.it\/es\/habitaciones\/\",\"name\":\"Habitaciones - Panoramic Hotel\",\"isPartOf\":{\"@id\":\"https:\/\/www.panoramictaormina.it\/es\/#website\"},\"datePublished\":\"2016-04-27T10:38:46+00:00\",\"dateModified\":\"2024-08-07T14:14:40+00:00\",\"description\":\"Moderno hotel de 4 estrellas en Taormina con una vista panor\u00e1mica de la Isola Bella y Capo Taormina.\",\"breadcrumb\":{\"@id\":\"https:\/\/www.panoramictaormina.it\/es\/habitaciones\/#breadcrumb\"},\"inLanguage\":\"es\",\"potentialAction\":[{\"@type\":\"ReadAction\",\"target\":[\"https:\/\/www.panoramictaormina.it\/es\/habitaciones\/\"]}]},{\"@type\":\"BreadcrumbList\",\"@id\":\"https:\/\/www.panoramictaormina.it\/es\/habitaciones\/#breadcrumb\",\"itemListElement\":[{\"@type\":\"ListItem\",\"position\":1,\"name\":\"Home\",\"item\":\"https:\/\/www.panoramictaormina.it\/es\/\"},{\"@type\":\"ListItem\",\"position\":2,\"name\":\"Habitaciones\"}]},{\"@type\":\"WebSite\",\"@id\":\"https:\/\/www.panoramictaormina.it\/es\/#website\",\"url\":\"https:\/\/www.panoramictaormina.it\/es\/\",\"name\":\"Panoramic Hotel\",\"description\":\"\",\"potentialAction\":[{\"@type\":\"SearchAction\",\"target\":{\"@type\":\"EntryPoint\",\"urlTemplate\":\"https:\/\/www.panoramictaormina.it\/es\/?s={search_term_string}\"},\"query-input\":{\"@type\":\"PropertyValueSpecification\",\"valueRequired\":true,\"valueName\":\"search_term_string\"}}],\"inLanguage\":\"es\"}]}<\/script>\n<!-- \/ Yoast SEO plugin. -->","yoast_head_json":{"title":"Habitaciones - Panoramic Hotel","description":"Moderno hotel de 4 estrellas en Taormina con una vista panor\u00e1mica de la Isola Bella y Capo Taormina.","robots":{"index":"index","follow":"follow","max-snippet":"max-snippet:-1","max-image-preview":"max-image-preview:large","max-video-preview":"max-video-preview:-1"},"canonical":"https:\/\/www.panoramictaormina.it\/es\/habitaciones\/","og_locale":"es_ES","og_type":"article","og_title":"Habitaciones - Panoramic Hotel","og_description":"Moderno hotel de 4 estrellas en Taormina con una vista panor\u00e1mica de la Isola Bella y Capo Taormina.","og_url":"https:\/\/www.panoramictaormina.it\/es\/habitaciones\/","og_site_name":"Panoramic Hotel","article_modified_time":"2024-08-07T14:14:40+00:00","twitter_misc":{"Tiempo de lectura":"7 minutos"},"schema":{"@context":"https:\/\/schema.org","@graph":[{"@type":"WebPage","@id":"https:\/\/www.panoramictaormina.it\/es\/habitaciones\/","url":"https:\/\/www.panoramictaormina.it\/es\/habitaciones\/","name":"Habitaciones - Panoramic Hotel","isPartOf":{"@id":"https:\/\/www.panoramictaormina.it\/es\/#website"},"datePublished":"2016-04-27T10:38:46+00:00","dateModified":"2024-08-07T14:14:40+00:00","description":"Moderno hotel de 4 estrellas en Taormina con una vista panor\u00e1mica de la Isola Bella y Capo Taormina.","breadcrumb":{"@id":"https:\/\/www.panoramictaormina.it\/es\/habitaciones\/#breadcrumb"},"inLanguage":"es","potentialAction":[{"@type":"ReadAction","target":["https:\/\/www.panoramictaormina.it\/es\/habitaciones\/"]}]},{"@type":"BreadcrumbList","@id":"https:\/\/www.panoramictaormina.it\/es\/habitaciones\/#breadcrumb","itemListElement":[{"@type":"ListItem","position":1,"name":"Home","item":"https:\/\/www.panoramictaormina.it\/es\/"},{"@type":"ListItem","position":2,"name":"Habitaciones"}]},{"@type":"WebSite","@id":"https:\/\/www.panoramictaormina.it\/es\/#website","url":"https:\/\/www.panoramictaormina.it\/es\/","name":"Panoramic Hotel","description":"","potentialAction":[{"@type":"SearchAction","target":{"@type":"EntryPoint","urlTemplate":"https:\/\/www.panoramictaormina.it\/es\/?s={search_term_string}"},"query-input":{"@type":"PropertyValueSpecification","valueRequired":true,"valueName":"search_term_string"}}],"inLanguage":"es"}]}},"publishpress_future_action":{"enabled":false,"date":"2026-05-07 12:30:08","action":"change-status","newStatus":"draft","terms":[],"taxonomy":"translation_priority","extraData":[]},"publishpress_future_workflow_manual_trigger":{"enabledWorkflows":[]},"_links":{"self":[{"href":"https:\/\/www.panoramictaormina.it\/es\/wp-json\/wp\/v2\/pages\/1233","targetHints":{"allow":["GET"]}}],"collection":[{"href":"https:\/\/www.panoramictaormina.it\/es\/wp-json\/wp\/v2\/pages"}],"about":[{"href":"https:\/\/www.panoramictaormina.it\/es\/wp-json\/wp\/v2\/types\/page"}],"author":[{"embeddable":true,"href":"https:\/\/www.panoramictaormina.it\/es\/wp-json\/wp\/v2\/users\/30"}],"replies":[{"embeddable":true,"href":"https:\/\/www.panoramictaormina.it\/es\/wp-json\/wp\/v2\/comments?post=1233"}],"version-history":[{"count":8,"href":"https:\/\/www.panoramictaormina.it\/es\/wp-json\/wp\/v2\/pages\/1233\/revisions"}],"predecessor-version":[{"id":2589,"href":"https:\/\/www.panoramictaormina.it\/es\/wp-json\/wp\/v2\/pages\/1233\/revisions\/2589"}],"wp:attachment":[{"href":"https:\/\/www.panoramictaormina.it\/es\/wp-json\/wp\/v2\/media?parent=1233"}],"curies":[{"name":"wp","href":"https:\/\/api.w.org\/{rel}","templated":true}]}}