{"id":1206,"date":"2016-04-27T08:28:23","date_gmt":"2016-04-27T08:28:23","guid":{"rendered":"https:\/\/www.panoramictaormina.it\/es\/?page_id=1206"},"modified":"2019-08-25T10:13:21","modified_gmt":"2019-08-25T10:13:21","slug":"descripcion","status":"publish","type":"page","link":"https:\/\/www.panoramictaormina.it\/es\/descripcion\/","title":{"rendered":"Descripci\u00f3n"},"content":{"rendered":"<div class=\"wpb-content-wrapper\">[vc_row][vc_column][vc_empty_space][vc_column_text el_class=\u00bbintroduzione\u00bb]\n<h3>Hotel<\/h3>\n<h2>Descripci\u00f3n<\/h2>\n[\/vc_column_text][\/vc_column][\/vc_row][vc_row el_class=\u00bbwrap txt-interno\u00bb][vc_column width=\u00bb1\/2&#8243;][vc_column_text]El <strong>Panoramic Hotel<\/strong> es un moderno y elegante <strong>hotel de 4 estrellas<\/strong>, asomado al <strong>mar<\/strong>, ideal para unas vacaciones rom\u00e1nticas y de gran <strong>encanto<\/strong>, en el m\u00e1gico escenario de <strong>Taormina<\/strong> y del <strong>Mar de Sicilia<\/strong>.<\/p>\n<p>Los espacios del Panoramic Hotel son nuevos, luminosos y <strong>acogedores<\/strong>, al igual que nuestro <strong>personal<\/strong> de recepci\u00f3n, que con gran placer les asistir\u00e1 durante su estancia en Taormina y sabr\u00e1 sugerirles <strong>itinerarios<\/strong>, <strong>visitas guiadas<\/strong> y alg\u00fan buen <strong>restaurante <\/strong>del casco antiguo.<\/p>\n<p>Tomando pl\u00e1cidamente un <strong>c\u00f3ctel<\/strong> en la terraza panor\u00e1mica donde se halla la <strong>piscina<\/strong>, podr\u00e1 maravillarse contemplando el paisaje del mar y las espl\u00e9ndidas perspectivas de la <strong>bah\u00eda dell&#8217;Isola Bella<\/strong>. Aqu\u00ed, en las jornadas de verano, nuestro <strong>bar<\/strong> sirve platos t\u00edpicos sicilianos, snack y ensaladas.<\/p>\n<p>Al final de una escalinata que comienza directamente detr\u00e1s del hotel, le esperan los blancos cantos rodados de la <strong>playa<\/strong> de <strong>Isola Bella<\/strong>, entre <strong>establecimientos balnearios<\/strong> con tumbonas y <strong>sombrillas<\/strong> y zonas de libre acceso a un <strong>mar<\/strong> limpio, transparente y que es ya <strong>profundo<\/strong> a pocos metros de la orilla.<\/p>\n<p>Tendr\u00e1 tambi\u00e9n a disposici\u00f3n servicios de <strong>telefon\u00eda Voip<\/strong> (ideales para las llamadas internacionales a bajo coste), <strong>internet Wi-fi<\/strong>, <strong>desayunos<\/strong> y recepci\u00f3n abiertas las 24 horas del d\u00eda.[\/vc_column_text][\/vc_column][vc_column width=\u00bb1\/4&#8243;][vc_column_text]\n<h3>Servicios y facilidades<\/h3>\n<ul>\n<li>Acceso a discapacitados<\/li>\n<li>Recepci\u00f3n 24h<\/li>\n<li>Desayuno<\/li>\n<li>Internet ADSL (de pago)<\/li>\n<li>Internet Wi-fi (de pago)<\/li>\n<li>Llamadas VOIP (llamadas a n\u00fameros fijos internacionales y a tel\u00e9fonos m\u00f3viles llamadas con tarifas de bajo coste)<\/li>\n<li>Servicio de fax<\/li>\n<li>Informaci\u00f3n tur\u00edstica<\/li>\n<li>Reservas para excursiones<\/li>\n<li>Reserva de visitas guiadas<\/li>\n<li>Alquiler de autom\u00f3viles<\/li>\n<li>Parking (seg\u00f9n disponibilidad)<\/li>\n<\/ul>\n[\/vc_column_text][\/vc_column][vc_column width=\u00bb1\/4&#8243; el_class=\u00bbliste\u00bb][vc_raw_html]JTNDaDMlM0UlMjZuYnNwJTNCJTNDJTJGaDMlM0U=[\/vc_raw_html][vc_column_text]\n<ul>\n<li>Conserje<\/li>\n<li>Servicio de limusina<\/li>\n<li>Caja de seguridad<\/li>\n<li>Transporte de equipajes<\/li>\n<li>Portero de noche<\/li>\n<li>Dep\u00f3sito de equipajes<\/li>\n<li>Servicio de planchado<\/li>\n<li>Servicio de lavander\u00eda<\/li>\n<li>Ascensor<\/li>\n<li>Hall<\/li>\n<li>Sala TV<\/li>\n<li>Terraza<\/li>\n<\/ul>\n[\/vc_column_text][\/vc_column][\/vc_row][vc_row full_width=\u00bbstretch_row_content_no_spaces\u00bb equal_height=\u00bbyes\u00bb content_placement=\u00bbmiddle\u00bb css=\u00bb.vc_custom_1460359635791{background-color: #e6e4d8 !important;}\u00bb el_class=\u00bbbox-tipologie\u00bb][vc_column width=\u00bb1\/2&#8243;][vc_gallery type=\u00bbimage_grid\u00bb images=\u00bb1074&#8243; img_size=\u00bbfull\u00bb el_class=\u00bbimg-camere\u00bb][\/vc_column][vc_column width=\u00bb1\/2&#8243;][vc_column_text el_class=\u00bbtxt-tipologie\u00bb]\n<h3>5\/5 TripAdvisor Traveller<\/h3>\n<h2>\u201cS\u00faper recomendable\u201d<\/h2>\n<p>Est\u00e1 ubicado en el ingreso a Taormina, frente a la Isola Bella y unos 300 metros del funicular que te lleva al centrito de la ciudad. Habitaci\u00f3n c\u00f3moda, buen ba\u00f1o, excelente desayuno en una terraza cubierta con vista al mar. El solarium y la piscina est\u00e1n muy bien. Tiene estacionamiento lo que es muy importante porque Taormina no tiene mucho espacio para ello.[\/vc_column_text][\/vc_column][\/vc_row][vc_row full_width=\u00bbstretch_row_content_no_spaces\u00bb equal_height=\u00bbyes\u00bb css=\u00bb.vc_custom_1460041739036{background-image: url(https:\/\/www.panoramictaormina.it\/wp-content\/uploads\/2013\/09\/bg_bp-out.jpg?id=847) !important;background-position: center !important;background-repeat: no-repeat !important;background-size: cover !important;}\u00bb][vc_column][vc_row_inner equal_height=\u00bbyes\u00bb content_placement=\u00bbmiddle\u00bb el_class=\u00bbwrap\u00bb css=\u00bb.vc_custom_1460968117946{background-image: url(https:\/\/www.panoramictaormina.it\/wp-content\/uploads\/2016\/04\/IMG_8778_A.jpg?id=1075) !important;background-position: center !important;background-repeat: no-repeat !important;background-size: cover !important;}\u00bb el_id=\u00bbmiglior-out\u00bb][vc_column_inner][vc_column_text el_class=\u00bbmigliorprezzo\u00bb]\n<h3>Nuestra<\/h3>\n<h2>Galer\u00eda de fotos<\/h2>\n<h4><a href=\"https:\/\/www.panoramictaormina.it\/es\/galeria-de-fotos\/\">Galer\u00eda de fotos<\/a><\/h4>\n[\/vc_column_text][\/vc_column_inner][\/vc_row_inner][\/vc_column][\/vc_row][vc_row css=\u00bb.vc_custom_1460100683743{background-image: url(https:\/\/www.panoramictaormina.it\/wp-content\/uploads\/2013\/09\/bg_box-home.jpg?id=854) !important;background-position: center !important;background-repeat: no-repeat !important;background-size: cover !important;}\u00bb el_class=\u00bbbox-home\u00bb][vc_column][vc_row_inner equal_height=\u00bbyes\u00bb el_class=\u00bbwrap\u00bb][vc_column_inner el_class=\u00bboverlay-box-home\u00bb width=\u00bb1\/2&#8243; css=\u00bb.vc_custom_1460105398867{background-image: url(https:\/\/www.panoramictaormina.it\/wp-content\/uploads\/2013\/09\/Senza-titolo-1.jpg?id=857) !important;background-position: center !important;background-repeat: no-repeat !important;background-size: cover !important;}\u00bb][vc_column_text el_class=\u00bbbox-sx\u00bb]\n<h3>En frente de<\/h3>\n<h2>Isola Bella<\/h2>\n<h4><a href=\"https:\/\/www.panoramictaormina.it\/es\/donde-estamos\/\">Ubicaci\u00f3n<\/a><\/h4>\n[\/vc_column_text][\/vc_column_inner][vc_column_inner el_class=\u00bboverlay-box-home\u00bb width=\u00bb1\/2&#8243; css=\u00bb.vc_custom_1460105403771{background-image: url(https:\/\/www.panoramictaormina.it\/wp-content\/uploads\/2013\/09\/MG_0703.jpg?id=856) !important;background-position: center !important;background-repeat: no-repeat !important;background-size: cover !important;}\u00bb][vc_column_text el_class=\u00bbbox-dx\u00bb]\n<h3>Toda las<\/h3>\n<h2>Habitaciones con vista<\/h2>\n<h4><a href=\"https:\/\/www.panoramictaormina.it\/es\/habitaciones\/\">Habitaciones<\/a><\/h4>\n[\/vc_column_text][\/vc_column_inner][\/vc_row_inner][\/vc_column][\/vc_row][vc_row css=\u00bb.vc_custom_1460107789527{padding-top: 30px !important;padding-bottom: 30px !important;background-image: url(https:\/\/www.panoramictaormina.it\/wp-content\/uploads\/2013\/09\/bg_offerte-home.jpg?id=858) !important;background-position: center !important;background-repeat: no-repeat !important;background-size: cover !important;}\u00bb el_class=\u00bbbox-offerte\u00bb][vc_column][vc_column_text el_class=\u00bbwrap\u00bb]\n<h3>Solo para ti<\/h3>\n<h2>Ofertas especiales<\/h2>\n<div class=\"gallery-view\"><div class=\"offer-package-4\"><div style=\"position:relative; margin-left:auto; margin-right:auto; overflow:hidden; width:px;\"><a href=\"https:\/\/www.panoramictaormina.it\/es\/offers\/boat-tour\/\"><img loading=\"lazy\" decoding=\"async\" width=\"210\" height=\"210\" src=\"https:\/\/www.panoramictaormina.it\/wp-content\/uploads\/2016\/04\/sicily-1900-210x210.jpg\" class=\"size-thumbnail\" alt=\"\" srcset=\"https:\/\/www.panoramictaormina.it\/wp-content\/uploads\/2016\/04\/sicily-1900-210x210.jpg 210w, https:\/\/www.panoramictaormina.it\/wp-content\/uploads\/2016\/04\/sicily-1900-150x150.jpg 150w, https:\/\/www.panoramictaormina.it\/wp-content\/uploads\/2016\/04\/sicily-1900-32x32.jpg 32w, https:\/\/www.panoramictaormina.it\/wp-content\/uploads\/2016\/04\/sicily-1900-128x128.jpg 128w, https:\/\/www.panoramictaormina.it\/wp-content\/uploads\/2016\/04\/sicily-1900-268x268.jpg 268w, https:\/\/www.panoramictaormina.it\/wp-content\/uploads\/2016\/04\/sicily-1900-500x500.jpg 500w\" sizes=\"auto, (max-width: 210px) 100vw, 210px\" \/><\/a><div class=\"background-offer-gallery\"><img decoding=\"async\" src=\"https:\/\/www.panoramictaormina.it\/wp-content\/uploads\/2013\/09\/bkg-white704.png\" \/>   <div class=\"highlight-text-gallery\"><a href=\"https:\/\/www.panoramictaormina.it\/es\/offers\/boat-tour\/\">Paquete<\/a><\/div><\/div><div class=\"background-tag-gallery\">\n                            <img decoding=\"async\" src=\"https:\/\/www.panoramictaormina.it\/wp-content\/uploads\/2013\/09\/package_icon.png\"><\/div><\/div><div class=\"original-price\"><\/div><div class=\"reducted-price\"><\/div><div class=\"clear\"><\/div><div class=\"offer_title\"><a href=\"https:\/\/www.panoramictaormina.it\/es\/offers\/boat-tour\/\">Excursion en barco<\/a><\/div><div class=\"package-gallery\"><div><\/div><div><\/div><div><\/div><div><\/div><\/div><\/div><div class=\"offer-package-4\"><div style=\"position:relative; margin-left:auto; margin-right:auto; overflow:hidden; width:px;\"><a href=\"https:\/\/www.panoramictaormina.it\/es\/offers\/snorkeling-in-taormina\/\"><img loading=\"lazy\" decoding=\"async\" width=\"198\" height=\"198\" src=\"https:\/\/www.panoramictaormina.it\/wp-content\/uploads\/2016\/05\/31.jpg\" class=\"size-thumbnail\" alt=\"\" srcset=\"https:\/\/www.panoramictaormina.it\/wp-content\/uploads\/2016\/05\/31.jpg 198w, https:\/\/www.panoramictaormina.it\/wp-content\/uploads\/2016\/05\/31-150x150.jpg 150w, https:\/\/www.panoramictaormina.it\/wp-content\/uploads\/2016\/05\/31-32x32.jpg 32w, https:\/\/www.panoramictaormina.it\/wp-content\/uploads\/2016\/05\/31-64x64.jpg 64w, https:\/\/www.panoramictaormina.it\/wp-content\/uploads\/2016\/05\/31-128x128.jpg 128w\" sizes=\"auto, (max-width: 198px) 100vw, 198px\" \/><\/a><div class=\"background-offer-gallery\"><img decoding=\"async\" src=\"https:\/\/www.panoramictaormina.it\/wp-content\/uploads\/2013\/09\/bkg-white704.png\" \/>   <div class=\"highlight-text-gallery\"><a href=\"https:\/\/www.panoramictaormina.it\/es\/offers\/snorkeling-in-taormina\/\">Paquete<\/a><\/div><\/div><div class=\"background-tag-gallery\">\n                            <img decoding=\"async\" src=\"https:\/\/www.panoramictaormina.it\/wp-content\/uploads\/2013\/09\/package_icon.png\"><\/div><\/div><div class=\"original-price\"><\/div><div class=\"reducted-price\"><\/div><div class=\"clear\"><\/div><div class=\"offer_title\"><a href=\"https:\/\/www.panoramictaormina.it\/es\/offers\/snorkeling-in-taormina\/\">Snorkeling en Taormina<\/a><\/div><div class=\"package-gallery\"><div><\/div><div><\/div><div><\/div><div><\/div><\/div><\/div><div class=\"offer-package-4\"><div style=\"position:relative; margin-left:auto; margin-right:auto; overflow:hidden; width:px;\"><a href=\"https:\/\/www.panoramictaormina.it\/es\/offers\/wine-tasting-taormina\/\"><img loading=\"lazy\" decoding=\"async\" width=\"210\" height=\"186\" src=\"https:\/\/www.panoramictaormina.it\/wp-content\/uploads\/2016\/05\/2d3a0cda-37ba-4693-9088-116093cd54fa-210x186.jpg\" class=\"size-thumbnail\" alt=\"\" \/><\/a><div class=\"background-offer-gallery\"><img decoding=\"async\" src=\"https:\/\/www.panoramictaormina.it\/wp-content\/uploads\/2013\/09\/bkg-white704.png\" \/>   <div class=\"highlight-text-gallery\"><a href=\"https:\/\/www.panoramictaormina.it\/es\/offers\/wine-tasting-taormina\/\">Paquete<\/a><\/div><\/div><div class=\"background-tag-gallery\">\n                            <img decoding=\"async\" src=\"https:\/\/www.panoramictaormina.it\/wp-content\/uploads\/2013\/09\/package_icon.png\"><\/div><\/div><div class=\"original-price\"><\/div><div class=\"reducted-price\"><\/div><div class=\"clear\"><\/div><div class=\"offer_title\"><a href=\"https:\/\/www.panoramictaormina.it\/es\/offers\/wine-tasting-taormina\/\">Degustaci\u00f2n de vinos Sicilianos<\/a><\/div><div class=\"package-gallery\"><div><\/div><div><\/div><div><\/div><div><\/div><\/div><\/div><\/div>\n<h4><a href=\"https:\/\/www.panoramictaormina.it\/es\/ofertas-especiales\/\">Ir a la lista completa<\/a><\/h4>\n[\/vc_column_text][\/vc_column][\/vc_row]\n<\/div>","protected":false},"excerpt":{"rendered":"<p>[vc_row][vc_column][vc_empty_space][vc_column_text el_class=\u00bbintroduzione\u00bb] Hotel Descripci\u00f3n [\/vc_column_text][\/vc_column][\/vc_row][vc_row el_class=\u00bbwrap txt-interno\u00bb][vc_column width=\u00bb1\/2&#8243;][vc_column_text]El Panoramic Hotel es un moderno y elegante hotel de 4 estrellas, asomado al mar, ideal para unas vacaciones rom\u00e1nticas y de gran encanto, en el m\u00e1gico escenario de Taormina y del Mar de Sicilia. Los espacios del Panoramic Hotel son nuevos, luminosos y acogedores, al igual que [&hellip;]<\/p>\n","protected":false},"author":30,"featured_media":0,"parent":0,"menu_order":0,"comment_status":"closed","ping_status":"closed","template":"","meta":{"_genesis_hide_title":false,"_genesis_hide_breadcrumbs":false,"_genesis_hide_singular_image":false,"_genesis_hide_footer_widgets":false,"_genesis_custom_body_class":"","_genesis_custom_post_class":"","_genesis_layout":"","footnotes":""},"class_list":{"0":"post-1206","1":"page","2":"type-page","3":"status-publish","5":"entry"},"yoast_head":"<!-- This site is optimized with the Yoast SEO plugin v25.7 - https:\/\/yoast.com\/wordpress\/plugins\/seo\/ -->\n<title>Descripci\u00f3n - Panoramic Hotel<\/title>\n<meta name=\"description\" content=\"Moderno hotel de 4 estrellas en Taormina con una vista panor\u00e1mica de la Isola Bella y Capo Taormina.\" \/>\n<meta name=\"robots\" content=\"index, follow, max-snippet:-1, max-image-preview:large, max-video-preview:-1\" \/>\n<link rel=\"canonical\" href=\"https:\/\/www.panoramictaormina.it\/es\/descripcion\/\" \/>\n<meta property=\"og:locale\" content=\"es_ES\" \/>\n<meta property=\"og:type\" content=\"article\" \/>\n<meta property=\"og:title\" content=\"Descripci\u00f3n - Panoramic Hotel\" \/>\n<meta property=\"og:description\" content=\"Moderno hotel de 4 estrellas en Taormina con una vista panor\u00e1mica de la Isola Bella y Capo Taormina.\" \/>\n<meta property=\"og:url\" content=\"https:\/\/www.panoramictaormina.it\/es\/descripcion\/\" \/>\n<meta property=\"og:site_name\" content=\"Panoramic Hotel\" \/>\n<meta property=\"article:modified_time\" content=\"2019-08-25T10:13:21+00:00\" \/>\n<meta name=\"twitter:label1\" content=\"Tiempo de lectura\" \/>\n\t<meta name=\"twitter:data1\" content=\"4 minutos\" \/>\n<script type=\"application\/ld+json\" class=\"yoast-schema-graph\">{\"@context\":\"https:\/\/schema.org\",\"@graph\":[{\"@type\":\"WebPage\",\"@id\":\"https:\/\/www.panoramictaormina.it\/es\/descripcion\/\",\"url\":\"https:\/\/www.panoramictaormina.it\/es\/descripcion\/\",\"name\":\"Descripci\u00f3n - Panoramic Hotel\",\"isPartOf\":{\"@id\":\"https:\/\/www.panoramictaormina.it\/es\/#website\"},\"datePublished\":\"2016-04-27T08:28:23+00:00\",\"dateModified\":\"2019-08-25T10:13:21+00:00\",\"description\":\"Moderno hotel de 4 estrellas en Taormina con una vista panor\u00e1mica de la Isola Bella y Capo Taormina.\",\"breadcrumb\":{\"@id\":\"https:\/\/www.panoramictaormina.it\/es\/descripcion\/#breadcrumb\"},\"inLanguage\":\"es\",\"potentialAction\":[{\"@type\":\"ReadAction\",\"target\":[\"https:\/\/www.panoramictaormina.it\/es\/descripcion\/\"]}]},{\"@type\":\"BreadcrumbList\",\"@id\":\"https:\/\/www.panoramictaormina.it\/es\/descripcion\/#breadcrumb\",\"itemListElement\":[{\"@type\":\"ListItem\",\"position\":1,\"name\":\"Home\",\"item\":\"https:\/\/www.panoramictaormina.it\/es\/\"},{\"@type\":\"ListItem\",\"position\":2,\"name\":\"Descripci\u00f3n\"}]},{\"@type\":\"WebSite\",\"@id\":\"https:\/\/www.panoramictaormina.it\/es\/#website\",\"url\":\"https:\/\/www.panoramictaormina.it\/es\/\",\"name\":\"Panoramic Hotel\",\"description\":\"\",\"potentialAction\":[{\"@type\":\"SearchAction\",\"target\":{\"@type\":\"EntryPoint\",\"urlTemplate\":\"https:\/\/www.panoramictaormina.it\/es\/?s={search_term_string}\"},\"query-input\":{\"@type\":\"PropertyValueSpecification\",\"valueRequired\":true,\"valueName\":\"search_term_string\"}}],\"inLanguage\":\"es\"}]}<\/script>\n<!-- \/ Yoast SEO plugin. -->","yoast_head_json":{"title":"Descripci\u00f3n - Panoramic Hotel","description":"Moderno hotel de 4 estrellas en Taormina con una vista panor\u00e1mica de la Isola Bella y Capo Taormina.","robots":{"index":"index","follow":"follow","max-snippet":"max-snippet:-1","max-image-preview":"max-image-preview:large","max-video-preview":"max-video-preview:-1"},"canonical":"https:\/\/www.panoramictaormina.it\/es\/descripcion\/","og_locale":"es_ES","og_type":"article","og_title":"Descripci\u00f3n - Panoramic Hotel","og_description":"Moderno hotel de 4 estrellas en Taormina con una vista panor\u00e1mica de la Isola Bella y Capo Taormina.","og_url":"https:\/\/www.panoramictaormina.it\/es\/descripcion\/","og_site_name":"Panoramic Hotel","article_modified_time":"2019-08-25T10:13:21+00:00","twitter_misc":{"Tiempo de lectura":"4 minutos"},"schema":{"@context":"https:\/\/schema.org","@graph":[{"@type":"WebPage","@id":"https:\/\/www.panoramictaormina.it\/es\/descripcion\/","url":"https:\/\/www.panoramictaormina.it\/es\/descripcion\/","name":"Descripci\u00f3n - Panoramic Hotel","isPartOf":{"@id":"https:\/\/www.panoramictaormina.it\/es\/#website"},"datePublished":"2016-04-27T08:28:23+00:00","dateModified":"2019-08-25T10:13:21+00:00","description":"Moderno hotel de 4 estrellas en Taormina con una vista panor\u00e1mica de la Isola Bella y Capo Taormina.","breadcrumb":{"@id":"https:\/\/www.panoramictaormina.it\/es\/descripcion\/#breadcrumb"},"inLanguage":"es","potentialAction":[{"@type":"ReadAction","target":["https:\/\/www.panoramictaormina.it\/es\/descripcion\/"]}]},{"@type":"BreadcrumbList","@id":"https:\/\/www.panoramictaormina.it\/es\/descripcion\/#breadcrumb","itemListElement":[{"@type":"ListItem","position":1,"name":"Home","item":"https:\/\/www.panoramictaormina.it\/es\/"},{"@type":"ListItem","position":2,"name":"Descripci\u00f3n"}]},{"@type":"WebSite","@id":"https:\/\/www.panoramictaormina.it\/es\/#website","url":"https:\/\/www.panoramictaormina.it\/es\/","name":"Panoramic Hotel","description":"","potentialAction":[{"@type":"SearchAction","target":{"@type":"EntryPoint","urlTemplate":"https:\/\/www.panoramictaormina.it\/es\/?s={search_term_string}"},"query-input":{"@type":"PropertyValueSpecification","valueRequired":true,"valueName":"search_term_string"}}],"inLanguage":"es"}]}},"publishpress_future_action":{"enabled":false,"date":"2026-05-07 13:33:20","action":"change-status","newStatus":"draft","terms":[],"taxonomy":"translation_priority","extraData":[]},"publishpress_future_workflow_manual_trigger":{"enabledWorkflows":[]},"_links":{"self":[{"href":"https:\/\/www.panoramictaormina.it\/es\/wp-json\/wp\/v2\/pages\/1206","targetHints":{"allow":["GET"]}}],"collection":[{"href":"https:\/\/www.panoramictaormina.it\/es\/wp-json\/wp\/v2\/pages"}],"about":[{"href":"https:\/\/www.panoramictaormina.it\/es\/wp-json\/wp\/v2\/types\/page"}],"author":[{"embeddable":true,"href":"https:\/\/www.panoramictaormina.it\/es\/wp-json\/wp\/v2\/users\/30"}],"replies":[{"embeddable":true,"href":"https:\/\/www.panoramictaormina.it\/es\/wp-json\/wp\/v2\/comments?post=1206"}],"version-history":[{"count":4,"href":"https:\/\/www.panoramictaormina.it\/es\/wp-json\/wp\/v2\/pages\/1206\/revisions"}],"predecessor-version":[{"id":2292,"href":"https:\/\/www.panoramictaormina.it\/es\/wp-json\/wp\/v2\/pages\/1206\/revisions\/2292"}],"wp:attachment":[{"href":"https:\/\/www.panoramictaormina.it\/es\/wp-json\/wp\/v2\/media?parent=1206"}],"curies":[{"name":"wp","href":"https:\/\/api.w.org\/{rel}","templated":true}]}}