{"id":1178,"date":"2016-04-26T14:39:10","date_gmt":"2016-04-26T14:39:10","guid":{"rendered":"https:\/\/www.panoramictaormina.it\/es\/?page_id=1178"},"modified":"2016-04-27T15:30:43","modified_gmt":"2016-04-27T15:30:43","slug":"donde-estamos","status":"publish","type":"page","link":"https:\/\/www.panoramictaormina.it\/es\/donde-estamos\/","title":{"rendered":"Donde estamos"},"content":{"rendered":"<div class=\"wpb-content-wrapper\">[vc_row el_class=\u00bbbiancogrigio\u00bb][vc_column][vc_empty_space][vc_column_text el_class=\u00bbintroduzione\u00bb]\n<h3>Ubicaci\u00f3n<\/h3>\n<h2>Donde estamos<\/h2>\n[\/vc_column_text][\/vc_column][\/vc_row][vc_row el_class=\u00bbwrap txt-interno\u00bb][vc_column width=\u00bb1\/2&#8243;][vc_column_text]A s\u00f3lo 20 metros de la playa de la <strong>Bah\u00eda di Isola Bella<\/strong>, el <strong>Panoramic Hotel 4 estrellas<\/strong> de <strong>Taormina<\/strong> goza de una <strong>ubicaci\u00f3n estrat\u00e9gica<\/strong>, asomada al mar y cerca del funicular que en 5 minutos le llevar\u00e1 al <strong>casco antiguo<\/strong> de la ciudad.<\/p>\n<p>En <strong>Sicilia<\/strong> y en el mundo, <strong>Taormina<\/strong> es reconocida como un lugar encantador y fascinante, dominado por el volc\u00e1n<strong> Etna<\/strong> y adornado con la belleza del esplendido <strong>Teatro Griego<\/strong>, antiqu\u00edsimo monumento y sede prestigiosa de conciertos y representaciones de nivel internacional, como el festival <strong>Taormina Arte<\/strong>.<\/p>\n<p>Superada <strong>Porta Catania<\/strong>, Taormina se desarrolla en torno a <strong>Corso Umberto<\/strong>, una calle con muchos locales y <strong>restaurantes<\/strong> t\u00edpicos, graciosos <strong>talleres-tienda<\/strong> de artesan\u00eda y <strong>anticuariado<\/strong>; si busca un momento para dedicarse a <strong>salir de compras<\/strong> en un ambiente refinado y exclusivo, o una velada especial, tendr\u00e1 mucho d\u00f3nde elegir.[\/vc_column_text][\/vc_column][vc_column width=\u00bb1\/2&#8243;][vc_column_text]Avanzando hacia Puerta Messina se abre la hermosa <strong>plaza IX Aprile<\/strong>, donde se admita un bell\u00edsimo <strong>panorama<\/strong>, y las iglesias de Sant\u2019Agostino y <strong>San Giuseppe<\/strong>; le aconsejamos detenerse en las mesas al aire libre de los <strong>bares<\/strong> y disfrutar de este saloncito urbano, un rinc\u00f3n realmente agradable y sugerente de la ciudad.<\/p>\n<p>Taormina tiene un gran patrimonio de <strong>edificios hist\u00f3ricos<\/strong>, a menudo antiguas mansiones de la nobleza de otras \u00e9pocas; le recordamos el Palacio de los Duques de Santo Stefano, el Palacio Ciampoli y <strong>Palacio Corvaja<\/strong> -conocido tambi\u00e9n como Palacio del Parlamento\u2013 cuya espl\u00e9ndida fachada presenta admirables trazos de arte \u00e1rabe.<\/p>\n<p>Siempre en el centro, no podr\u00e1 evitar el encuentro con las \u2018<strong>naumachie\u2019<\/strong>: representan un importante testimonio de la \u00e9poca romana, largas <strong>murallas<\/strong> con grandes nichos que en su \u00e9poca conten\u00edan estatuas de h\u00e9roes y de dioses, conocidas para las <strong>batallas navales<\/strong> simuladas que ten\u00edan lugar en su interior.[\/vc_column_text][\/vc_column][\/vc_row][vc_row full_width=\u00bbstretch_row_content_no_spaces\u00bb equal_height=\u00bbyes\u00bb content_placement=\u00bbmiddle\u00bb css=\u00bb.vc_custom_1460359635791{background-color: #e6e4d8 !important;}\u00bb el_class=\u00bbbox-tipologie\u00bb][vc_column]<div id='wrap_map_69e34308be4e9' class='ultimate-map-wrapper ult-adjust-bottom-margin ' style=' height:600px;'><div id='map_69e34308be4e9' data-map_override='0' class='ultimate_google_map wpb_content_element page_margin_top' style='width:100%;height:600px;'><\/div><\/div><script type='text\/javascript'>\n\t\t\t(function($) {\n  \t\t\t'use strict';\n\t\t\tvar map_map_69e34308be4e9 = null;\n\t\t\tvar coordinate_map_69e34308be4e9;\n\t\t\tvar isDraggable = $(document).width() > 641 ? true : true;\n\t\t\ttry\n\t\t\t{\n\t\t\t\tvar map_map_69e34308be4e9 = null;\n\t\t\t\tvar coordinate_map_69e34308be4e9;\n\t\t\t\tcoordinate_map_69e34308be4e9=new google.maps.LatLng(37.8536418, 15.2998725);\n\t\t\t\tvar mapOptions=\n\t\t\t\t{\n\t\t\t\t\tzoom: 16,\n\t\t\t\t\tcenter: coordinate_map_69e34308be4e9,\n\t\t\t\t\tscaleControl: true,\n\t\t\t\t\tstreetViewControl: true,\n\t\t\t\t\tmapTypeControl: true,\n\t\t\t\t\tpanControl: false,\n\t\t\t\t\tzoomControl: true,\n\t\t\t\t\tscrollwheel: false,\n\t\t\t\t\tdraggable: isDraggable,\n\t\t\t\t\tzoomControlOptions: {\n\t\t\t\t\t  style: google.maps.ZoomControlStyle.SMALL\n\t\t\t\t\t},mapTypeId: google.maps.MapTypeId.SATELLITE,};var map_map_69e34308be4e9 = new google.maps.Map(document.getElementById('map_69e34308be4e9'),mapOptions);\n\t\t\t\t\t\tvar x = 'infowindow_open_value';\n\t\t\t\t\t\tvar marker_map_69e34308be4e9 = new google.maps.Marker({\n\t\t\t\t\t\tposition: new google.maps.LatLng(37.8536418, 15.2998725),\n\t\t\t\t\t\tanimation:  google.maps.Animation.DROP,\n\t\t\t\t\t\tmap: map_map_69e34308be4e9,\n\t\t\t\t\t\ticon: 'https:\/\/www.panoramictaormina.it\/wp-content\/uploads\/2016\/04\/logo_map.png'\n\t\t\t\t\t});\n\t\t\t\t\tgoogle.maps.event.addListener(marker_map_69e34308be4e9, 'click', toggleBounce);var infowindow = new google.maps.InfoWindow();\n\t\t\t\t\t\t\tinfowindow.setContent('<div class=\"map_info_text\" style=\\'color:#000;\\'><h3>Panoramic Hotel<\/h3> <p>Via Nazionale 196 B<br \/> 98039 Taormina (ME)<br \/> Tel. +39 0942 620674<br \/> Mob. +39 366 4116483<\/div>');google.maps.event.addListener(marker_map_69e34308be4e9, 'click', function() {\n\t\t\t\t\t\t\t\tinfowindow.open(map_map_69e34308be4e9,marker_map_69e34308be4e9);\n\t\t\t\t\t\t  \t});}\n\t\t\tcatch(e){};\n\t\t\tjQuery(document).ready(function($){\n\t\t\t\tgoogle.maps.event.trigger(map_map_69e34308be4e9, 'resize');\n\t\t\t\t$(window).resize(function(){\n\t\t\t\t\tgoogle.maps.event.trigger(map_map_69e34308be4e9, 'resize');\n\t\t\t\t\tif(map_map_69e34308be4e9!=null)\n\t\t\t\t\t\tmap_map_69e34308be4e9.setCenter(coordinate_map_69e34308be4e9);\n\t\t\t\t});\n\t\t\t\t$('.ui-tabs').bind('tabsactivate', function(event, ui) {\n\t\t\t\t   if($(this).find('.ultimate-map-wrapper').length > 0)\n\t\t\t\t\t{\n\t\t\t\t\t\tsetTimeout(function(){\n\t\t\t\t\t\t\t$(window).trigger('resize');\n\t\t\t\t\t\t},200);\n\t\t\t\t\t}\n\t\t\t\t});\n\t\t\t\t$('.ui-accordion').bind('accordionactivate', function(event, ui) {\n\t\t\t\t   if($(this).find('.ultimate-map-wrapper').length > 0)\n\t\t\t\t\t{\n\t\t\t\t\t\tsetTimeout(function(){\n\t\t\t\t\t\t\t$(window).trigger('resize');\n\t\t\t\t\t\t},200);\n\t\t\t\t\t}\n\t\t\t\t});\n\t\t\t\t$(window).load(function(){\n\t\t\t\t\tsetTimeout(function(){\n\t\t\t\t\t\t$(window).trigger('resize');\n\t\t\t\t\t},200);\n\t\t\t\t});\n\t\t\t\t$('.ult_exp_section').select(function(){\n\t\t\t\t\tif($(map_map_69e34308be4e9).parents('.ult_exp_section'))\n\t\t\t\t\t{\n\t\t\t\t\t\tsetTimeout(function(){\n\t\t\t\t\t\t\t$(window).trigger('resize');\n\t\t\t\t\t\t},200);\n\t\t\t\t\t}\n\t\t\t\t});\n\t\t\t\t$(document).on('onUVCModalPopupOpen', function(){\n\t\t\t\t\tif($(map_map_69e34308be4e9).parents('.ult_modal-content'))\n\t\t\t\t\t{\n\t\t\t\t\t\tsetTimeout(function(){\n\t\t\t\t\t\t\t$(window).trigger('resize');\n\t\t\t\t\t\t},200);\n\t\t\t\t\t}\n\t\t\t\t});\n\t\t\t\t$(document).on('click','.ult_tab_li',function(){\n\t\t\t\t\t$(window).trigger('resize');\n\t\t\t\t\tsetTimeout(function(){\n\t\t\t\t\t\t$(window).trigger('resize');\n\t\t\t\t\t},200);\n\t\t\t\t});\n\t\t\t});\n\t\t\tfunction toggleBounce() {\n\t\t\t  if (marker_map_69e34308be4e9.getAnimation() != null) {\n\t\t\t\tmarker_map_69e34308be4e9.setAnimation(null);\n\t\t\t  } else {\n\t\t\t\tmarker_map_69e34308be4e9.setAnimation(google.maps.Animation.BOUNCE);\n\t\t\t  }\n\t\t\t}\n\t\t\t})(jQuery);\n\t\t\t<\/script>[vc_column_text el_class=\u00bbtxt-tipologie\u00bb]<a href=\"https:\/\/www.panoramictaormina.it\/es\/como-llegar\/\" class=\"popup\" data-width=\"750\" data-height=\"600\" data-scrollbars=\"1\" alt=\"popup\">\n<p class=\"nascondimobile\">Imprimir el mapa con las indicaciones para llegar a nosotros<\/p>\n<\/a>[\/vc_column_text][\/vc_column][\/vc_row][vc_row][vc_column][vc_empty_space][\/vc_column][\/vc_row][vc_row el_class=\u00bbwrap\u00bb][vc_column width=\u00bb1\/4&#8243;][vc_column_text]\n<h3>En tren<\/h3>\n<p>La estaci\u00f3n de tren de Taormina Giardini se halla a 2 km del hotel Taormina, en la l\u00ednea Messina-Catania. Hay trenes con mucha frecuencia en ambas direcciones. Hay trenes que llevan directamente a Taormina (via N\u00e1poles) desde Roma, Mil\u00e1n, Torino, Venecia y Bolonia. Una vez en la estaci\u00f3n, podr\u00e1 llegar al Hotel Panoramic en taxi.[\/vc_column_text][\/vc_column][vc_column width=\u00bb1\/4&#8243;][vc_column_text]\n<h3>En avi\u00f3n<\/h3>\n<p>El aeropuerto Fontanarossa de Catania est\u00e1 a 50 km; en \u00e9l hacen escala muchos vuelos procedentes de las m\u00e1s importantes ciudades europeas. Cada dos horas, un autob\u00fas de l\u00ednea (Etna Trasporti) sale del aeropuerto en direcci\u00f3n Taormina (duraci\u00f3n del trayecto: unas dos horas). El hotel est\u00e1 a menos de 500 m de la parada de autobuses. Como alternativa, puede utilizarse el servicio de taxi.[\/vc_column_text][\/vc_column][vc_column width=\u00bb1\/4&#8243;][vc_column_text]\n<h3>En autom\u00f3vil<\/h3>\n<p>Para llegar a Sicilia, siga la A3 N\u00e1poles-Salerno y seguidamente el tramo de autopista Salerno-Reggio Calabria; tome la salida de Villa San Giovanni y prosiga hasta el puerto, de donde sale el transbordador para Messina; una vez desembarcado, siga la A18 hacia Catania, salga en Taormina, siga las indicaciones Taormina Mare y entre en via Nazionale, donde, a s\u00f3lo un kil\u00f3metro, le espera el Hotel Panoramic.[\/vc_column_text][\/vc_column][vc_column width=\u00bb1\/4&#8243;][vc_column_text]\n<h3>Visite tambi\u00e9n&#8230;<\/h3>\n<ul>\n<li>Abad\u00eda de Badia Vecchia<\/li>\n<li>Teatro Odeon<\/li>\n<li>Villa Comunale<\/li>\n<li>Duomo di San Nicola<\/li>\n<li>Museo Arqueol\u00f3gico Regional<\/li>\n<li>Laderas del Etna<\/li>\n<li>Acicastello<\/li>\n<li>Grotta Azzurra<\/li>\n<li>Baia di Mazzar\u00f2<\/li>\n<\/ul>\n[\/vc_column_text][\/vc_column][\/vc_row][vc_row full_width=\u00bbstretch_row_content_no_spaces\u00bb equal_height=\u00bbyes\u00bb content_placement=\u00bbmiddle\u00bb css=\u00bb.vc_custom_1460359699942{background-color: #e6e4d8 !important;}\u00bb el_class=\u00bbbox-tipologie\u00bb][vc_column width=\u00bb1\/2&#8243;][vc_column_text el_class=\u00bbtxt-tipologie\u00bb]\n<h3>\u00a1No se lo pierda!<\/h3>\n<h2>Castelmola<\/h2>\n<p>A pocos kil\u00f3metros de Taormina puede visitarse el Santuario della Madonna della Rocca y <strong>Castelmola<\/strong>, formidable <strong>burgo medieval<\/strong> que conserva intacta la tradici\u00f3n siciliana m\u00e1s t\u00edpica, un lugar donde el tiempo parece haberse detenido y donde tendr\u00e1 ocasi\u00f3n de comprar <strong>productos gastron\u00f3micos y artesanos del lugar<\/strong>, observando Taormina, el Etna y el mar desde una posici\u00f3n absolutamente privilegiada y emocionante.[\/vc_column_text][\/vc_column][vc_column width=\u00bb1\/2&#8243;][vc_gallery type=\u00bbimage_grid\u00bb images=\u00bb1015&#8243; img_size=\u00bbfull\u00bb el_class=\u00bbimg-camere\u00bb][\/vc_column][\/vc_row][vc_row full_width=\u00bbstretch_row_content_no_spaces\u00bb equal_height=\u00bbyes\u00bb content_placement=\u00bbmiddle\u00bb css=\u00bb.vc_custom_1460359712773{background-color: #dae1ef !important;}\u00bb el_class=\u00bbbox-tipologie\u00bb][vc_column width=\u00bb1\/2&#8243;][vc_gallery type=\u00bbimage_grid\u00bb images=\u00bb1018&#8243; img_size=\u00bbfull\u00bb el_class=\u00bbimg-camere\u00bb][\/vc_column][vc_column width=\u00bb1\/2&#8243;][vc_column_text el_class=\u00bbtxt-tipologie\u00bb]\n<h3>\u00a1No se lo pierda!<\/h3>\n<h2>Isola Bella<\/h2>\n<p>Taormina no ser\u00eda <strong>Taormina<\/strong> sin su mar. Profundo a poca distancia de la costa, y de intensos <strong>tonos azules<\/strong>, antesala de <strong>fondos asombrosos<\/strong>, con <strong>grutas <\/strong> cuya belleza no se puede describir en palabras. El Panoramic Hotel le ofrece el acceso inmediato a Isola Bella, <strong>reserva WWF<\/strong> definida como<em> Perla del Mediterraneo<\/em>, un lugar m\u00e1gico donde encontrar\u00e1 aves marinas y peces variopintos y podr\u00e1 disfrutar de una regenerante vida de <strong>playa<\/strong>.[\/vc_column_text][\/vc_column][\/vc_row][vc_row css=\u00bb.vc_custom_1460381469528{padding-top: 30px !important;padding-bottom: 30px !important;background-image: url(https:\/\/www.panoramictaormina.it\/wp-content\/uploads\/2016\/04\/IMG_8749_A.jpg?id=1019) !important;background-position: center !important;background-repeat: no-repeat !important;background-size: cover !important;}\u00bb el_class=\u00bbbox-offerte\u00bb][vc_column][vc_column_text el_class=\u00bbwrap\u00bb]\n<h3>Solo para ti<\/h3>\n<h2>Eventos en Taormina y alrededores<\/h2>\n<div class=\"gallery-view\"><div class=\"events-package-4\"><div class=\"fullsliderimg\"><a href=\"https:\/\/www.panoramictaormina.it\/es\/events\/pio-amedeo\/\"><img loading=\"lazy\" decoding=\"async\" width=\"210\" height=\"210\" src=\"https:\/\/www.panoramictaormina.it\/wp-content\/uploads\/2019\/06\/Locandina-Taormina-210x210.jpeg\" class=\"size-thumbnail\" alt=\"\" srcset=\"https:\/\/www.panoramictaormina.it\/wp-content\/uploads\/2019\/06\/Locandina-Taormina-210x210.jpeg 210w, https:\/\/www.panoramictaormina.it\/wp-content\/uploads\/2019\/06\/Locandina-Taormina-150x150.jpeg 150w, https:\/\/www.panoramictaormina.it\/wp-content\/uploads\/2019\/06\/Locandina-Taormina-300x300.jpeg 300w, https:\/\/www.panoramictaormina.it\/wp-content\/uploads\/2019\/06\/Locandina-Taormina-768x768.jpeg 768w, https:\/\/www.panoramictaormina.it\/wp-content\/uploads\/2019\/06\/Locandina-Taormina-1024x1024.jpeg 1024w, https:\/\/www.panoramictaormina.it\/wp-content\/uploads\/2019\/06\/Locandina-Taormina-32x32.jpeg 32w, https:\/\/www.panoramictaormina.it\/wp-content\/uploads\/2019\/06\/Locandina-Taormina-64x64.jpeg 64w, https:\/\/www.panoramictaormina.it\/wp-content\/uploads\/2019\/06\/Locandina-Taormina-128x128.jpeg 128w, https:\/\/www.panoramictaormina.it\/wp-content\/uploads\/2019\/06\/Locandina-Taormina-268x268.jpeg 268w, https:\/\/www.panoramictaormina.it\/wp-content\/uploads\/2019\/06\/Locandina-Taormina-500x500.jpeg 500w, https:\/\/www.panoramictaormina.it\/wp-content\/uploads\/2019\/06\/Locandina-Taormina-930x930.jpeg 930w, https:\/\/www.panoramictaormina.it\/wp-content\/uploads\/2019\/06\/Locandina-Taormina.jpeg 1600w\" sizes=\"auto, (max-width: 210px) 100vw, 210px\" \/><\/a><\/div><div class=\"original-price\"><\/div><div class=\"reducted-price\"><\/div><div class=\"clear\"><\/div><div class=\"events_title\"><a href=\"https:\/\/www.panoramictaormina.it\/es\/events\/pio-amedeo\/\">Pio &#038; Amedeo<\/a><\/div><div class=\"package-gallery\"><div><\/div><div><\/div><div><\/div><div><\/div><\/div><\/div><div class=\"events-package-4\"><div class=\"original-price\"><\/div><div class=\"reducted-price\"><\/div><div class=\"clear\"><\/div><div class=\"events_title\"><a href=\"https:\/\/www.panoramictaormina.it\/es\/events\/nastri-dargento-2019\/\">Nastri D&#8217;Argento 2019!<\/a><\/div><div class=\"package-gallery\"><div><\/div><div><\/div><div><\/div><div><\/div><\/div><\/div><div class=\"events-package-4\"><div class=\"fullsliderimg\"><a href=\"https:\/\/www.panoramictaormina.it\/es\/events\/taomooda-2019\/\"><img loading=\"lazy\" decoding=\"async\" width=\"210\" height=\"210\" src=\"https:\/\/www.panoramictaormina.it\/wp-content\/uploads\/2018\/12\/Taomoda-210x210.jpg\" class=\"size-thumbnail\" alt=\"\" srcset=\"https:\/\/www.panoramictaormina.it\/wp-content\/uploads\/2018\/12\/Taomoda-210x210.jpg 210w, https:\/\/www.panoramictaormina.it\/wp-content\/uploads\/2018\/12\/Taomoda-150x150.jpg 150w, https:\/\/www.panoramictaormina.it\/wp-content\/uploads\/2018\/12\/Taomoda-32x32.jpg 32w, https:\/\/www.panoramictaormina.it\/wp-content\/uploads\/2018\/12\/Taomoda-128x128.jpg 128w, https:\/\/www.panoramictaormina.it\/wp-content\/uploads\/2018\/12\/Taomoda-268x268.jpg 268w\" sizes=\"auto, (max-width: 210px) 100vw, 210px\" \/><\/a><\/div><div class=\"original-price\"><\/div><div class=\"reducted-price\"><\/div><div class=\"clear\"><\/div><div class=\"events_title\"><a href=\"https:\/\/www.panoramictaormina.it\/es\/events\/taomooda-2019\/\">Taomooda 2019!<\/a><\/div><div class=\"package-gallery\"><div><\/div><div><\/div><div><\/div><div><\/div><\/div><\/div><div class=\"events-package-4\"><div class=\"original-price\"><\/div><div class=\"reducted-price\"><\/div><div class=\"clear\"><\/div><div class=\"events_title\"><a href=\"https:\/\/www.panoramictaormina.it\/es\/events\/taormina-book-festival-2019\/\">Taormina Book Festival 2019!<\/a><\/div><div class=\"package-gallery\"><div><\/div><div><\/div><div><\/div><div><\/div><\/div><\/div><\/div>\n<h4><a href=\"https:\/\/www.panoramictaormina.it\/es\/eventos\/\">Ir a la lista completa<\/a><\/h4>\n[\/vc_column_text][\/vc_column][\/vc_row][vc_row][vc_column][vc_media_grid element_width=\u00bb2&#8243; gap=\u00bb0&#8243; item=\u00bbmediaGrid_FadeInWithIcon\u00bb grid_id=\u00bbvc_gid:1461681191939-bd906afe-563e-9&#8243; include=\u00bb1021,1022,1023,1024,1025,1026&#8243;][\/vc_column][\/vc_row]\n<\/div>","protected":false},"excerpt":{"rendered":"<p>[vc_row el_class=\u00bbbiancogrigio\u00bb][vc_column][vc_empty_space][vc_column_text el_class=\u00bbintroduzione\u00bb] Ubicaci\u00f3n Donde estamos [\/vc_column_text][\/vc_column][\/vc_row][vc_row el_class=\u00bbwrap txt-interno\u00bb][vc_column width=\u00bb1\/2&#8243;][vc_column_text]A s\u00f3lo 20 metros de la playa de la Bah\u00eda di Isola Bella, el Panoramic Hotel 4 estrellas de Taormina goza de una ubicaci\u00f3n estrat\u00e9gica, asomada al mar y cerca del funicular que en 5 minutos le llevar\u00e1 al casco antiguo de la ciudad. En Sicilia [&hellip;]<\/p>\n","protected":false},"author":30,"featured_media":0,"parent":0,"menu_order":0,"comment_status":"closed","ping_status":"closed","template":"","meta":{"_genesis_hide_title":false,"_genesis_hide_breadcrumbs":false,"_genesis_hide_singular_image":false,"_genesis_hide_footer_widgets":false,"_genesis_custom_body_class":"","_genesis_custom_post_class":"","_genesis_layout":"","footnotes":""},"class_list":{"0":"post-1178","1":"page","2":"type-page","3":"status-publish","5":"entry"},"yoast_head":"<!-- This site is optimized with the Yoast SEO plugin v25.7 - https:\/\/yoast.com\/wordpress\/plugins\/seo\/ -->\n<title>Donde estamos - Panoramic Hotel<\/title>\n<meta name=\"description\" content=\"Moderno hotel de 4 estrellas en Taormina con una vista panor\u00e1mica de la Isola Bella y Capo Taormina.\" \/>\n<meta name=\"robots\" content=\"index, follow, max-snippet:-1, max-image-preview:large, max-video-preview:-1\" \/>\n<link rel=\"canonical\" href=\"https:\/\/www.panoramictaormina.it\/es\/donde-estamos\/\" \/>\n<meta property=\"og:locale\" content=\"es_ES\" \/>\n<meta property=\"og:type\" content=\"article\" \/>\n<meta property=\"og:title\" content=\"Donde estamos - Panoramic Hotel\" \/>\n<meta property=\"og:description\" content=\"Moderno hotel de 4 estrellas en Taormina con una vista panor\u00e1mica de la Isola Bella y Capo Taormina.\" \/>\n<meta property=\"og:url\" content=\"https:\/\/www.panoramictaormina.it\/es\/donde-estamos\/\" \/>\n<meta property=\"og:site_name\" content=\"Panoramic Hotel\" \/>\n<meta property=\"article:modified_time\" content=\"2016-04-27T15:30:43+00:00\" \/>\n<meta name=\"twitter:label1\" content=\"Tiempo de lectura\" \/>\n\t<meta name=\"twitter:data1\" content=\"6 minutos\" \/>\n<script type=\"application\/ld+json\" class=\"yoast-schema-graph\">{\"@context\":\"https:\/\/schema.org\",\"@graph\":[{\"@type\":\"WebPage\",\"@id\":\"https:\/\/www.panoramictaormina.it\/es\/donde-estamos\/\",\"url\":\"https:\/\/www.panoramictaormina.it\/es\/donde-estamos\/\",\"name\":\"Donde estamos - Panoramic Hotel\",\"isPartOf\":{\"@id\":\"https:\/\/www.panoramictaormina.it\/es\/#website\"},\"datePublished\":\"2016-04-26T14:39:10+00:00\",\"dateModified\":\"2016-04-27T15:30:43+00:00\",\"description\":\"Moderno hotel de 4 estrellas en Taormina con una vista panor\u00e1mica de la Isola Bella y Capo Taormina.\",\"breadcrumb\":{\"@id\":\"https:\/\/www.panoramictaormina.it\/es\/donde-estamos\/#breadcrumb\"},\"inLanguage\":\"es\",\"potentialAction\":[{\"@type\":\"ReadAction\",\"target\":[\"https:\/\/www.panoramictaormina.it\/es\/donde-estamos\/\"]}]},{\"@type\":\"BreadcrumbList\",\"@id\":\"https:\/\/www.panoramictaormina.it\/es\/donde-estamos\/#breadcrumb\",\"itemListElement\":[{\"@type\":\"ListItem\",\"position\":1,\"name\":\"Home\",\"item\":\"https:\/\/www.panoramictaormina.it\/es\/\"},{\"@type\":\"ListItem\",\"position\":2,\"name\":\"Donde estamos\"}]},{\"@type\":\"WebSite\",\"@id\":\"https:\/\/www.panoramictaormina.it\/es\/#website\",\"url\":\"https:\/\/www.panoramictaormina.it\/es\/\",\"name\":\"Panoramic Hotel\",\"description\":\"\",\"potentialAction\":[{\"@type\":\"SearchAction\",\"target\":{\"@type\":\"EntryPoint\",\"urlTemplate\":\"https:\/\/www.panoramictaormina.it\/es\/?s={search_term_string}\"},\"query-input\":{\"@type\":\"PropertyValueSpecification\",\"valueRequired\":true,\"valueName\":\"search_term_string\"}}],\"inLanguage\":\"es\"}]}<\/script>\n<!-- \/ Yoast SEO plugin. -->","yoast_head_json":{"title":"Donde estamos - Panoramic Hotel","description":"Moderno hotel de 4 estrellas en Taormina con una vista panor\u00e1mica de la Isola Bella y Capo Taormina.","robots":{"index":"index","follow":"follow","max-snippet":"max-snippet:-1","max-image-preview":"max-image-preview:large","max-video-preview":"max-video-preview:-1"},"canonical":"https:\/\/www.panoramictaormina.it\/es\/donde-estamos\/","og_locale":"es_ES","og_type":"article","og_title":"Donde estamos - Panoramic Hotel","og_description":"Moderno hotel de 4 estrellas en Taormina con una vista panor\u00e1mica de la Isola Bella y Capo Taormina.","og_url":"https:\/\/www.panoramictaormina.it\/es\/donde-estamos\/","og_site_name":"Panoramic Hotel","article_modified_time":"2016-04-27T15:30:43+00:00","twitter_misc":{"Tiempo de lectura":"6 minutos"},"schema":{"@context":"https:\/\/schema.org","@graph":[{"@type":"WebPage","@id":"https:\/\/www.panoramictaormina.it\/es\/donde-estamos\/","url":"https:\/\/www.panoramictaormina.it\/es\/donde-estamos\/","name":"Donde estamos - Panoramic Hotel","isPartOf":{"@id":"https:\/\/www.panoramictaormina.it\/es\/#website"},"datePublished":"2016-04-26T14:39:10+00:00","dateModified":"2016-04-27T15:30:43+00:00","description":"Moderno hotel de 4 estrellas en Taormina con una vista panor\u00e1mica de la Isola Bella y Capo Taormina.","breadcrumb":{"@id":"https:\/\/www.panoramictaormina.it\/es\/donde-estamos\/#breadcrumb"},"inLanguage":"es","potentialAction":[{"@type":"ReadAction","target":["https:\/\/www.panoramictaormina.it\/es\/donde-estamos\/"]}]},{"@type":"BreadcrumbList","@id":"https:\/\/www.panoramictaormina.it\/es\/donde-estamos\/#breadcrumb","itemListElement":[{"@type":"ListItem","position":1,"name":"Home","item":"https:\/\/www.panoramictaormina.it\/es\/"},{"@type":"ListItem","position":2,"name":"Donde estamos"}]},{"@type":"WebSite","@id":"https:\/\/www.panoramictaormina.it\/es\/#website","url":"https:\/\/www.panoramictaormina.it\/es\/","name":"Panoramic Hotel","description":"","potentialAction":[{"@type":"SearchAction","target":{"@type":"EntryPoint","urlTemplate":"https:\/\/www.panoramictaormina.it\/es\/?s={search_term_string}"},"query-input":{"@type":"PropertyValueSpecification","valueRequired":true,"valueName":"search_term_string"}}],"inLanguage":"es"}]}},"publishpress_future_action":{"enabled":false,"date":"2026-04-25 08:38:32","action":"change-status","newStatus":"draft","terms":[],"taxonomy":"translation_priority","extraData":[]},"publishpress_future_workflow_manual_trigger":{"enabledWorkflows":[]},"_links":{"self":[{"href":"https:\/\/www.panoramictaormina.it\/es\/wp-json\/wp\/v2\/pages\/1178","targetHints":{"allow":["GET"]}}],"collection":[{"href":"https:\/\/www.panoramictaormina.it\/es\/wp-json\/wp\/v2\/pages"}],"about":[{"href":"https:\/\/www.panoramictaormina.it\/es\/wp-json\/wp\/v2\/types\/page"}],"author":[{"embeddable":true,"href":"https:\/\/www.panoramictaormina.it\/es\/wp-json\/wp\/v2\/users\/30"}],"replies":[{"embeddable":true,"href":"https:\/\/www.panoramictaormina.it\/es\/wp-json\/wp\/v2\/comments?post=1178"}],"version-history":[{"count":2,"href":"https:\/\/www.panoramictaormina.it\/es\/wp-json\/wp\/v2\/pages\/1178\/revisions"}],"predecessor-version":[{"id":1180,"href":"https:\/\/www.panoramictaormina.it\/es\/wp-json\/wp\/v2\/pages\/1178\/revisions\/1180"}],"wp:attachment":[{"href":"https:\/\/www.panoramictaormina.it\/es\/wp-json\/wp\/v2\/media?parent=1178"}],"curies":[{"name":"wp","href":"https:\/\/api.w.org\/{rel}","templated":true}]}}