{"id":1235,"date":"2016-04-27T10:51:20","date_gmt":"2016-04-27T10:51:20","guid":{"rendered":"https:\/\/www.panoramictaormina.it\/de\/?page_id=1235"},"modified":"2024-08-07T14:15:10","modified_gmt":"2024-08-07T14:15:10","slug":"zimmer","status":"publish","type":"page","link":"https:\/\/www.panoramictaormina.it\/de\/zimmer\/","title":{"rendered":"Zimmer"},"content":{"rendered":"<div class=\"wpb-content-wrapper\">[vc_row el_class=&#8220;biancogrigio&#8220;][vc_column][vc_empty_space][vc_column_text el_class=&#8220;introduzione&#8220;]\n<h3>Willkommen<\/h3>\n<h2>Die Zimmer<\/h2>\n[\/vc_column_text][\/vc_column][\/vc_row][vc_row el_class=&#8220;wrap txt-interno&#8220;][vc_column width=&#8220;1\/2&#8243;][vc_column_text]Die Zimmer des <strong>Vier-Sterne-Hotels Panoramic<\/strong> in <strong>Taormina<\/strong> mit Blick auf die wundersch\u00f6ne <strong>Bucht von Isola Bella<\/strong> gehen allesamt auf das Meer hinaus und bieten ein <strong>Panorama<\/strong>, das kein anderes <strong>Hotel<\/strong> in <strong>Taormina<\/strong> bieten kann.<\/p>\n<p>Gro\u00dfe <strong>Fenster<\/strong>, die das Sonnenlicht in das Zimmer lassen und eine <strong>handwerkliche Einrichtung<\/strong> aus Birke, die hervorragend zu den eleganten Gardinen passt, sorgen f\u00fcr eine bezaubernde <strong>Atmosph\u00e4re<\/strong>, die Ihren Aufenthalt im <strong>Panoramic Hotel<\/strong> zu einem unvergesslichen Augenblick macht.<\/p>\n<p>Die Zimmer verf\u00fcgen \u00fcber <strong>Plasma-Satelliten-TV<\/strong>, drahtlosen Internetanschluss, <strong>VOIP-Telefon<\/strong>, regulierbare Klimaanlage\/Heizung, Anrufbeantworter und Boden aus Keramikfliesen. Es gibt insgesamt 14 Dreibettzimmer, 8 Doppelzimmer (Double oder Twin) und ein <strong>Family-Zimmer<\/strong> mit Tages- und Nachtbereich.[\/vc_column_text][\/vc_column][vc_column width=&#8220;1\/4&#8243;][vc_column_text]\n<h3>Komfort<\/h3>\n<ul>\n<li>Behindertengerechte Einrichtung<\/li>\n<li>Zimmer mit Aussicht<\/li>\n<li>Zimmer mit Terrasse<\/li>\n<li>Direktwahltelefon<\/li>\n<li>Internet ADSL Wi-fi<\/li>\n<li>Anrufbeantworter<\/li>\n<li>TV SAT LCD\/Plasma<\/li>\n<li>Radio<\/li>\n<li>Minibar<\/li>\n<li>Regulierbare Klimaanlage\/Heizung<\/li>\n<li>Zimmer f\u00fcr Nichtraucher<\/li>\n<li>Raucher<\/li>\n<\/ul>\n[\/vc_column_text][\/vc_column][vc_column width=&#8220;1\/4&#8243;][vc_column_text]\n<h3>Bad<\/h3>\n<ul>\n<li>Dusche \/ Badewanne<\/li>\n<li>Steckdose<\/li>\n<li>Pflegeprodukte<\/li>\n<li>Bademantel<\/li>\n<li>Haartrockner<\/li>\n<\/ul>\n[\/vc_column_text][\/vc_column][\/vc_row][vc_row full_width=&#8220;stretch_row_content_no_spaces&#8220; equal_height=&#8220;yes&#8220; content_placement=&#8220;middle&#8220; css=&#8220;.vc_custom_1460359646174{background-color: #dae1ef !important;}&#8220; el_class=&#8220;box-tipologie&#8220;][vc_column width=&#8220;1\/2&#8243;][vc_column_text el_class=&#8220;txt-tipologie&#8220;]\n<h3>Die Zimmer<\/h3>\n<h2>Doppelzimmer mit Meerblick<\/h2>\n<p>Unsere Doppelzimmer haben zwei Einzelbetten oder ein Doppelbett. Sie bieten alle Annehmlichkeiten und Serviceleistungen, damit Sie Ihren Aufenthalt in Taormina genie\u00dfen k\u00f6nnen.<\/p>\n<h4 class=\"reservations_desktop\"><a href=\"https:\/\/hotelpanoramichotel.beddy.io?lang=de\">Reservieren<\/a><\/h4>\n<h4 class=\"reservations_mobile\"><a href=\"https:\/\/hotelpanoramichotel.beddy.io?lang=de\" target=\"_blank\" rel=\"noopener noreferrer\">Reservieren<\/a><\/h4>\n[\/vc_column_text][\/vc_column][vc_column width=&#8220;1\/2&#8243;][vc_gallery type=&#8220;image_grid&#8220; images=&#8220;896,897,898,899&#8243; img_size=&#8220;full&#8220; el_class=&#8220;img-camere&#8220;][\/vc_column][\/vc_row][vc_row full_width=&#8220;stretch_row_content_no_spaces&#8220; equal_height=&#8220;yes&#8220; content_placement=&#8220;middle&#8220; css=&#8220;.vc_custom_1460359691289{background-color: #ffffff !important;}&#8220; el_class=&#8220;box-tipologie&#8220;][vc_column width=&#8220;1\/2&#8243;][vc_gallery type=&#8220;image_grid&#8220; images=&#8220;904,905&#8243; img_size=&#8220;full&#8220; el_class=&#8220;img-camere&#8220;][\/vc_column][vc_column width=&#8220;1\/2&#8243;][vc_column_text el_class=&#8220;txt-tipologie&#8220;]\n<h3>Die Zimmer<\/h3>\n<h2>Doppelzimmer Superior mit Meerblick<\/h2>\n<p>Unsere Superior-Zimmer befinden sich in unserer obersten Etage und verf\u00fcgen \u00fcber sch\u00f6ne Balkone, von denen aus Sie den bestm\u00f6glichen Blick auf die atemberaubende Bucht von Isolabella genie\u00dfen k\u00f6nnen<\/p>\n<h4 class=\"reservations_desktop\"><a href=\"https:\/\/hotelpanoramichotel.beddy.io?lang=de\">Reservieren<\/a><\/h4>\n<h4 class=\"reservations_mobile\"><a href=\"https:\/\/hotelpanoramichotel.beddy.io?lang=de\" target=\"_blank\" rel=\"noopener noreferrer\">Reservieren<\/a><\/h4>\n[\/vc_column_text][\/vc_column][\/vc_row][vc_row full_width=&#8220;stretch_row_content_no_spaces&#8220; equal_height=&#8220;yes&#8220; content_placement=&#8220;middle&#8220; css=&#8220;.vc_custom_1460359699942{background-color: #e6e4d8 !important;}&#8220; el_class=&#8220;box-tipologie&#8220;][vc_column width=&#8220;1\/2&#8243;][vc_column_text el_class=&#8220;txt-tipologie&#8220;]\n<h3>Die Zimmer<\/h3>\n<h2>Dreibettzimmer mit Meerblick<\/h2>\n<p>Wenn Sie Raum f\u00fcr drei G\u00e4ste suchen, stehen Ihnen unsere Dreibettzimmer zur Verf\u00fcgung. Sie verf\u00fcgen \u00fcber drei Einzelbetten oder, wenn Sie es vorziehen, ein Doppel- und ein Einzelbett. Bitte geben Sie Ihre Pr\u00e4ferenz bei der Reservierung an.<\/p>\n<h4 class=\"reservations_desktop\"><a href=\"https:\/\/hotelpanoramichotel.beddy.io?lang=de\">Reservieren<\/a><\/h4>\n<h4 class=\"reservations_mobile\"><a href=\"https:\/\/hotelpanoramichotel.beddy.io?lang=de\" target=\"_blank\" rel=\"noopener noreferrer\">Reservieren<\/a><\/h4>\n[\/vc_column_text][\/vc_column][vc_column width=&#8220;1\/2&#8243;][vc_gallery type=&#8220;image_grid&#8220; images=&#8220;910,908,909,911&#8243; img_size=&#8220;full&#8220; el_class=&#8220;img-camere&#8220;][\/vc_column][\/vc_row][vc_row full_width=&#8220;stretch_row_content_no_spaces&#8220; equal_height=&#8220;yes&#8220; content_placement=&#8220;middle&#8220; css=&#8220;.vc_custom_1460359712773{background-color: #dae1ef !important;}&#8220; el_class=&#8220;box-tipologie&#8220;][vc_column width=&#8220;1\/2&#8243;][vc_gallery type=&#8220;image_grid&#8220; images=&#8220;913,912,914,915&#8243; img_size=&#8220;full&#8220; el_class=&#8220;img-camere&#8220;][\/vc_column][vc_column width=&#8220;1\/2&#8243;][vc_column_text el_class=&#8220;txt-tipologie&#8220;]\n<h3>Die Zimmer<\/h3>\n<h2>Junior Suite<\/h2>\n<p>Das Familienzimmer verf\u00fcgt \u00fcber zwei durch eine Verbindungst\u00fcr miteinander verbundene Zimmer, die in Wohn- und Schlafbereich aufgeteilt sind. Zu jedem Zimmer geh\u00f6rt ein eigenes Bad. Der Schlafbereich hat ein Doppelbett, w\u00e4hrend der Wohnbereich mit einem Sofa ausgestattet ist, das zu zwei Einzelbetten umfunktioniert werden kann.<\/p>\n<h4 class=\"reservations_desktop\"><a href=\"https:\/\/hotelpanoramichotel.beddy.io?lang=de\">Reservieren<\/a><\/h4>\n<h4 class=\"reservations_mobile\"><a href=\"https:\/\/hotelpanoramichotel.beddy.io?lang=de\" target=\"_blank\" rel=\"noopener noreferrer\">Reservieren<\/a><\/h4>\n[\/vc_column_text][\/vc_column][\/vc_row][vc_row css=&#8220;.vc_custom_1460107789527{padding-top: 30px !important;padding-bottom: 30px !important;background-image: url(https:\/\/www.panoramictaormina.it\/wp-content\/uploads\/2013\/09\/bg_offerte-home.jpg?id=858) !important;background-position: center !important;background-repeat: no-repeat !important;background-size: cover !important;}&#8220; el_class=&#8220;box-offerte&#8220;][vc_column][vc_column_text el_class=&#8220;wrap&#8220;]\n<h3>Nur f\u00fcr Sie<\/h3>\n<h2>Sonderangebote<\/h2>\n<div class=\"gallery-view\"><div class=\"offer-package-4\"><div style=\"position:relative; margin-left:auto; margin-right:auto; overflow:hidden; width:px;\"><a href=\"https:\/\/www.panoramictaormina.it\/de\/offers\/boat-tour\/\"><img loading=\"lazy\" decoding=\"async\" width=\"210\" height=\"210\" src=\"https:\/\/www.panoramictaormina.it\/wp-content\/uploads\/2016\/04\/sicily-329092-210x210.jpg\" class=\"size-thumbnail\" alt=\"\" srcset=\"https:\/\/www.panoramictaormina.it\/wp-content\/uploads\/2016\/04\/sicily-329092-210x210.jpg 210w, https:\/\/www.panoramictaormina.it\/wp-content\/uploads\/2016\/04\/sicily-329092-150x150.jpg 150w, https:\/\/www.panoramictaormina.it\/wp-content\/uploads\/2016\/04\/sicily-329092-32x32.jpg 32w, https:\/\/www.panoramictaormina.it\/wp-content\/uploads\/2016\/04\/sicily-329092-128x128.jpg 128w, https:\/\/www.panoramictaormina.it\/wp-content\/uploads\/2016\/04\/sicily-329092-268x268.jpg 268w, https:\/\/www.panoramictaormina.it\/wp-content\/uploads\/2016\/04\/sicily-329092-500x500.jpg 500w\" sizes=\"auto, (max-width: 210px) 100vw, 210px\" \/><\/a><div class=\"background-offer-gallery\"><img decoding=\"async\" src=\"https:\/\/www.panoramictaormina.it\/wp-content\/uploads\/2013\/09\/bkg-white704.png\" \/>   <div class=\"highlight-text-gallery\"><a href=\"https:\/\/www.panoramictaormina.it\/de\/offers\/boat-tour\/\">Paket<\/a><\/div><\/div><div class=\"background-tag-gallery\">\n                            <img decoding=\"async\" src=\"https:\/\/www.panoramictaormina.it\/wp-content\/uploads\/2013\/09\/package_icon.png\"><\/div><\/div><div class=\"original-price\"><\/div><div class=\"reducted-price\"><\/div><div class=\"clear\"><\/div><div class=\"offer_title\"><a href=\"https:\/\/www.panoramictaormina.it\/de\/offers\/boat-tour\/\">Boat Tour<\/a><\/div><div class=\"package-gallery\"><div><\/div><div><\/div><div><\/div><div><\/div><\/div><\/div><\/div>\n<h4><a href=\"https:\/\/www.panoramictaormina.it\/de\/sonderangebote\/\">Zur vollst\u00e4ndigen Liste gehen<\/a><\/h4>\n[\/vc_column_text][\/vc_column][\/vc_row]\n<\/div>","protected":false},"excerpt":{"rendered":"<p>[vc_row el_class=&#8220;biancogrigio&#8220;][vc_column][vc_empty_space][vc_column_text el_class=&#8220;introduzione&#8220;] Willkommen Die Zimmer [\/vc_column_text][\/vc_column][\/vc_row][vc_row el_class=&#8220;wrap txt-interno&#8220;][vc_column width=&#8220;1\/2&#8243;][vc_column_text]Die Zimmer des Vier-Sterne-Hotels Panoramic in Taormina mit Blick auf die wundersch\u00f6ne Bucht von Isola Bella gehen allesamt auf das Meer hinaus und bieten ein Panorama, das kein anderes Hotel in Taormina bieten kann. Gro\u00dfe Fenster, die das Sonnenlicht in das Zimmer lassen und eine handwerkliche [&hellip;]<\/p>\n","protected":false},"author":30,"featured_media":0,"parent":0,"menu_order":0,"comment_status":"closed","ping_status":"closed","template":"","meta":{"_genesis_hide_title":false,"_genesis_hide_breadcrumbs":false,"_genesis_hide_singular_image":false,"_genesis_hide_footer_widgets":false,"_genesis_custom_body_class":"","_genesis_custom_post_class":"","_genesis_layout":"","footnotes":""},"class_list":{"0":"post-1235","1":"page","2":"type-page","3":"status-publish","5":"entry"},"yoast_head":"<!-- This site is optimized with the Yoast SEO plugin v25.7 - https:\/\/yoast.com\/wordpress\/plugins\/seo\/ -->\n<title>Zimmer - Panoramic Hotel<\/title>\n<meta name=\"description\" content=\"Modernes 4-Sterne-Hotel in Taormina hotel mit Panoramaaussicht auf die Isola Bella und Capo Taormina.\" \/>\n<meta name=\"robots\" content=\"index, follow, max-snippet:-1, max-image-preview:large, max-video-preview:-1\" \/>\n<link rel=\"canonical\" href=\"https:\/\/www.panoramictaormina.it\/de\/zimmer\/\" \/>\n<meta property=\"og:locale\" content=\"de_DE\" \/>\n<meta property=\"og:type\" content=\"article\" \/>\n<meta property=\"og:title\" content=\"Zimmer - Panoramic Hotel\" \/>\n<meta property=\"og:description\" content=\"Modernes 4-Sterne-Hotel in Taormina hotel mit Panoramaaussicht auf die Isola Bella und Capo Taormina.\" \/>\n<meta property=\"og:url\" content=\"https:\/\/www.panoramictaormina.it\/de\/zimmer\/\" \/>\n<meta property=\"og:site_name\" content=\"Panoramic Hotel\" \/>\n<meta property=\"article:modified_time\" content=\"2024-08-07T14:15:10+00:00\" \/>\n<meta name=\"twitter:label1\" content=\"Gesch\u00e4tzte Lesezeit\" \/>\n\t<meta name=\"twitter:data1\" content=\"6\u00a0Minuten\" \/>\n<script type=\"application\/ld+json\" class=\"yoast-schema-graph\">{\"@context\":\"https:\/\/schema.org\",\"@graph\":[{\"@type\":\"WebPage\",\"@id\":\"https:\/\/www.panoramictaormina.it\/de\/zimmer\/\",\"url\":\"https:\/\/www.panoramictaormina.it\/de\/zimmer\/\",\"name\":\"Zimmer - Panoramic Hotel\",\"isPartOf\":{\"@id\":\"https:\/\/www.panoramictaormina.it\/de\/#website\"},\"datePublished\":\"2016-04-27T10:51:20+00:00\",\"dateModified\":\"2024-08-07T14:15:10+00:00\",\"description\":\"Modernes 4-Sterne-Hotel in Taormina hotel mit Panoramaaussicht auf die Isola Bella und Capo Taormina.\",\"breadcrumb\":{\"@id\":\"https:\/\/www.panoramictaormina.it\/de\/zimmer\/#breadcrumb\"},\"inLanguage\":\"de\",\"potentialAction\":[{\"@type\":\"ReadAction\",\"target\":[\"https:\/\/www.panoramictaormina.it\/de\/zimmer\/\"]}]},{\"@type\":\"BreadcrumbList\",\"@id\":\"https:\/\/www.panoramictaormina.it\/de\/zimmer\/#breadcrumb\",\"itemListElement\":[{\"@type\":\"ListItem\",\"position\":1,\"name\":\"Home\",\"item\":\"https:\/\/www.panoramictaormina.it\/de\/\"},{\"@type\":\"ListItem\",\"position\":2,\"name\":\"Zimmer\"}]},{\"@type\":\"WebSite\",\"@id\":\"https:\/\/www.panoramictaormina.it\/de\/#website\",\"url\":\"https:\/\/www.panoramictaormina.it\/de\/\",\"name\":\"Panoramic Hotel\",\"description\":\"\",\"potentialAction\":[{\"@type\":\"SearchAction\",\"target\":{\"@type\":\"EntryPoint\",\"urlTemplate\":\"https:\/\/www.panoramictaormina.it\/de\/?s={search_term_string}\"},\"query-input\":{\"@type\":\"PropertyValueSpecification\",\"valueRequired\":true,\"valueName\":\"search_term_string\"}}],\"inLanguage\":\"de\"}]}<\/script>\n<!-- \/ Yoast SEO plugin. -->","yoast_head_json":{"title":"Zimmer - Panoramic Hotel","description":"Modernes 4-Sterne-Hotel in Taormina hotel mit Panoramaaussicht auf die Isola Bella und Capo Taormina.","robots":{"index":"index","follow":"follow","max-snippet":"max-snippet:-1","max-image-preview":"max-image-preview:large","max-video-preview":"max-video-preview:-1"},"canonical":"https:\/\/www.panoramictaormina.it\/de\/zimmer\/","og_locale":"de_DE","og_type":"article","og_title":"Zimmer - Panoramic Hotel","og_description":"Modernes 4-Sterne-Hotel in Taormina hotel mit Panoramaaussicht auf die Isola Bella und Capo Taormina.","og_url":"https:\/\/www.panoramictaormina.it\/de\/zimmer\/","og_site_name":"Panoramic Hotel","article_modified_time":"2024-08-07T14:15:10+00:00","twitter_misc":{"Gesch\u00e4tzte Lesezeit":"6\u00a0Minuten"},"schema":{"@context":"https:\/\/schema.org","@graph":[{"@type":"WebPage","@id":"https:\/\/www.panoramictaormina.it\/de\/zimmer\/","url":"https:\/\/www.panoramictaormina.it\/de\/zimmer\/","name":"Zimmer - Panoramic Hotel","isPartOf":{"@id":"https:\/\/www.panoramictaormina.it\/de\/#website"},"datePublished":"2016-04-27T10:51:20+00:00","dateModified":"2024-08-07T14:15:10+00:00","description":"Modernes 4-Sterne-Hotel in Taormina hotel mit Panoramaaussicht auf die Isola Bella und Capo Taormina.","breadcrumb":{"@id":"https:\/\/www.panoramictaormina.it\/de\/zimmer\/#breadcrumb"},"inLanguage":"de","potentialAction":[{"@type":"ReadAction","target":["https:\/\/www.panoramictaormina.it\/de\/zimmer\/"]}]},{"@type":"BreadcrumbList","@id":"https:\/\/www.panoramictaormina.it\/de\/zimmer\/#breadcrumb","itemListElement":[{"@type":"ListItem","position":1,"name":"Home","item":"https:\/\/www.panoramictaormina.it\/de\/"},{"@type":"ListItem","position":2,"name":"Zimmer"}]},{"@type":"WebSite","@id":"https:\/\/www.panoramictaormina.it\/de\/#website","url":"https:\/\/www.panoramictaormina.it\/de\/","name":"Panoramic Hotel","description":"","potentialAction":[{"@type":"SearchAction","target":{"@type":"EntryPoint","urlTemplate":"https:\/\/www.panoramictaormina.it\/de\/?s={search_term_string}"},"query-input":{"@type":"PropertyValueSpecification","valueRequired":true,"valueName":"search_term_string"}}],"inLanguage":"de"}]}},"publishpress_future_action":{"enabled":false,"date":"2026-05-10 08:55:01","action":"change-status","newStatus":"draft","terms":[],"taxonomy":"translation_priority","extraData":[]},"publishpress_future_workflow_manual_trigger":{"enabledWorkflows":[]},"_links":{"self":[{"href":"https:\/\/www.panoramictaormina.it\/de\/wp-json\/wp\/v2\/pages\/1235","targetHints":{"allow":["GET"]}}],"collection":[{"href":"https:\/\/www.panoramictaormina.it\/de\/wp-json\/wp\/v2\/pages"}],"about":[{"href":"https:\/\/www.panoramictaormina.it\/de\/wp-json\/wp\/v2\/types\/page"}],"author":[{"embeddable":true,"href":"https:\/\/www.panoramictaormina.it\/de\/wp-json\/wp\/v2\/users\/30"}],"replies":[{"embeddable":true,"href":"https:\/\/www.panoramictaormina.it\/de\/wp-json\/wp\/v2\/comments?post=1235"}],"version-history":[{"count":10,"href":"https:\/\/www.panoramictaormina.it\/de\/wp-json\/wp\/v2\/pages\/1235\/revisions"}],"predecessor-version":[{"id":2591,"href":"https:\/\/www.panoramictaormina.it\/de\/wp-json\/wp\/v2\/pages\/1235\/revisions\/2591"}],"wp:attachment":[{"href":"https:\/\/www.panoramictaormina.it\/de\/wp-json\/wp\/v2\/media?parent=1235"}],"curies":[{"name":"wp","href":"https:\/\/api.w.org\/{rel}","templated":true}]}}