{"id":1204,"date":"2016-04-27T08:15:00","date_gmt":"2016-04-27T08:15:00","guid":{"rendered":"https:\/\/www.panoramictaormina.it\/de\/?page_id=1204"},"modified":"2019-08-25T10:11:57","modified_gmt":"2019-08-25T10:11:57","slug":"beschreibung","status":"publish","type":"page","link":"https:\/\/www.panoramictaormina.it\/de\/beschreibung\/","title":{"rendered":"Beschreibung"},"content":{"rendered":"<div class=\"wpb-content-wrapper\">[vc_row][vc_column][vc_empty_space][vc_column_text el_class=&#8220;introduzione&#8220;]\n<h3>Hotel<\/h3>\n<h2>Beschreibung<\/h2>\n[\/vc_column_text][\/vc_column][\/vc_row][vc_row el_class=&#8220;wrap txt-interno&#8220;][vc_column width=&#8220;1\/2&#8243;][vc_column_text]Das <strong>Panoramic Hotel<\/strong> ist ein elegantes und modernes <strong>Vier-Sterne-Hotel<\/strong> am <strong>Meer<\/strong> und bietet das ideale Ambiente f\u00fcr einen romantischen und <strong>charmanten<\/strong> Urlaub in der reizenden Stadt <strong>Taormina<\/strong> und am <strong>Meer von Sizilien<\/strong>.<\/p>\n<p>Die R\u00e4umlichkeiten des Panoramic Hotel sind neu, hell und <strong>behaglich<\/strong>. Unser freundliches <strong>Personal<\/strong> an der Rezeption ist Ihnen w\u00e4hrend Ihres Aufenthalts in Taormina gerne behilflich und empfiehlt Ihnen <strong>Routen<\/strong>, <strong>gef\u00fchrte Besichtigungen<\/strong> und gute <strong>Restaurants<\/strong> in der Altstadt.<\/p>\n<p>Genie\u00dfen Sie einen <strong>Cocktail<\/strong> auf der Panoramaterrasse, auf der sich auch ein <strong>Swimming-Pool<\/strong> befindet und lassen Sie sich vom Blick auf das Meer und auf die <strong>Bucht der Isola Bella<\/strong> verzaubern. Hier k\u00f6nnen Sie in den Sommermonaten an unserer <strong>Bar<\/strong> typische sizilianische Gerichte, Snacks und Salate probieren.<\/p>\n<p>Am Ende einer Freitreppe, deren Anfang direkt vor dem Hotel liegt, warten die wei\u00dfen Kieselsteine des <strong>Strandes<\/strong> von <strong>Isola Bella<\/strong> ebenso auf Sie wie die <strong>Badeeinrichtung<\/strong> mit Liegest\u00fchlen und <strong>Sonnenschirmen<\/strong> sowie Bereiche mit freiem Zugang zum sauberen, glasklaren <strong>Meer<\/strong>, das bereits nach wenigen Metern sehr <strong>tief<\/strong> wird.<\/p>\n<p>Zudem stehen Ihnen <strong>Voip-Telefonie<\/strong> \u2013 ideal f\u00fcr g\u00fcnstige Anrufe ins Ausland \u2013, <strong>drahtloses Internet<\/strong>, <strong>Fr\u00fchst\u00fcck<\/strong> und 24-Stunden-Rezeption zur Verf\u00fcgung.[\/vc_column_text][\/vc_column][vc_column width=&#8220;1\/4&#8243;][vc_column_text]\n<h3>Dienstleistungen &amp; Einrichtungen<\/h3>\n<ul>\n<li>Behindertengerechte Einrichtung<\/li>\n<li>24-Stunden-Rezeption<\/li>\n<li>Fr\u00fchst\u00fcck<\/li>\n<li>ADSL-Internetanschluss (gegen Geb\u00fchr)<\/li>\n<li>Drahtloses Internet (gegen Geb\u00fchr)<\/li>\n<li>VOIP-Telefonie (Anrufe ins internationale Festnetz und zu Handys zu g\u00fcnstigeren Tarifen)<\/li>\n<li>Fax-Service<\/li>\n<li>Touristen-Info<\/li>\n<li>Reservierung von Ausfl\u00fcgen<\/li>\n<li>Reservierung gef\u00fchrter Besichtigungen<\/li>\n<li>Reservierung von Leihwagen<\/li>\n<li>Parken (je nach Verf\u00fcgbarkeit)<\/li>\n<\/ul>\n[\/vc_column_text][\/vc_column][vc_column width=&#8220;1\/4&#8243; el_class=&#8220;liste&#8220;][vc_raw_html]JTNDaDMlM0UlMjZuYnNwJTNCJTNDJTJGaDMlM0UlMEElM0NoMyUzRSUyNm5ic3AlM0IlM0MlMkZoMyUzRQ==[\/vc_raw_html][vc_column_text]\n<ul>\n<li>Concierge<\/li>\n<li>Limousinenservice<\/li>\n<li>Aufbewahrung von Wertgegenst\u00e4nden<\/li>\n<li>Gep\u00e4cktr\u00e4ger<\/li>\n<li>Nachtportier<\/li>\n<li>Gep\u00e4ckabgabe<\/li>\n<li>B\u00fcgelservice<\/li>\n<li>W\u00e4scheservice<\/li>\n<li>Aufzug<\/li>\n<li>Hotelhalle<\/li>\n<li>TV-Saal<\/li>\n<li>Terrasse<\/li>\n<\/ul>\n[\/vc_column_text][\/vc_column][\/vc_row][vc_row full_width=&#8220;stretch_row_content_no_spaces&#8220; equal_height=&#8220;yes&#8220; content_placement=&#8220;middle&#8220; css=&#8220;.vc_custom_1460359635791{background-color: #e6e4d8 !important;}&#8220; el_class=&#8220;box-tipologie&#8220;][vc_column width=&#8220;1\/2&#8243;][vc_gallery type=&#8220;image_grid&#8220; images=&#8220;1074&#8243; img_size=&#8220;full&#8220; el_class=&#8220;img-camere&#8220;][\/vc_column][vc_column width=&#8220;1\/2&#8243;][vc_column_text el_class=&#8220;txt-tipologie&#8220;]\n<h3>5\/5 TripAdvisor Traveller<\/h3>\n<h2>\u201cJederzeit wieder\u201d<\/h2>\n<p>Sehr gepflegtes neues Hotel. Personal ist ausnahmslos sehr freundlich und hilfsbereit. Die Zimmer sind geschmackvoll ausgestattet mit traumhaften Meerblick. Sauberkeit des Zimmers und des Bades ist optimal. Hervorragendes Fr\u00fchst\u00fccksbuffet. Das Hotel verf\u00fcgt \u00fcber kein eigenes Restaurant, was jedoch nicht st\u00f6rend ist, da in unmittelbarer Umgebung und im Zentrum Taorminas viele gute Restaurants zur Auswahl stehen.[\/vc_column_text][\/vc_column][\/vc_row][vc_row full_width=&#8220;stretch_row_content_no_spaces&#8220; equal_height=&#8220;yes&#8220; css=&#8220;.vc_custom_1460041739036{background-image: url(https:\/\/www.panoramictaormina.it\/wp-content\/uploads\/2013\/09\/bg_bp-out.jpg?id=847) !important;background-position: center !important;background-repeat: no-repeat !important;background-size: cover !important;}&#8220;][vc_column][vc_row_inner equal_height=&#8220;yes&#8220; content_placement=&#8220;middle&#8220; el_class=&#8220;wrap&#8220; css=&#8220;.vc_custom_1460968117946{background-image: url(https:\/\/www.panoramictaormina.it\/wp-content\/uploads\/2016\/04\/IMG_8778_A.jpg?id=1075) !important;background-position: center !important;background-repeat: no-repeat !important;background-size: cover !important;}&#8220; el_id=&#8220;miglior-out&#8220;][vc_column_inner][vc_column_text el_class=&#8220;migliorprezzo&#8220;]\n<h3>Unsere<\/h3>\n<h2>Fotogalerie<\/h2>\n<h4><a href=\"https:\/\/www.panoramictaormina.it\/de\/fotogalerie\/\">Fotogalerie<\/a><\/h4>\n[\/vc_column_text][\/vc_column_inner][\/vc_row_inner][\/vc_column][\/vc_row][vc_row css=&#8220;.vc_custom_1460100683743{background-image: url(https:\/\/www.panoramictaormina.it\/wp-content\/uploads\/2013\/09\/bg_box-home.jpg?id=854) !important;background-position: center !important;background-repeat: no-repeat !important;background-size: cover !important;}&#8220; el_class=&#8220;box-home&#8220;][vc_column][vc_row_inner equal_height=&#8220;yes&#8220; el_class=&#8220;wrap&#8220;][vc_column_inner el_class=&#8220;overlay-box-home&#8220; width=&#8220;1\/2&#8243; css=&#8220;.vc_custom_1460105398867{background-image: url(https:\/\/www.panoramictaormina.it\/wp-content\/uploads\/2013\/09\/Senza-titolo-1.jpg?id=857) !important;background-position: center !important;background-repeat: no-repeat !important;background-size: cover !important;}&#8220;][vc_column_text el_class=&#8220;box-sx&#8220;]\n<h3>Vor<\/h3>\n<h2>Isola Bella<\/h2>\n<h4><a href=\"https:\/\/www.panoramictaormina.it\/de\/wo-wir-sind\/\">Lage<\/a><\/h4>\n[\/vc_column_text][\/vc_column_inner][vc_column_inner el_class=&#8220;overlay-box-home&#8220; width=&#8220;1\/2&#8243; css=&#8220;.vc_custom_1460105403771{background-image: url(https:\/\/www.panoramictaormina.it\/wp-content\/uploads\/2013\/09\/MG_0703.jpg?id=856) !important;background-position: center !important;background-repeat: no-repeat !important;background-size: cover !important;}&#8220;][vc_column_text el_class=&#8220;box-dx&#8220;]\n<h3>Alle<\/h3>\n<h2>Zimmer mit Aussicht<\/h2>\n<h4><a href=\"https:\/\/www.panoramictaormina.it\/de\/zimmer\/\">Zimmer<\/a><\/h4>\n[\/vc_column_text][\/vc_column_inner][\/vc_row_inner][\/vc_column][\/vc_row][vc_row css=&#8220;.vc_custom_1460107789527{padding-top: 30px !important;padding-bottom: 30px !important;background-image: url(https:\/\/www.panoramictaormina.it\/wp-content\/uploads\/2013\/09\/bg_offerte-home.jpg?id=858) !important;background-position: center !important;background-repeat: no-repeat !important;background-size: cover !important;}&#8220; el_class=&#8220;box-offerte&#8220;][vc_column][vc_column_text el_class=&#8220;wrap&#8220;]\n<h3>Nur f\u00fcr Sie<\/h3>\n<h2>Sonderangebote<\/h2>\n<div class=\"gallery-view\"><div class=\"offer-package-4\"><div style=\"position:relative; margin-left:auto; margin-right:auto; overflow:hidden; width:px;\"><a href=\"https:\/\/www.panoramictaormina.it\/de\/offers\/boat-tour\/\"><img loading=\"lazy\" decoding=\"async\" width=\"210\" height=\"210\" src=\"https:\/\/www.panoramictaormina.it\/wp-content\/uploads\/2016\/04\/sicily-329092-210x210.jpg\" class=\"size-thumbnail\" alt=\"\" srcset=\"https:\/\/www.panoramictaormina.it\/wp-content\/uploads\/2016\/04\/sicily-329092-210x210.jpg 210w, https:\/\/www.panoramictaormina.it\/wp-content\/uploads\/2016\/04\/sicily-329092-150x150.jpg 150w, https:\/\/www.panoramictaormina.it\/wp-content\/uploads\/2016\/04\/sicily-329092-32x32.jpg 32w, https:\/\/www.panoramictaormina.it\/wp-content\/uploads\/2016\/04\/sicily-329092-128x128.jpg 128w, https:\/\/www.panoramictaormina.it\/wp-content\/uploads\/2016\/04\/sicily-329092-268x268.jpg 268w, https:\/\/www.panoramictaormina.it\/wp-content\/uploads\/2016\/04\/sicily-329092-500x500.jpg 500w\" sizes=\"auto, (max-width: 210px) 100vw, 210px\" \/><\/a><div class=\"background-offer-gallery\"><img decoding=\"async\" src=\"https:\/\/www.panoramictaormina.it\/wp-content\/uploads\/2013\/09\/bkg-white704.png\" \/>   <div class=\"highlight-text-gallery\"><a href=\"https:\/\/www.panoramictaormina.it\/de\/offers\/boat-tour\/\">Paket<\/a><\/div><\/div><div class=\"background-tag-gallery\">\n                            <img decoding=\"async\" src=\"https:\/\/www.panoramictaormina.it\/wp-content\/uploads\/2013\/09\/package_icon.png\"><\/div><\/div><div class=\"original-price\"><\/div><div class=\"reducted-price\"><\/div><div class=\"clear\"><\/div><div class=\"offer_title\"><a href=\"https:\/\/www.panoramictaormina.it\/de\/offers\/boat-tour\/\">Boat Tour<\/a><\/div><div class=\"package-gallery\"><div><\/div><div><\/div><div><\/div><div><\/div><\/div><\/div><\/div>\n<h4><a href=\"https:\/\/www.panoramictaormina.it\/de\/sonderangebote\/\">Zur vollst\u00e4ndigen Liste gehen<\/a><\/h4>\n[\/vc_column_text][\/vc_column][\/vc_row]\n<\/div>","protected":false},"excerpt":{"rendered":"<p>[vc_row][vc_column][vc_empty_space][vc_column_text el_class=&#8220;introduzione&#8220;] Hotel Beschreibung [\/vc_column_text][\/vc_column][\/vc_row][vc_row el_class=&#8220;wrap txt-interno&#8220;][vc_column width=&#8220;1\/2&#8243;][vc_column_text]Das Panoramic Hotel ist ein elegantes und modernes Vier-Sterne-Hotel am Meer und bietet das ideale Ambiente f\u00fcr einen romantischen und charmanten Urlaub in der reizenden Stadt Taormina und am Meer von Sizilien. Die R\u00e4umlichkeiten des Panoramic Hotel sind neu, hell und behaglich. Unser freundliches Personal an der Rezeption [&hellip;]<\/p>\n","protected":false},"author":30,"featured_media":0,"parent":0,"menu_order":0,"comment_status":"closed","ping_status":"closed","template":"","meta":{"_genesis_hide_title":false,"_genesis_hide_breadcrumbs":false,"_genesis_hide_singular_image":false,"_genesis_hide_footer_widgets":false,"_genesis_custom_body_class":"","_genesis_custom_post_class":"","_genesis_layout":"","footnotes":""},"class_list":{"0":"post-1204","1":"page","2":"type-page","3":"status-publish","5":"entry"},"yoast_head":"<!-- This site is optimized with the Yoast SEO plugin v25.7 - https:\/\/yoast.com\/wordpress\/plugins\/seo\/ -->\n<title>Beschreibung - Panoramic Hotel<\/title>\n<meta name=\"description\" content=\"Modernes 4-Sterne-Hotel in Taormina hotel mit Panoramaaussicht auf die Isola Bella und Capo Taormina.\" \/>\n<meta name=\"robots\" content=\"index, follow, max-snippet:-1, max-image-preview:large, max-video-preview:-1\" \/>\n<link rel=\"canonical\" href=\"https:\/\/www.panoramictaormina.it\/de\/beschreibung\/\" \/>\n<meta property=\"og:locale\" content=\"de_DE\" \/>\n<meta property=\"og:type\" content=\"article\" \/>\n<meta property=\"og:title\" content=\"Beschreibung - Panoramic Hotel\" \/>\n<meta property=\"og:description\" content=\"Modernes 4-Sterne-Hotel in Taormina hotel mit Panoramaaussicht auf die Isola Bella und Capo Taormina.\" \/>\n<meta property=\"og:url\" content=\"https:\/\/www.panoramictaormina.it\/de\/beschreibung\/\" \/>\n<meta property=\"og:site_name\" content=\"Panoramic Hotel\" \/>\n<meta property=\"article:modified_time\" content=\"2019-08-25T10:11:57+00:00\" \/>\n<meta name=\"twitter:label1\" content=\"Gesch\u00e4tzte Lesezeit\" \/>\n\t<meta name=\"twitter:data1\" content=\"4\u00a0Minuten\" \/>\n<script type=\"application\/ld+json\" class=\"yoast-schema-graph\">{\"@context\":\"https:\/\/schema.org\",\"@graph\":[{\"@type\":\"WebPage\",\"@id\":\"https:\/\/www.panoramictaormina.it\/de\/beschreibung\/\",\"url\":\"https:\/\/www.panoramictaormina.it\/de\/beschreibung\/\",\"name\":\"Beschreibung - Panoramic Hotel\",\"isPartOf\":{\"@id\":\"https:\/\/www.panoramictaormina.it\/de\/#website\"},\"datePublished\":\"2016-04-27T08:15:00+00:00\",\"dateModified\":\"2019-08-25T10:11:57+00:00\",\"description\":\"Modernes 4-Sterne-Hotel in Taormina hotel mit Panoramaaussicht auf die Isola Bella und Capo Taormina.\",\"breadcrumb\":{\"@id\":\"https:\/\/www.panoramictaormina.it\/de\/beschreibung\/#breadcrumb\"},\"inLanguage\":\"de\",\"potentialAction\":[{\"@type\":\"ReadAction\",\"target\":[\"https:\/\/www.panoramictaormina.it\/de\/beschreibung\/\"]}]},{\"@type\":\"BreadcrumbList\",\"@id\":\"https:\/\/www.panoramictaormina.it\/de\/beschreibung\/#breadcrumb\",\"itemListElement\":[{\"@type\":\"ListItem\",\"position\":1,\"name\":\"Home\",\"item\":\"https:\/\/www.panoramictaormina.it\/de\/\"},{\"@type\":\"ListItem\",\"position\":2,\"name\":\"Beschreibung\"}]},{\"@type\":\"WebSite\",\"@id\":\"https:\/\/www.panoramictaormina.it\/de\/#website\",\"url\":\"https:\/\/www.panoramictaormina.it\/de\/\",\"name\":\"Panoramic Hotel\",\"description\":\"\",\"potentialAction\":[{\"@type\":\"SearchAction\",\"target\":{\"@type\":\"EntryPoint\",\"urlTemplate\":\"https:\/\/www.panoramictaormina.it\/de\/?s={search_term_string}\"},\"query-input\":{\"@type\":\"PropertyValueSpecification\",\"valueRequired\":true,\"valueName\":\"search_term_string\"}}],\"inLanguage\":\"de\"}]}<\/script>\n<!-- \/ Yoast SEO plugin. -->","yoast_head_json":{"title":"Beschreibung - Panoramic Hotel","description":"Modernes 4-Sterne-Hotel in Taormina hotel mit Panoramaaussicht auf die Isola Bella und Capo Taormina.","robots":{"index":"index","follow":"follow","max-snippet":"max-snippet:-1","max-image-preview":"max-image-preview:large","max-video-preview":"max-video-preview:-1"},"canonical":"https:\/\/www.panoramictaormina.it\/de\/beschreibung\/","og_locale":"de_DE","og_type":"article","og_title":"Beschreibung - Panoramic Hotel","og_description":"Modernes 4-Sterne-Hotel in Taormina hotel mit Panoramaaussicht auf die Isola Bella und Capo Taormina.","og_url":"https:\/\/www.panoramictaormina.it\/de\/beschreibung\/","og_site_name":"Panoramic Hotel","article_modified_time":"2019-08-25T10:11:57+00:00","twitter_misc":{"Gesch\u00e4tzte Lesezeit":"4\u00a0Minuten"},"schema":{"@context":"https:\/\/schema.org","@graph":[{"@type":"WebPage","@id":"https:\/\/www.panoramictaormina.it\/de\/beschreibung\/","url":"https:\/\/www.panoramictaormina.it\/de\/beschreibung\/","name":"Beschreibung - Panoramic Hotel","isPartOf":{"@id":"https:\/\/www.panoramictaormina.it\/de\/#website"},"datePublished":"2016-04-27T08:15:00+00:00","dateModified":"2019-08-25T10:11:57+00:00","description":"Modernes 4-Sterne-Hotel in Taormina hotel mit Panoramaaussicht auf die Isola Bella und Capo Taormina.","breadcrumb":{"@id":"https:\/\/www.panoramictaormina.it\/de\/beschreibung\/#breadcrumb"},"inLanguage":"de","potentialAction":[{"@type":"ReadAction","target":["https:\/\/www.panoramictaormina.it\/de\/beschreibung\/"]}]},{"@type":"BreadcrumbList","@id":"https:\/\/www.panoramictaormina.it\/de\/beschreibung\/#breadcrumb","itemListElement":[{"@type":"ListItem","position":1,"name":"Home","item":"https:\/\/www.panoramictaormina.it\/de\/"},{"@type":"ListItem","position":2,"name":"Beschreibung"}]},{"@type":"WebSite","@id":"https:\/\/www.panoramictaormina.it\/de\/#website","url":"https:\/\/www.panoramictaormina.it\/de\/","name":"Panoramic Hotel","description":"","potentialAction":[{"@type":"SearchAction","target":{"@type":"EntryPoint","urlTemplate":"https:\/\/www.panoramictaormina.it\/de\/?s={search_term_string}"},"query-input":{"@type":"PropertyValueSpecification","valueRequired":true,"valueName":"search_term_string"}}],"inLanguage":"de"}]}},"publishpress_future_action":{"enabled":false,"date":"2026-05-04 05:20:37","action":"change-status","newStatus":"draft","terms":[],"taxonomy":"translation_priority","extraData":[]},"publishpress_future_workflow_manual_trigger":{"enabledWorkflows":[]},"_links":{"self":[{"href":"https:\/\/www.panoramictaormina.it\/de\/wp-json\/wp\/v2\/pages\/1204","targetHints":{"allow":["GET"]}}],"collection":[{"href":"https:\/\/www.panoramictaormina.it\/de\/wp-json\/wp\/v2\/pages"}],"about":[{"href":"https:\/\/www.panoramictaormina.it\/de\/wp-json\/wp\/v2\/types\/page"}],"author":[{"embeddable":true,"href":"https:\/\/www.panoramictaormina.it\/de\/wp-json\/wp\/v2\/users\/30"}],"replies":[{"embeddable":true,"href":"https:\/\/www.panoramictaormina.it\/de\/wp-json\/wp\/v2\/comments?post=1204"}],"version-history":[{"count":5,"href":"https:\/\/www.panoramictaormina.it\/de\/wp-json\/wp\/v2\/pages\/1204\/revisions"}],"predecessor-version":[{"id":2392,"href":"https:\/\/www.panoramictaormina.it\/de\/wp-json\/wp\/v2\/pages\/1204\/revisions\/2392"}],"wp:attachment":[{"href":"https:\/\/www.panoramictaormina.it\/de\/wp-json\/wp\/v2\/media?parent=1204"}],"curies":[{"name":"wp","href":"https:\/\/api.w.org\/{rel}","templated":true}]}}