{"id":117,"date":"2013-09-03T15:09:50","date_gmt":"2013-09-03T15:09:50","guid":{"rendered":"https:\/\/www.panoramictaormina.it\/?page_id=117"},"modified":"2022-04-26T12:59:07","modified_gmt":"2022-04-26T12:59:07","slug":"home","status":"publish","type":"page","link":"https:\/\/www.panoramictaormina.it\/de\/","title":{"rendered":"Home"},"content":{"rendered":"<div class=\"wpb-content-wrapper\">[vc_row el_class=&#8220;payoff&#8220;][vc_column][vc_column_text]\n<h3>Hotel mit Aussicht auf die Isola Bella<\/h3>\n<h2>Right here, right now<\/h2>\n<h4><a href=\"https:\/\/www.panoramictaormina.it\/de\/wo-wir-sind\/\">Mehr lesen<\/a><\/h4>\n[\/vc_column_text][\/vc_column][\/vc_row][vc_row el_class=&#8220;biancogrigio&#8220;][vc_column]<div class=\" uavc-icons-center uavc-icons \">\n<div class=\"aio-icon  \" data-animation=\"\" data-animation-delay=\"03\" style=\"color:#7b89a4;font-size:15px;margin-right:5px;\">\n\t<i class=\"Defaults-star\"><\/i>\n<\/div>\n<div class=\"aio-icon  \" data-animation=\"\" data-animation-delay=\"03\" style=\"color:#7b89a4;font-size:15px;margin-right:5px;\">\n\t<i class=\"Defaults-star\"><\/i>\n<\/div>\n<div class=\"aio-icon  \" data-animation=\"\" data-animation-delay=\"03\" style=\"color:#7b89a4;font-size:15px;margin-right:5px;\">\n\t<i class=\"Defaults-star\"><\/i>\n<\/div>\n<div class=\"aio-icon  \" data-animation=\"\" data-animation-delay=\"03\" style=\"color:#7b89a4;font-size:15px;margin-right:5px;\">\n\t<i class=\"Defaults-star\"><\/i>\n<\/div><\/div>[vc_column_text el_class=&#8220;introduzione&#8220;]\n<h1>Panoramic Hotel Taormina<\/h1>\n<p>Wir begr\u00fc\u00dfen Sie in Taormina, direkt am Meer, in der eleganten und h\u00f6flichen Atmosph\u00e4re, die typisch f\u00fcr Sizilien ist.<br \/>\nIhr Zimmer hat eine Aussicht auf das Meer und auf dem Dach des Hotels erwartet Sie unser Panoramapool.<br \/>\nDer Strand ist nur wenige Schritte, das historische Zentrum von Taormina ist f\u00fcnf Minuten vom Hotel entfernt.<br \/>\nDer Parkplatz f\u00fcr Ihr Auto befindet sich direkt neben dem Hotel.<br \/>\nJetzt m\u00fcssen Sie nur noch reservieren![\/vc_column_text][\/vc_column][\/vc_row][vc_row full_width=&#8220;stretch_row_content_no_spaces&#8220; equal_height=&#8220;yes&#8220; css=&#8220;.vc_custom_1460041739036{background-image: url(https:\/\/www.panoramictaormina.it\/wp-content\/uploads\/2013\/09\/bg_bp-out.jpg?id=847) !important;background-position: center !important;background-repeat: no-repeat !important;background-size: cover !important;}&#8220;][vc_column][vc_row_inner equal_height=&#8220;yes&#8220; content_placement=&#8220;middle&#8220; el_class=&#8220;wrap&#8220; css=&#8220;.vc_custom_1650977271411{background-image: url(https:\/\/www.panoramictaormina.it\/wp-content\/uploads\/2022\/04\/Screenshot_20220426_131354.jpg?id=2463) !important;background-position: center !important;background-repeat: no-repeat !important;background-size: cover !important;}&#8220; el_id=&#8220;miglior-out&#8220;][vc_column_inner][vc_column_text el_class=&#8220;migliorprezzo&#8220;]\n<h3>Warum Sie sich f\u00fcr uns entscheiden sollten<\/h3>\n<h2>Bestpreisgaratie<\/h2>\n<p>Reservieren Sie direkt und sichern Sie sich die Bestpreisgarantie.<\/p>\n<h4 class=\"reservations_desktop\"><a href=\"https:\/\/hotelpanoramichotel.beddy.io?lang=de\">Reservieren<\/a><\/h4>\n<h4 class=\"reservations_mobile\"><a href=\"https:\/\/hotelpanoramichotel.beddy.io?lang=de\" target=\"blank\" rel=\"noopener noreferrer\">Reservieren<\/a><\/h4>\n[\/vc_column_text][\/vc_column_inner][\/vc_row_inner][\/vc_column][\/vc_row][vc_row css=&#8220;.vc_custom_1460100683743{background-image: url(https:\/\/www.panoramictaormina.it\/wp-content\/uploads\/2013\/09\/bg_box-home.jpg?id=854) !important;background-position: center !important;background-repeat: no-repeat !important;background-size: cover !important;}&#8220; el_class=&#8220;box-home&#8220;][vc_column][vc_row_inner equal_height=&#8220;yes&#8220; el_class=&#8220;wrap&#8220;][vc_column_inner el_class=&#8220;overlay-box-home&#8220; width=&#8220;1\/2&#8243; css=&#8220;.vc_custom_1460105398867{background-image: url(https:\/\/www.panoramictaormina.it\/wp-content\/uploads\/2013\/09\/Senza-titolo-1.jpg?id=857) !important;background-position: center !important;background-repeat: no-repeat !important;background-size: cover !important;}&#8220;][vc_column_text el_class=&#8220;box-sx&#8220;]\n<h3>Vor<\/h3>\n<h2>Isola Bella<\/h2>\n<h4><a href=\"https:\/\/www.panoramictaormina.it\/de\/wo-wir-sind\/\">Lage<\/a><\/h4>\n[\/vc_column_text][\/vc_column_inner][vc_column_inner el_class=&#8220;overlay-box-home&#8220; width=&#8220;1\/2&#8243; css=&#8220;.vc_custom_1460105403771{background-image: url(https:\/\/www.panoramictaormina.it\/wp-content\/uploads\/2013\/09\/MG_0703.jpg?id=856) !important;background-position: center !important;background-repeat: no-repeat !important;background-size: cover !important;}&#8220;][vc_column_text el_class=&#8220;box-dx&#8220;]\n<h3>Alle<\/h3>\n<h2>Zimmer mit Aussicht<\/h2>\n<h4><a href=\"https:\/\/www.panoramictaormina.it\/de\/zimmer\/\">Zimmer<\/a><\/h4>\n[\/vc_column_text][\/vc_column_inner][\/vc_row_inner][\/vc_column][\/vc_row][vc_row css=&#8220;.vc_custom_1460107789527{padding-top: 30px !important;padding-bottom: 30px !important;background-image: url(https:\/\/www.panoramictaormina.it\/wp-content\/uploads\/2013\/09\/bg_offerte-home.jpg?id=858) !important;background-position: center !important;background-repeat: no-repeat !important;background-size: cover !important;}&#8220; el_class=&#8220;box-offerte&#8220;][vc_column][vc_column_text el_class=&#8220;wrap&#8220;]\n<h3>Nur f\u00fcr Sie<\/h3>\n<h2>Sonderangebote<\/h2>\n<div class=\"gallery-view\"><div class=\"offer-package-4\"><div style=\"position:relative; margin-left:auto; margin-right:auto; overflow:hidden; width:px;\"><a href=\"https:\/\/www.panoramictaormina.it\/de\/offers\/boat-tour\/\"><img loading=\"lazy\" decoding=\"async\" width=\"210\" height=\"210\" src=\"https:\/\/www.panoramictaormina.it\/wp-content\/uploads\/2016\/04\/sicily-329092-210x210.jpg\" class=\"size-thumbnail\" alt=\"\" srcset=\"https:\/\/www.panoramictaormina.it\/wp-content\/uploads\/2016\/04\/sicily-329092-210x210.jpg 210w, https:\/\/www.panoramictaormina.it\/wp-content\/uploads\/2016\/04\/sicily-329092-150x150.jpg 150w, https:\/\/www.panoramictaormina.it\/wp-content\/uploads\/2016\/04\/sicily-329092-32x32.jpg 32w, https:\/\/www.panoramictaormina.it\/wp-content\/uploads\/2016\/04\/sicily-329092-128x128.jpg 128w, https:\/\/www.panoramictaormina.it\/wp-content\/uploads\/2016\/04\/sicily-329092-268x268.jpg 268w, https:\/\/www.panoramictaormina.it\/wp-content\/uploads\/2016\/04\/sicily-329092-500x500.jpg 500w\" sizes=\"auto, (max-width: 210px) 100vw, 210px\" \/><\/a><div class=\"background-offer-gallery\"><img decoding=\"async\" src=\"https:\/\/www.panoramictaormina.it\/wp-content\/uploads\/2013\/09\/bkg-white704.png\" \/>   <div class=\"highlight-text-gallery\"><a href=\"https:\/\/www.panoramictaormina.it\/de\/offers\/boat-tour\/\">Paket<\/a><\/div><\/div><div class=\"background-tag-gallery\">\n                            <img decoding=\"async\" src=\"https:\/\/www.panoramictaormina.it\/wp-content\/uploads\/2013\/09\/package_icon.png\"><\/div><\/div><div class=\"original-price\"><\/div><div class=\"reducted-price\"><\/div><div class=\"clear\"><\/div><div class=\"offer_title\"><a href=\"https:\/\/www.panoramictaormina.it\/de\/offers\/boat-tour\/\">Boat Tour<\/a><\/div><div class=\"package-gallery\"><div><\/div><div><\/div><div><\/div><div><\/div><\/div><\/div><\/div>\n<h4><a href=\"https:\/\/www.panoramictaormina.it\/de\/sonderangebote\/\">Zur vollst\u00e4ndigen Liste gehen<\/a><\/h4>\n[\/vc_column_text][\/vc_column][\/vc_row]\n<\/div>","protected":false},"excerpt":{"rendered":"<p>[vc_row el_class=&#8220;payoff&#8220;][vc_column][vc_column_text] Hotel mit Aussicht auf die Isola Bella Right here, right now Mehr lesen [\/vc_column_text][\/vc_column][\/vc_row][vc_row el_class=&#8220;biancogrigio&#8220;][vc_column][vc_column_text el_class=&#8220;introduzione&#8220;] Panoramic Hotel Taormina Wir begr\u00fc\u00dfen Sie in Taormina, direkt am Meer, in der eleganten und h\u00f6flichen Atmosph\u00e4re, die typisch f\u00fcr Sizilien ist. Ihr Zimmer hat eine Aussicht auf das Meer und auf dem Dach des Hotels erwartet [&hellip;]<\/p>\n","protected":false},"author":30,"featured_media":0,"parent":0,"menu_order":0,"comment_status":"open","ping_status":"closed","template":"","meta":{"_genesis_hide_title":false,"_genesis_hide_breadcrumbs":false,"_genesis_hide_singular_image":false,"_genesis_hide_footer_widgets":false,"_genesis_custom_body_class":"","_genesis_custom_post_class":"","_genesis_layout":"","footnotes":""},"class_list":{"0":"post-117","1":"page","2":"type-page","3":"status-publish","5":"entry"},"yoast_head":"<!-- This site is optimized with the Yoast SEO plugin v25.7 - https:\/\/yoast.com\/wordpress\/plugins\/seo\/ -->\n<title>Hotels Taormina Hotel Panoramic Taormina Offizielle Seite<\/title>\n<meta name=\"description\" content=\"Modernes 4-Sterne-Hotel in Taormina hotel mit Panoramaaussicht auf die Isola Bella und Capo Taormina.\" \/>\n<meta name=\"robots\" content=\"index, follow, max-snippet:-1, max-image-preview:large, max-video-preview:-1\" \/>\n<link rel=\"canonical\" href=\"https:\/\/www.panoramictaormina.it\/de\/\" \/>\n<meta property=\"og:locale\" content=\"de_DE\" \/>\n<meta property=\"og:type\" content=\"article\" \/>\n<meta property=\"og:title\" content=\"Hotels Taormina Hotel Panoramic Taormina Offizielle Seite\" \/>\n<meta property=\"og:description\" content=\"Modernes 4-Sterne-Hotel in Taormina hotel mit Panoramaaussicht auf die Isola Bella und Capo Taormina.\" \/>\n<meta property=\"og:url\" content=\"https:\/\/www.panoramictaormina.it\/de\/\" \/>\n<meta property=\"og:site_name\" content=\"Panoramic Hotel\" \/>\n<meta property=\"article:modified_time\" content=\"2022-04-26T12:59:07+00:00\" \/>\n<meta name=\"twitter:label1\" content=\"Gesch\u00e4tzte Lesezeit\" \/>\n\t<meta name=\"twitter:data1\" content=\"3\u00a0Minuten\" \/>\n<script type=\"application\/ld+json\" class=\"yoast-schema-graph\">{\"@context\":\"https:\/\/schema.org\",\"@graph\":[{\"@type\":\"WebPage\",\"@id\":\"https:\/\/www.panoramictaormina.it\/de\/\",\"url\":\"https:\/\/www.panoramictaormina.it\/de\/\",\"name\":\"Hotels Taormina Hotel Panoramic Taormina Offizielle Seite\",\"isPartOf\":{\"@id\":\"https:\/\/www.panoramictaormina.it\/de\/#website\"},\"datePublished\":\"2013-09-03T15:09:50+00:00\",\"dateModified\":\"2022-04-26T12:59:07+00:00\",\"description\":\"Modernes 4-Sterne-Hotel in Taormina hotel mit Panoramaaussicht auf die Isola Bella und Capo Taormina.\",\"breadcrumb\":{\"@id\":\"https:\/\/www.panoramictaormina.it\/de\/#breadcrumb\"},\"inLanguage\":\"de\",\"potentialAction\":[{\"@type\":\"ReadAction\",\"target\":[\"https:\/\/www.panoramictaormina.it\/de\/\"]}]},{\"@type\":\"BreadcrumbList\",\"@id\":\"https:\/\/www.panoramictaormina.it\/de\/#breadcrumb\",\"itemListElement\":[{\"@type\":\"ListItem\",\"position\":1,\"name\":\"Home\",\"item\":\"https:\/\/www.panoramictaormina.it\/de\/\"},{\"@type\":\"ListItem\",\"position\":2,\"name\":\"Home\"}]},{\"@type\":\"WebSite\",\"@id\":\"https:\/\/www.panoramictaormina.it\/de\/#website\",\"url\":\"https:\/\/www.panoramictaormina.it\/de\/\",\"name\":\"Panoramic Hotel\",\"description\":\"\",\"potentialAction\":[{\"@type\":\"SearchAction\",\"target\":{\"@type\":\"EntryPoint\",\"urlTemplate\":\"https:\/\/www.panoramictaormina.it\/de\/?s={search_term_string}\"},\"query-input\":{\"@type\":\"PropertyValueSpecification\",\"valueRequired\":true,\"valueName\":\"search_term_string\"}}],\"inLanguage\":\"de\"}]}<\/script>\n<!-- \/ Yoast SEO plugin. -->","yoast_head_json":{"title":"Hotels Taormina Hotel Panoramic Taormina Offizielle Seite","description":"Modernes 4-Sterne-Hotel in Taormina hotel mit Panoramaaussicht auf die Isola Bella und Capo Taormina.","robots":{"index":"index","follow":"follow","max-snippet":"max-snippet:-1","max-image-preview":"max-image-preview:large","max-video-preview":"max-video-preview:-1"},"canonical":"https:\/\/www.panoramictaormina.it\/de\/","og_locale":"de_DE","og_type":"article","og_title":"Hotels Taormina Hotel Panoramic Taormina Offizielle Seite","og_description":"Modernes 4-Sterne-Hotel in Taormina hotel mit Panoramaaussicht auf die Isola Bella und Capo Taormina.","og_url":"https:\/\/www.panoramictaormina.it\/de\/","og_site_name":"Panoramic Hotel","article_modified_time":"2022-04-26T12:59:07+00:00","twitter_misc":{"Gesch\u00e4tzte Lesezeit":"3\u00a0Minuten"},"schema":{"@context":"https:\/\/schema.org","@graph":[{"@type":"WebPage","@id":"https:\/\/www.panoramictaormina.it\/de\/","url":"https:\/\/www.panoramictaormina.it\/de\/","name":"Hotels Taormina Hotel Panoramic Taormina Offizielle Seite","isPartOf":{"@id":"https:\/\/www.panoramictaormina.it\/de\/#website"},"datePublished":"2013-09-03T15:09:50+00:00","dateModified":"2022-04-26T12:59:07+00:00","description":"Modernes 4-Sterne-Hotel in Taormina hotel mit Panoramaaussicht auf die Isola Bella und Capo Taormina.","breadcrumb":{"@id":"https:\/\/www.panoramictaormina.it\/de\/#breadcrumb"},"inLanguage":"de","potentialAction":[{"@type":"ReadAction","target":["https:\/\/www.panoramictaormina.it\/de\/"]}]},{"@type":"BreadcrumbList","@id":"https:\/\/www.panoramictaormina.it\/de\/#breadcrumb","itemListElement":[{"@type":"ListItem","position":1,"name":"Home","item":"https:\/\/www.panoramictaormina.it\/de\/"},{"@type":"ListItem","position":2,"name":"Home"}]},{"@type":"WebSite","@id":"https:\/\/www.panoramictaormina.it\/de\/#website","url":"https:\/\/www.panoramictaormina.it\/de\/","name":"Panoramic Hotel","description":"","potentialAction":[{"@type":"SearchAction","target":{"@type":"EntryPoint","urlTemplate":"https:\/\/www.panoramictaormina.it\/de\/?s={search_term_string}"},"query-input":{"@type":"PropertyValueSpecification","valueRequired":true,"valueName":"search_term_string"}}],"inLanguage":"de"}]}},"publishpress_future_action":{"enabled":false,"date":"2026-04-18 12:28:01","action":"change-status","newStatus":"draft","terms":[],"taxonomy":"translation_priority","extraData":[]},"publishpress_future_workflow_manual_trigger":{"enabledWorkflows":[]},"_links":{"self":[{"href":"https:\/\/www.panoramictaormina.it\/de\/wp-json\/wp\/v2\/pages\/117","targetHints":{"allow":["GET"]}}],"collection":[{"href":"https:\/\/www.panoramictaormina.it\/de\/wp-json\/wp\/v2\/pages"}],"about":[{"href":"https:\/\/www.panoramictaormina.it\/de\/wp-json\/wp\/v2\/types\/page"}],"author":[{"embeddable":true,"href":"https:\/\/www.panoramictaormina.it\/de\/wp-json\/wp\/v2\/users\/30"}],"replies":[{"embeddable":true,"href":"https:\/\/www.panoramictaormina.it\/de\/wp-json\/wp\/v2\/comments?post=117"}],"version-history":[{"count":9,"href":"https:\/\/www.panoramictaormina.it\/de\/wp-json\/wp\/v2\/pages\/117\/revisions"}],"predecessor-version":[{"id":2471,"href":"https:\/\/www.panoramictaormina.it\/de\/wp-json\/wp\/v2\/pages\/117\/revisions\/2471"}],"wp:attachment":[{"href":"https:\/\/www.panoramictaormina.it\/de\/wp-json\/wp\/v2\/media?parent=117"}],"curies":[{"name":"wp","href":"https:\/\/api.w.org\/{rel}","templated":true}]}}